{"id":2366,"date":"2010-07-14T00:00:00","date_gmt":"2010-07-14T03:00:00","guid":{"rendered":"http:\/\/ajupe.com.uy\/web\/?post_type=product&#038;p=2366"},"modified":"2011-09-06T18:21:36","modified_gmt":"2011-09-06T21:21:36","slug":"dueno-de-mi-corazon","status":"publish","type":"product","link":"https:\/\/ajupe.com.uy\/web\/biblioteca\/dueno-de-mi-corazon\/","title":{"rendered":"Due\u00f1o de mi Coraz\u00f3n"},"content":{"rendered":"<p>Aimery de Gaillard es un hombre con el coraz\u00f3n partido en dos: por un lado, mantiene el juramento hecho al duque de Normand\u00eda, ahora monarca de Inglaterra, pero por otro defiende a los campesinos ingleses de las injusticias de sus nuevos se\u00f1ores. Vive en un continuo peligro, pero sus verdaderos problemas empiezan el d\u00eda en que conoce a una mujer hermosa e ind\u00f3mita como no ha visto otra. Su pasi\u00f3n se torna ira cuando descubre que ella es, a los ojos del pueblo oprimido, una normanda tan despiadada y cruel como los dem\u00e1s invasores. Aimery entabla una lucha entre su irrefrenable deseo y su causa por la libertad, mientras el amor y el odio se confunden en una obsesi\u00f3n m\u00e1s peligrosa que el filo de una espada.<\/p>\n","protected":false},"excerpt":{"rendered":"<p>Aimery de Gaillard es un hombre con el coraz\u00f3n partido en dos: por un lado, mantiene el juramento hecho al duque de Normand\u00eda, ahora monarca de Inglaterra, pero por otro defiende a los campesinos ingleses de las injusticias de sus nuevos se\u00f1ores. Vive en<\/p>\n","protected":false},"featured_media":2367,"template":"","meta":[],"product_brand":[976],"product_cat":[38],"product_tag":[],"class_list":{"0":"post-2366","1":"product","2":"type-product","3":"status-publish","4":"has-post-thumbnail","6":"product_brand-jo-beverley","7":"product_cat-amor","9":"first","10":"instock","11":"purchasable","12":"product-type-simple"},"featured_image_urls_v2":{"full":["https:\/\/ajupe.com.uy\/web\/wp-content\/uploads\/2016\/04\/p-2366-7772.jpg",313,441,false],"thumbnail":["https:\/\/ajupe.com.uy\/web\/wp-content\/uploads\/2016\/04\/p-2366-7772.jpg",150,150,true],"medium":["https:\/\/ajupe.com.uy\/web\/wp-content\/uploads\/2016\/04\/p-2366-7772.jpg",300,214,true],"medium_large":["https:\/\/ajupe.com.uy\/web\/wp-content\/uploads\/2016\/04\/p-2366-7772.jpg",313,441,false],"large":["https:\/\/ajupe.com.uy\/web\/wp-content\/uploads\/2016\/04\/p-2366-7772.jpg",313,441,false],"1536x1536":["https:\/\/ajupe.com.uy\/web\/wp-content\/uploads\/2016\/04\/p-2366-7772.jpg",313,441,false],"2048x2048":["https:\/\/ajupe.com.uy\/web\/wp-content\/uploads\/2016\/04\/p-2366-7772.jpg",313,441,false],"woocommerce_archive_thumbnail":["https:\/\/ajupe.com.uy\/web\/wp-content\/uploads\/2016\/04\/p-2366-7772-300x441.jpg",300,441,true],"woocommerce_thumbnail":["https:\/\/ajupe.com.uy\/web\/wp-content\/uploads\/2016\/04\/p-2366-7772-300x300.jpg",300,300,true],"woocommerce_single":["https:\/\/ajupe.com.uy\/web\/wp-content\/uploads\/2016\/04\/p-2366-7772-300x423.jpg",300,423,true],"woocommerce_gallery_thumbnail":["https:\/\/ajupe.com.uy\/web\/wp-content\/uploads\/2016\/04\/p-2366-7772-100x100.jpg",100,100,true]},"post_excerpt_stackable_v2":"<p>Aimery de Gaillard es un hombre con el coraz\u00f3n partido en dos: por un lado, mantiene el juramento hecho al duque de Normand\u00eda, ahora monarca de Inglaterra, pero por otro defiende a los campesinos ingleses de las injusticias de sus nuevos se\u00f1ores. Vive en<\/p>\n","category_list_v2":"","author_info_v2":{"name":"","url":""},"comments_num_v2":"0 comentarios","_links":{"self":[{"href":"https:\/\/ajupe.com.uy\/web\/wp-json\/wp\/v2\/product\/2366","targetHints":{"allow":["GET"]}}],"collection":[{"href":"https:\/\/ajupe.com.uy\/web\/wp-json\/wp\/v2\/product"}],"about":[{"href":"https:\/\/ajupe.com.uy\/web\/wp-json\/wp\/v2\/types\/product"}],"wp:featuredmedia":[{"embeddable":true,"href":"https:\/\/ajupe.com.uy\/web\/wp-json\/wp\/v2\/media\/2367"}],"wp:attachment":[{"href":"https:\/\/ajupe.com.uy\/web\/wp-json\/wp\/v2\/media?parent=2366"}],"wp:term":[{"taxonomy":"product_brand","embeddable":true,"href":"https:\/\/ajupe.com.uy\/web\/wp-json\/wp\/v2\/product_brand?post=2366"},{"taxonomy":"product_cat","embeddable":true,"href":"https:\/\/ajupe.com.uy\/web\/wp-json\/wp\/v2\/product_cat?post=2366"},{"taxonomy":"product_tag","embeddable":true,"href":"https:\/\/ajupe.com.uy\/web\/wp-json\/wp\/v2\/product_tag?post=2366"}],"curies":[{"name":"wp","href":"https:\/\/api.w.org\/{rel}","templated":true}]}}