{"id":2368,"date":"2010-07-14T00:00:00","date_gmt":"2010-07-14T03:00:00","guid":{"rendered":"http:\/\/ajupe.com.uy\/web\/?post_type=product&#038;p=2368"},"modified":"2010-07-14T00:00:00","modified_gmt":"2010-07-14T03:00:00","slug":"el-poeta","status":"publish","type":"product","link":"https:\/\/ajupe.com.uy\/web\/biblioteca\/el-poeta\/","title":{"rendered":"El Poeta"},"content":{"rendered":"<p>La vida de Jack McEvoy, un periodista especializado en cr\u00edmenes atroces, sufre un vuelco cuando muere su hermano, un polic\u00eda del Departamento de Homicidios. McEvoy decide seguir el rastro de diferentes polic\u00edas que, como su hermano, presuntamente se suicidaron y dejaron una nota de despedida con una cita de Edgar Allan Poe. En realidad todo apunta a que murieron a manos de un asesino en serie capaz de burlar a los mejores investigadores.<\/p>\n","protected":false},"excerpt":{"rendered":"<p>La vida de Jack McEvoy, un periodista especializado en cr\u00edmenes atroces, sufre un vuelco cuando muere su hermano, un polic\u00eda del Departamento de Homicidios. McEvoy decide seguir el rastro de diferentes polic\u00edas que, como su hermano, presuntamente se suici<\/p>\n","protected":false},"featured_media":2369,"template":"","meta":[],"product_brand":[384],"product_cat":[40],"product_tag":[],"class_list":{"0":"post-2368","1":"product","2":"type-product","3":"status-publish","4":"has-post-thumbnail","6":"product_brand-michael-connelly","7":"product_cat-policial","9":"first","10":"instock","11":"purchasable","12":"product-type-simple"},"featured_image_urls_v2":{"full":["https:\/\/ajupe.com.uy\/web\/wp-content\/uploads\/2016\/04\/p-2368-7774.jpg",311,465,false],"thumbnail":["https:\/\/ajupe.com.uy\/web\/wp-content\/uploads\/2016\/04\/p-2368-7774.jpg",150,150,true],"medium":["https:\/\/ajupe.com.uy\/web\/wp-content\/uploads\/2016\/04\/p-2368-7774.jpg",300,214,true],"medium_large":["https:\/\/ajupe.com.uy\/web\/wp-content\/uploads\/2016\/04\/p-2368-7774.jpg",311,465,false],"large":["https:\/\/ajupe.com.uy\/web\/wp-content\/uploads\/2016\/04\/p-2368-7774.jpg",311,465,false],"1536x1536":["https:\/\/ajupe.com.uy\/web\/wp-content\/uploads\/2016\/04\/p-2368-7774.jpg",311,465,false],"2048x2048":["https:\/\/ajupe.com.uy\/web\/wp-content\/uploads\/2016\/04\/p-2368-7774.jpg",311,465,false],"woocommerce_archive_thumbnail":["https:\/\/ajupe.com.uy\/web\/wp-content\/uploads\/2016\/04\/p-2368-7774-300x450.jpg",300,450,true],"woocommerce_thumbnail":["https:\/\/ajupe.com.uy\/web\/wp-content\/uploads\/2016\/04\/p-2368-7774-300x300.jpg",300,300,true],"woocommerce_single":["https:\/\/ajupe.com.uy\/web\/wp-content\/uploads\/2016\/04\/p-2368-7774-300x449.jpg",300,449,true],"woocommerce_gallery_thumbnail":["https:\/\/ajupe.com.uy\/web\/wp-content\/uploads\/2016\/04\/p-2368-7774-100x100.jpg",100,100,true]},"post_excerpt_stackable_v2":"<p>La vida de Jack McEvoy, un periodista especializado en cr\u00edmenes atroces, sufre un vuelco cuando muere su hermano, un polic\u00eda del Departamento de Homicidios. McEvoy decide seguir el rastro de diferentes polic\u00edas que, como su hermano, presuntamente se suici<\/p>\n","category_list_v2":"","author_info_v2":{"name":"","url":""},"comments_num_v2":"0 comentarios","_links":{"self":[{"href":"https:\/\/ajupe.com.uy\/web\/wp-json\/wp\/v2\/product\/2368","targetHints":{"allow":["GET"]}}],"collection":[{"href":"https:\/\/ajupe.com.uy\/web\/wp-json\/wp\/v2\/product"}],"about":[{"href":"https:\/\/ajupe.com.uy\/web\/wp-json\/wp\/v2\/types\/product"}],"wp:featuredmedia":[{"embeddable":true,"href":"https:\/\/ajupe.com.uy\/web\/wp-json\/wp\/v2\/media\/2369"}],"wp:attachment":[{"href":"https:\/\/ajupe.com.uy\/web\/wp-json\/wp\/v2\/media?parent=2368"}],"wp:term":[{"taxonomy":"product_brand","embeddable":true,"href":"https:\/\/ajupe.com.uy\/web\/wp-json\/wp\/v2\/product_brand?post=2368"},{"taxonomy":"product_cat","embeddable":true,"href":"https:\/\/ajupe.com.uy\/web\/wp-json\/wp\/v2\/product_cat?post=2368"},{"taxonomy":"product_tag","embeddable":true,"href":"https:\/\/ajupe.com.uy\/web\/wp-json\/wp\/v2\/product_tag?post=2368"}],"curies":[{"name":"wp","href":"https:\/\/api.w.org\/{rel}","templated":true}]}}