{"id":2370,"date":"2010-07-14T00:00:00","date_gmt":"2010-07-14T03:00:00","guid":{"rendered":"http:\/\/ajupe.com.uy\/web\/?post_type=product&#038;p=2370"},"modified":"2010-07-14T00:00:00","modified_gmt":"2010-07-14T03:00:00","slug":"despues-del-anochecer","status":"publish","type":"product","link":"https:\/\/ajupe.com.uy\/web\/biblioteca\/despues-del-anochecer\/","title":{"rendered":"Despu\u00e9s del anochecer"},"content":{"rendered":"<p>Una colecci\u00f3n de trece relatos impactantes y escalofriantes. En su primer libro de cuentos desde Todo es eventual, Stephen King nos lleva por mundos fascinantes y terribles donde todo puede ocurrir. Misterios sin resolver, asesinatos y venganzas, accidentes y muertos que creen estar vivos, horribles experimentos farmac\u00e9uticos, una mujer que no para de correr para olvidar, una ni\u00f1a que cura enfermedades terminales&#8230; Con excepci\u00f3n de \u00abEl gato del infierno\u00bb, escrita en los a\u00f1os setenta, King escribi\u00f3 estos relatos despu\u00e9s de su famoso roce con la muerte, y la cr\u00edtica los ha calificado como los mejores.<\/p>\n","protected":false},"excerpt":{"rendered":"<p>Una colecci\u00f3n de trece relatos impactantes y escalofriantes. En su primer libro de cuentos desde Todo es eventual, Stephen King nos lleva por mundos fascinantes y terribles donde todo puede ocurrir. Misterios sin resolver, asesinatos y venganzas, accident<\/p>\n","protected":false},"featured_media":2371,"template":"","meta":[],"product_brand":[115],"product_cat":[41],"product_tag":[],"class_list":{"0":"post-2370","1":"product","2":"type-product","3":"status-publish","4":"has-post-thumbnail","6":"product_brand-stephen-king","7":"product_cat-terror","9":"first","10":"instock","11":"purchasable","12":"product-type-simple"},"featured_image_urls_v2":{"full":["https:\/\/ajupe.com.uy\/web\/wp-content\/uploads\/2016\/04\/p-2370-7775.jpg",244,361,false],"thumbnail":["https:\/\/ajupe.com.uy\/web\/wp-content\/uploads\/2016\/04\/p-2370-7775.jpg",150,150,true],"medium":["https:\/\/ajupe.com.uy\/web\/wp-content\/uploads\/2016\/04\/p-2370-7775.jpg",300,214,true],"medium_large":["https:\/\/ajupe.com.uy\/web\/wp-content\/uploads\/2016\/04\/p-2370-7775.jpg",244,361,false],"large":["https:\/\/ajupe.com.uy\/web\/wp-content\/uploads\/2016\/04\/p-2370-7775.jpg",244,361,false],"1536x1536":["https:\/\/ajupe.com.uy\/web\/wp-content\/uploads\/2016\/04\/p-2370-7775.jpg",244,361,false],"2048x2048":["https:\/\/ajupe.com.uy\/web\/wp-content\/uploads\/2016\/04\/p-2370-7775.jpg",244,361,false],"woocommerce_archive_thumbnail":["https:\/\/ajupe.com.uy\/web\/wp-content\/uploads\/2016\/04\/p-2370-7775-244x300.jpg",244,300,true],"woocommerce_thumbnail":["https:\/\/ajupe.com.uy\/web\/wp-content\/uploads\/2016\/04\/p-2370-7775-244x300.jpg",244,300,true],"woocommerce_single":["https:\/\/ajupe.com.uy\/web\/wp-content\/uploads\/2016\/04\/p-2370-7775.jpg",244,361,false],"woocommerce_gallery_thumbnail":["https:\/\/ajupe.com.uy\/web\/wp-content\/uploads\/2016\/04\/p-2370-7775-100x100.jpg",100,100,true]},"post_excerpt_stackable_v2":"<p>Una colecci\u00f3n de trece relatos impactantes y escalofriantes. En su primer libro de cuentos desde Todo es eventual, Stephen King nos lleva por mundos fascinantes y terribles donde todo puede ocurrir. Misterios sin resolver, asesinatos y venganzas, accident<\/p>\n","category_list_v2":"","author_info_v2":{"name":"","url":""},"comments_num_v2":"0 comentarios","_links":{"self":[{"href":"https:\/\/ajupe.com.uy\/web\/wp-json\/wp\/v2\/product\/2370","targetHints":{"allow":["GET"]}}],"collection":[{"href":"https:\/\/ajupe.com.uy\/web\/wp-json\/wp\/v2\/product"}],"about":[{"href":"https:\/\/ajupe.com.uy\/web\/wp-json\/wp\/v2\/types\/product"}],"wp:featuredmedia":[{"embeddable":true,"href":"https:\/\/ajupe.com.uy\/web\/wp-json\/wp\/v2\/media\/2371"}],"wp:attachment":[{"href":"https:\/\/ajupe.com.uy\/web\/wp-json\/wp\/v2\/media?parent=2370"}],"wp:term":[{"taxonomy":"product_brand","embeddable":true,"href":"https:\/\/ajupe.com.uy\/web\/wp-json\/wp\/v2\/product_brand?post=2370"},{"taxonomy":"product_cat","embeddable":true,"href":"https:\/\/ajupe.com.uy\/web\/wp-json\/wp\/v2\/product_cat?post=2370"},{"taxonomy":"product_tag","embeddable":true,"href":"https:\/\/ajupe.com.uy\/web\/wp-json\/wp\/v2\/product_tag?post=2370"}],"curies":[{"name":"wp","href":"https:\/\/api.w.org\/{rel}","templated":true}]}}