{"id":2376,"date":"2010-07-14T00:00:00","date_gmt":"2010-07-14T03:00:00","guid":{"rendered":"http:\/\/ajupe.com.uy\/web\/?post_type=product&#038;p=2376"},"modified":"2010-07-14T00:00:00","modified_gmt":"2010-07-14T03:00:00","slug":"retrato-en-sangre","status":"publish","type":"product","link":"https:\/\/ajupe.com.uy\/web\/biblioteca\/retrato-en-sangre\/","title":{"rendered":"Retrato en Sangre"},"content":{"rendered":"<p>Un hombre, una mujer, un coche, una c\u00e1mara&#8230; No es un viaje normal, pues \u00e9l se dedica a secuestrar, matar y, despu\u00e9s fotografias a sus v\u00edctimas, ella, a escribir sobre lo ocurrido con veracidad, pues sabe que luego su captor lo revisar\u00e1 todo&#8230; Tanto la detective Mercedes Barren como el psquiatra Mart\u00edn Jeffers, especialista en delitos sexuales, tienen motivos de sobra para perseguir al peligroso psic\u00f3pata.<\/p>\n","protected":false},"excerpt":{"rendered":"<p>Un hombre, una mujer, un coche, una c\u00e1mara&#8230; No es un viaje normal, pues \u00e9l se dedica a secuestrar, matar y, despu\u00e9s fotografias a sus v\u00edctimas, ella, a escribir sobre lo ocurrido con veracidad, pues sabe que luego su captor lo revisar\u00e1 todo&#8230; Tanto la <\/p>\n","protected":false},"featured_media":2377,"template":"","meta":[],"product_brand":[445],"product_cat":[40],"product_tag":[],"class_list":{"0":"post-2376","1":"product","2":"type-product","3":"status-publish","4":"has-post-thumbnail","6":"product_brand-john-katzenbach","7":"product_cat-policial","9":"first","10":"instock","11":"purchasable","12":"product-type-simple"},"featured_image_urls_v2":{"full":["https:\/\/ajupe.com.uy\/web\/wp-content\/uploads\/2016\/04\/p-2376-7778.jpg",364,589,false],"thumbnail":["https:\/\/ajupe.com.uy\/web\/wp-content\/uploads\/2016\/04\/p-2376-7778.jpg",150,150,true],"medium":["https:\/\/ajupe.com.uy\/web\/wp-content\/uploads\/2016\/04\/p-2376-7778.jpg",300,214,true],"medium_large":["https:\/\/ajupe.com.uy\/web\/wp-content\/uploads\/2016\/04\/p-2376-7778.jpg",364,589,false],"large":["https:\/\/ajupe.com.uy\/web\/wp-content\/uploads\/2016\/04\/p-2376-7778.jpg",364,589,false],"1536x1536":["https:\/\/ajupe.com.uy\/web\/wp-content\/uploads\/2016\/04\/p-2376-7778.jpg",364,589,false],"2048x2048":["https:\/\/ajupe.com.uy\/web\/wp-content\/uploads\/2016\/04\/p-2376-7778.jpg",364,589,false],"woocommerce_archive_thumbnail":["https:\/\/ajupe.com.uy\/web\/wp-content\/uploads\/2016\/04\/p-2376-7778-300x450.jpg",300,450,true],"woocommerce_thumbnail":["https:\/\/ajupe.com.uy\/web\/wp-content\/uploads\/2016\/04\/p-2376-7778-300x300.jpg",300,300,true],"woocommerce_single":["https:\/\/ajupe.com.uy\/web\/wp-content\/uploads\/2016\/04\/p-2376-7778-300x485.jpg",300,485,true],"woocommerce_gallery_thumbnail":["https:\/\/ajupe.com.uy\/web\/wp-content\/uploads\/2016\/04\/p-2376-7778-100x100.jpg",100,100,true]},"post_excerpt_stackable_v2":"<p>Un hombre, una mujer, un coche, una c\u00e1mara&#8230; No es un viaje normal, pues \u00e9l se dedica a secuestrar, matar y, despu\u00e9s fotografias a sus v\u00edctimas, ella, a escribir sobre lo ocurrido con veracidad, pues sabe que luego su captor lo revisar\u00e1 todo&#8230; Tanto la <\/p>\n","category_list_v2":"","author_info_v2":{"name":"","url":""},"comments_num_v2":"0 comentarios","_links":{"self":[{"href":"https:\/\/ajupe.com.uy\/web\/wp-json\/wp\/v2\/product\/2376","targetHints":{"allow":["GET"]}}],"collection":[{"href":"https:\/\/ajupe.com.uy\/web\/wp-json\/wp\/v2\/product"}],"about":[{"href":"https:\/\/ajupe.com.uy\/web\/wp-json\/wp\/v2\/types\/product"}],"wp:featuredmedia":[{"embeddable":true,"href":"https:\/\/ajupe.com.uy\/web\/wp-json\/wp\/v2\/media\/2377"}],"wp:attachment":[{"href":"https:\/\/ajupe.com.uy\/web\/wp-json\/wp\/v2\/media?parent=2376"}],"wp:term":[{"taxonomy":"product_brand","embeddable":true,"href":"https:\/\/ajupe.com.uy\/web\/wp-json\/wp\/v2\/product_brand?post=2376"},{"taxonomy":"product_cat","embeddable":true,"href":"https:\/\/ajupe.com.uy\/web\/wp-json\/wp\/v2\/product_cat?post=2376"},{"taxonomy":"product_tag","embeddable":true,"href":"https:\/\/ajupe.com.uy\/web\/wp-json\/wp\/v2\/product_tag?post=2376"}],"curies":[{"name":"wp","href":"https:\/\/api.w.org\/{rel}","templated":true}]}}