{"id":2382,"date":"2010-07-14T00:00:00","date_gmt":"2010-07-14T03:00:00","guid":{"rendered":"http:\/\/ajupe.com.uy\/web\/?post_type=product&#038;p=2382"},"modified":"2010-07-14T00:00:00","modified_gmt":"2010-07-14T03:00:00","slug":"los-idus-de-marzo","status":"publish","type":"product","link":"https:\/\/ajupe.com.uy\/web\/biblioteca\/los-idus-de-marzo\/","title":{"rendered":"Los Idus de Marzo"},"content":{"rendered":"<p>La novela del escritor italiano aborda los \u00faltimos ocho d\u00edas de la vida del Dictador. Ocho d\u00edas fren\u00e9ticos surcados por profec\u00edas etruscas, conspiraciones, Cleopatras, Cicerones, Brutos, Calpurnias, Octavios y Antonios. Pasa la sombra de Shakespeare pero pasa sobre todo el compromiso que tiene Manfredi con esa antig\u00fcedad que conoce como pocos y con el esp\u00edritu de Julio C\u00e9sar. Idus de marzo es tambi\u00e9n una carrera contra el tiempo, una conjura del escritor y sus lectores, esos entusiastas de imposibles, para salvar a Julio C\u00e8sar, una trama conjunta para impedir el asesinato del hombre que es sin\u00f3nimo de Roma, de historia, de guerra, de pasi\u00f3n y compasi\u00f3n, de inteligencia y de mito. Una parad\u00f3jica resurrecci\u00f3n del esp\u00edritu del h\u00e9roe a trav\u00e9s de la narraci\u00f3n de su muerte.<\/p>\n","protected":false},"excerpt":{"rendered":"<p>La novela del escritor italiano aborda los \u00faltimos ocho d\u00edas de la vida del Dictador. Ocho d\u00edas fren\u00e9ticos surcados por profec\u00edas etruscas, conspiraciones, Cleopatras, Cicerones, Brutos, Calpurnias, Octavios y Antonios. Pasa la sombra de Shakespeare pero <\/p>\n","protected":false},"featured_media":2383,"template":"","meta":[],"product_brand":[335],"product_cat":[31],"product_tag":[],"class_list":{"0":"post-2382","1":"product","2":"type-product","3":"status-publish","4":"has-post-thumbnail","6":"product_brand-valerio-massimo-manfredi","7":"product_cat-historico","9":"first","10":"instock","11":"purchasable","12":"product-type-simple"},"featured_image_urls_v2":{"full":["https:\/\/ajupe.com.uy\/web\/wp-content\/uploads\/2016\/04\/p-2382-7784.jpg",253,400,false],"thumbnail":["https:\/\/ajupe.com.uy\/web\/wp-content\/uploads\/2016\/04\/p-2382-7784.jpg",150,150,true],"medium":["https:\/\/ajupe.com.uy\/web\/wp-content\/uploads\/2016\/04\/p-2382-7784.jpg",300,214,true],"medium_large":["https:\/\/ajupe.com.uy\/web\/wp-content\/uploads\/2016\/04\/p-2382-7784.jpg",253,400,false],"large":["https:\/\/ajupe.com.uy\/web\/wp-content\/uploads\/2016\/04\/p-2382-7784.jpg",253,400,false],"1536x1536":["https:\/\/ajupe.com.uy\/web\/wp-content\/uploads\/2016\/04\/p-2382-7784.jpg",253,400,false],"2048x2048":["https:\/\/ajupe.com.uy\/web\/wp-content\/uploads\/2016\/04\/p-2382-7784.jpg",253,400,false],"woocommerce_archive_thumbnail":["https:\/\/ajupe.com.uy\/web\/wp-content\/uploads\/2016\/04\/p-2382-7784-253x300.jpg",253,300,true],"woocommerce_thumbnail":["https:\/\/ajupe.com.uy\/web\/wp-content\/uploads\/2016\/04\/p-2382-7784-253x300.jpg",253,300,true],"woocommerce_single":["https:\/\/ajupe.com.uy\/web\/wp-content\/uploads\/2016\/04\/p-2382-7784.jpg",253,400,false],"woocommerce_gallery_thumbnail":["https:\/\/ajupe.com.uy\/web\/wp-content\/uploads\/2016\/04\/p-2382-7784-100x100.jpg",100,100,true]},"post_excerpt_stackable_v2":"<p>La novela del escritor italiano aborda los \u00faltimos ocho d\u00edas de la vida del Dictador. Ocho d\u00edas fren\u00e9ticos surcados por profec\u00edas etruscas, conspiraciones, Cleopatras, Cicerones, Brutos, Calpurnias, Octavios y Antonios. Pasa la sombra de Shakespeare pero <\/p>\n","category_list_v2":"","author_info_v2":{"name":"","url":""},"comments_num_v2":"0 comentarios","_links":{"self":[{"href":"https:\/\/ajupe.com.uy\/web\/wp-json\/wp\/v2\/product\/2382","targetHints":{"allow":["GET"]}}],"collection":[{"href":"https:\/\/ajupe.com.uy\/web\/wp-json\/wp\/v2\/product"}],"about":[{"href":"https:\/\/ajupe.com.uy\/web\/wp-json\/wp\/v2\/types\/product"}],"wp:featuredmedia":[{"embeddable":true,"href":"https:\/\/ajupe.com.uy\/web\/wp-json\/wp\/v2\/media\/2383"}],"wp:attachment":[{"href":"https:\/\/ajupe.com.uy\/web\/wp-json\/wp\/v2\/media?parent=2382"}],"wp:term":[{"taxonomy":"product_brand","embeddable":true,"href":"https:\/\/ajupe.com.uy\/web\/wp-json\/wp\/v2\/product_brand?post=2382"},{"taxonomy":"product_cat","embeddable":true,"href":"https:\/\/ajupe.com.uy\/web\/wp-json\/wp\/v2\/product_cat?post=2382"},{"taxonomy":"product_tag","embeddable":true,"href":"https:\/\/ajupe.com.uy\/web\/wp-json\/wp\/v2\/product_tag?post=2382"}],"curies":[{"name":"wp","href":"https:\/\/api.w.org\/{rel}","templated":true}]}}