{"id":2384,"date":"2010-07-14T00:00:00","date_gmt":"2010-07-14T03:00:00","guid":{"rendered":"http:\/\/ajupe.com.uy\/web\/?post_type=product&#038;p=2384"},"modified":"2012-06-27T20:48:31","modified_gmt":"2012-06-27T23:48:31","slug":"legitima-defensa","status":"publish","type":"product","link":"https:\/\/ajupe.com.uy\/web\/biblioteca\/legitima-defensa\/","title":{"rendered":"Leg\u00edtima Defensa"},"content":{"rendered":"<p>Rude Baylor, estudiante de Derecho, afronta su primer caso representando a una pareja cuyo hijo se est\u00e1 muriendo de leucemia. En su lucha contra la poderosa compa\u00f1\u00eda de seguros, que se niega a costear el tratamiento de la enfermedad, Baylor descubrir\u00e1 uno de los fraudes m\u00e1s importantes de la historia judicial de Estados Unidos.<\/p>\n","protected":false},"excerpt":{"rendered":"<p>Rude Baylor, estudiante de Derecho, afronta su primer caso representando a una pareja cuyo hijo se est\u00e1 muriendo de leucemia. En su lucha contra la poderosa compa\u00f1\u00eda de seguros, que se niega a costear el tratamiento de la enfermedad, Baylor descubrir\u00e1 uno<\/p>\n","protected":false},"featured_media":2385,"template":"","meta":[],"product_brand":[77],"product_cat":[29],"product_tag":[],"class_list":{"0":"post-2384","1":"product","2":"type-product","3":"status-publish","4":"has-post-thumbnail","6":"product_brand-john-grisham","7":"product_cat-novela","9":"first","10":"instock","11":"purchasable","12":"product-type-simple"},"featured_image_urls_v2":{"full":["https:\/\/ajupe.com.uy\/web\/wp-content\/uploads\/2016\/04\/p-2384-7785.jpg",250,377,false],"thumbnail":["https:\/\/ajupe.com.uy\/web\/wp-content\/uploads\/2016\/04\/p-2384-7785.jpg",150,150,true],"medium":["https:\/\/ajupe.com.uy\/web\/wp-content\/uploads\/2016\/04\/p-2384-7785.jpg",300,214,true],"medium_large":["https:\/\/ajupe.com.uy\/web\/wp-content\/uploads\/2016\/04\/p-2384-7785.jpg",250,377,false],"large":["https:\/\/ajupe.com.uy\/web\/wp-content\/uploads\/2016\/04\/p-2384-7785.jpg",250,377,false],"1536x1536":["https:\/\/ajupe.com.uy\/web\/wp-content\/uploads\/2016\/04\/p-2384-7785.jpg",250,377,false],"2048x2048":["https:\/\/ajupe.com.uy\/web\/wp-content\/uploads\/2016\/04\/p-2384-7785.jpg",250,377,false],"woocommerce_archive_thumbnail":["https:\/\/ajupe.com.uy\/web\/wp-content\/uploads\/2016\/04\/p-2384-7785-250x300.jpg",250,300,true],"woocommerce_thumbnail":["https:\/\/ajupe.com.uy\/web\/wp-content\/uploads\/2016\/04\/p-2384-7785-250x300.jpg",250,300,true],"woocommerce_single":["https:\/\/ajupe.com.uy\/web\/wp-content\/uploads\/2016\/04\/p-2384-7785.jpg",250,377,false],"woocommerce_gallery_thumbnail":["https:\/\/ajupe.com.uy\/web\/wp-content\/uploads\/2016\/04\/p-2384-7785-100x100.jpg",100,100,true]},"post_excerpt_stackable_v2":"<p>Rude Baylor, estudiante de Derecho, afronta su primer caso representando a una pareja cuyo hijo se est\u00e1 muriendo de leucemia. En su lucha contra la poderosa compa\u00f1\u00eda de seguros, que se niega a costear el tratamiento de la enfermedad, Baylor descubrir\u00e1 uno<\/p>\n","category_list_v2":"","author_info_v2":{"name":"","url":""},"comments_num_v2":"0 comentarios","_links":{"self":[{"href":"https:\/\/ajupe.com.uy\/web\/wp-json\/wp\/v2\/product\/2384","targetHints":{"allow":["GET"]}}],"collection":[{"href":"https:\/\/ajupe.com.uy\/web\/wp-json\/wp\/v2\/product"}],"about":[{"href":"https:\/\/ajupe.com.uy\/web\/wp-json\/wp\/v2\/types\/product"}],"wp:featuredmedia":[{"embeddable":true,"href":"https:\/\/ajupe.com.uy\/web\/wp-json\/wp\/v2\/media\/2385"}],"wp:attachment":[{"href":"https:\/\/ajupe.com.uy\/web\/wp-json\/wp\/v2\/media?parent=2384"}],"wp:term":[{"taxonomy":"product_brand","embeddable":true,"href":"https:\/\/ajupe.com.uy\/web\/wp-json\/wp\/v2\/product_brand?post=2384"},{"taxonomy":"product_cat","embeddable":true,"href":"https:\/\/ajupe.com.uy\/web\/wp-json\/wp\/v2\/product_cat?post=2384"},{"taxonomy":"product_tag","embeddable":true,"href":"https:\/\/ajupe.com.uy\/web\/wp-json\/wp\/v2\/product_tag?post=2384"}],"curies":[{"name":"wp","href":"https:\/\/api.w.org\/{rel}","templated":true}]}}