{"id":2388,"date":"2010-07-14T00:00:00","date_gmt":"2010-07-14T03:00:00","guid":{"rendered":"http:\/\/ajupe.com.uy\/web\/?post_type=product&#038;p=2388"},"modified":"2011-08-22T21:28:23","modified_gmt":"2011-08-23T00:28:23","slug":"el-simbolo-perdido","status":"publish","type":"product","link":"https:\/\/ajupe.com.uy\/web\/biblioteca\/el-simbolo-perdido\/","title":{"rendered":"El S\u00edmbolo Perdido"},"content":{"rendered":"<p>\u00bfExiste un secreto tan poderoso que, de salir a la luz, sea capaz de cambiar el mundo? Washington. El experto en simbolog\u00eda Robert Langdon es convocado inesperadamente por Peter Solomon, mas\u00f3n, fil\u00e1ntropo y su antiguo mentor, para dar una conferencia en el Capitolio. Pero el secuestro de Peter y el hallazgo de una mano tatuada con cinco enigm\u00e1ticos s\u00edmbolos cambian dr\u00e1sticamente el curso de los acontecimientos. Atrapado entre las exigencias de una mente perturbada y la investigaci\u00f3n oficial, Langdon se ve inmerso en un mundo clandestino de secretos mas\u00f3nicos, historia oculta y escenarios nunca antes vistos, que parecen arrastrarlo hacia una sencilla pero inconcebible verdad.<\/p>\n","protected":false},"excerpt":{"rendered":"<p>\u00bfExiste un secreto tan poderoso que, de salir a la luz, sea capaz de cambiar el mundo? Washington. El experto en simbolog\u00eda Robert Langdon es convocado inesperadamente por Peter Solomon, mas\u00f3n, fil\u00e1ntropo y su antiguo mentor, para dar una conferencia en e<\/p>\n","protected":false},"featured_media":2389,"template":"","meta":[],"product_brand":[382],"product_cat":[30],"product_tag":[],"class_list":{"0":"post-2388","1":"product","2":"type-product","3":"status-publish","4":"has-post-thumbnail","6":"product_brand-dan-brown","7":"product_cat-suspenso","9":"first","10":"instock","11":"purchasable","12":"product-type-simple"},"featured_image_urls_v2":{"full":["https:\/\/ajupe.com.uy\/web\/wp-content\/uploads\/2016\/04\/p-2388-7787.jpg",248,373,false],"thumbnail":["https:\/\/ajupe.com.uy\/web\/wp-content\/uploads\/2016\/04\/p-2388-7787.jpg",150,150,true],"medium":["https:\/\/ajupe.com.uy\/web\/wp-content\/uploads\/2016\/04\/p-2388-7787.jpg",300,214,true],"medium_large":["https:\/\/ajupe.com.uy\/web\/wp-content\/uploads\/2016\/04\/p-2388-7787.jpg",248,373,false],"large":["https:\/\/ajupe.com.uy\/web\/wp-content\/uploads\/2016\/04\/p-2388-7787.jpg",248,373,false],"1536x1536":["https:\/\/ajupe.com.uy\/web\/wp-content\/uploads\/2016\/04\/p-2388-7787.jpg",248,373,false],"2048x2048":["https:\/\/ajupe.com.uy\/web\/wp-content\/uploads\/2016\/04\/p-2388-7787.jpg",248,373,false],"woocommerce_archive_thumbnail":["https:\/\/ajupe.com.uy\/web\/wp-content\/uploads\/2016\/04\/p-2388-7787-248x300.jpg",248,300,true],"woocommerce_thumbnail":["https:\/\/ajupe.com.uy\/web\/wp-content\/uploads\/2016\/04\/p-2388-7787-248x300.jpg",248,300,true],"woocommerce_single":["https:\/\/ajupe.com.uy\/web\/wp-content\/uploads\/2016\/04\/p-2388-7787.jpg",248,373,false],"woocommerce_gallery_thumbnail":["https:\/\/ajupe.com.uy\/web\/wp-content\/uploads\/2016\/04\/p-2388-7787-100x100.jpg",100,100,true]},"post_excerpt_stackable_v2":"<p>\u00bfExiste un secreto tan poderoso que, de salir a la luz, sea capaz de cambiar el mundo? Washington. El experto en simbolog\u00eda Robert Langdon es convocado inesperadamente por Peter Solomon, mas\u00f3n, fil\u00e1ntropo y su antiguo mentor, para dar una conferencia en e<\/p>\n","category_list_v2":"","author_info_v2":{"name":"","url":""},"comments_num_v2":"0 comentarios","_links":{"self":[{"href":"https:\/\/ajupe.com.uy\/web\/wp-json\/wp\/v2\/product\/2388","targetHints":{"allow":["GET"]}}],"collection":[{"href":"https:\/\/ajupe.com.uy\/web\/wp-json\/wp\/v2\/product"}],"about":[{"href":"https:\/\/ajupe.com.uy\/web\/wp-json\/wp\/v2\/types\/product"}],"wp:featuredmedia":[{"embeddable":true,"href":"https:\/\/ajupe.com.uy\/web\/wp-json\/wp\/v2\/media\/2389"}],"wp:attachment":[{"href":"https:\/\/ajupe.com.uy\/web\/wp-json\/wp\/v2\/media?parent=2388"}],"wp:term":[{"taxonomy":"product_brand","embeddable":true,"href":"https:\/\/ajupe.com.uy\/web\/wp-json\/wp\/v2\/product_brand?post=2388"},{"taxonomy":"product_cat","embeddable":true,"href":"https:\/\/ajupe.com.uy\/web\/wp-json\/wp\/v2\/product_cat?post=2388"},{"taxonomy":"product_tag","embeddable":true,"href":"https:\/\/ajupe.com.uy\/web\/wp-json\/wp\/v2\/product_tag?post=2388"}],"curies":[{"name":"wp","href":"https:\/\/api.w.org\/{rel}","templated":true}]}}