{"id":2392,"date":"2010-07-14T00:00:00","date_gmt":"2010-07-14T03:00:00","guid":{"rendered":"http:\/\/ajupe.com.uy\/web\/?post_type=product&#038;p=2392"},"modified":"2011-09-15T22:08:09","modified_gmt":"2011-09-16T01:08:09","slug":"por-los-tiempos-de-francisco-piria-2","status":"publish","type":"product","link":"https:\/\/ajupe.com.uy\/web\/biblioteca\/por-los-tiempos-de-francisco-piria-2\/","title":{"rendered":"Por Los Tiempos De Francisco Piria"},"content":{"rendered":"<p>Cuando las olas de los temporales aniquilaban toda huella humana en las arenas del \u00abPuerto del Ingl\u00e9s\u00bb, la soledad volv\u00eda a ser la gran protagonista de aquel rinc\u00f3n agreste y alejado de los caminos reales. As\u00ed, fue tratado de \u00abloco\u00bb por sus contempor\u00e1neos el hombre que en 1890 fund\u00f3 all\u00ed el \u00abEstablecimiento Agron\u00f3mico\u00bb \u2013y enseguida tambi\u00e9n \u00abTur\u00edstico\u00bb \u2013 Piri\u00e1polis. El triunfo de ese emprendimiento \u2013que le otorg\u00f3 al Uruguay el privilegio de contar en 1930 con el Hotel m\u00e1s importante de Sudam\u00e9rica- por s\u00ed solo ameritar\u00eda la investigaci\u00f3n hist\u00f3rica. Adentrarse en \u00e9sta supone, adem\u00e1s, aproximarse al conocimiento de la curiosa y controvertida personalidad de Francisco Piria, quien, generalmente marchando a contramano de los usos y costumbres de su \u00e9poca, entre otras realizaciones fue fundador de setenta barrios montevideanos y de un estilo propagand\u00edstico que a\u00fan asombra por su audacia. Agudo pensador, si bien err\u00f3 en pronosticar un \u00absocialismo triunfante\u00bb de futuro \u2013por lo menos hasta ahora- acert\u00f3 de pleno al imaginar la importancia moderna de la industria tur\u00edstica.<\/p>\n","protected":false},"excerpt":{"rendered":"<p>Cuando las olas de los temporales aniquilaban toda huella humana en las arenas del \u00abPuerto del Ingl\u00e9s\u00bb, la soledad volv\u00eda a ser la gran protagonista de aquel rinc\u00f3n agreste y alejado de los caminos reales. As\u00ed, fue tratado de \u00abloco\u00bb po<\/p>\n","protected":false},"featured_media":2393,"template":"","meta":[],"product_brand":[463],"product_cat":[45],"product_tag":[],"class_list":{"0":"post-2392","1":"product","2":"type-product","3":"status-publish","4":"has-post-thumbnail","6":"product_brand-luis-martinez-cherro","7":"product_cat-uruguayo","9":"first","10":"instock","11":"purchasable","12":"product-type-simple"},"featured_image_urls_v2":{"full":["https:\/\/ajupe.com.uy\/web\/wp-content\/uploads\/2016\/04\/p-2392-7791.jpg",239,334,false],"thumbnail":["https:\/\/ajupe.com.uy\/web\/wp-content\/uploads\/2016\/04\/p-2392-7791.jpg",150,150,true],"medium":["https:\/\/ajupe.com.uy\/web\/wp-content\/uploads\/2016\/04\/p-2392-7791.jpg",300,214,true],"medium_large":["https:\/\/ajupe.com.uy\/web\/wp-content\/uploads\/2016\/04\/p-2392-7791.jpg",239,334,false],"large":["https:\/\/ajupe.com.uy\/web\/wp-content\/uploads\/2016\/04\/p-2392-7791.jpg",239,334,false],"1536x1536":["https:\/\/ajupe.com.uy\/web\/wp-content\/uploads\/2016\/04\/p-2392-7791.jpg",239,334,false],"2048x2048":["https:\/\/ajupe.com.uy\/web\/wp-content\/uploads\/2016\/04\/p-2392-7791.jpg",239,334,false],"woocommerce_archive_thumbnail":["https:\/\/ajupe.com.uy\/web\/wp-content\/uploads\/2016\/04\/p-2392-7791-239x300.jpg",239,300,true],"woocommerce_thumbnail":["https:\/\/ajupe.com.uy\/web\/wp-content\/uploads\/2016\/04\/p-2392-7791-239x300.jpg",239,300,true],"woocommerce_single":["https:\/\/ajupe.com.uy\/web\/wp-content\/uploads\/2016\/04\/p-2392-7791.jpg",239,334,false],"woocommerce_gallery_thumbnail":["https:\/\/ajupe.com.uy\/web\/wp-content\/uploads\/2016\/04\/p-2392-7791-100x100.jpg",100,100,true]},"post_excerpt_stackable_v2":"<p>Cuando las olas de los temporales aniquilaban toda huella humana en las arenas del \u00abPuerto del Ingl\u00e9s\u00bb, la soledad volv\u00eda a ser la gran protagonista de aquel rinc\u00f3n agreste y alejado de los caminos reales. As\u00ed, fue tratado de \u00abloco\u00bb po<\/p>\n","category_list_v2":"","author_info_v2":{"name":"","url":""},"comments_num_v2":"0 comentarios","_links":{"self":[{"href":"https:\/\/ajupe.com.uy\/web\/wp-json\/wp\/v2\/product\/2392","targetHints":{"allow":["GET"]}}],"collection":[{"href":"https:\/\/ajupe.com.uy\/web\/wp-json\/wp\/v2\/product"}],"about":[{"href":"https:\/\/ajupe.com.uy\/web\/wp-json\/wp\/v2\/types\/product"}],"wp:featuredmedia":[{"embeddable":true,"href":"https:\/\/ajupe.com.uy\/web\/wp-json\/wp\/v2\/media\/2393"}],"wp:attachment":[{"href":"https:\/\/ajupe.com.uy\/web\/wp-json\/wp\/v2\/media?parent=2392"}],"wp:term":[{"taxonomy":"product_brand","embeddable":true,"href":"https:\/\/ajupe.com.uy\/web\/wp-json\/wp\/v2\/product_brand?post=2392"},{"taxonomy":"product_cat","embeddable":true,"href":"https:\/\/ajupe.com.uy\/web\/wp-json\/wp\/v2\/product_cat?post=2392"},{"taxonomy":"product_tag","embeddable":true,"href":"https:\/\/ajupe.com.uy\/web\/wp-json\/wp\/v2\/product_tag?post=2392"}],"curies":[{"name":"wp","href":"https:\/\/api.w.org\/{rel}","templated":true}]}}