{"id":2394,"date":"2010-07-14T00:00:00","date_gmt":"2010-07-14T03:00:00","guid":{"rendered":"http:\/\/ajupe.com.uy\/web\/?post_type=product&#038;p=2394"},"modified":"2011-09-05T17:10:56","modified_gmt":"2011-09-05T20:10:56","slug":"lo-ruhama","status":"publish","type":"product","link":"https:\/\/ajupe.com.uy\/web\/biblioteca\/lo-ruhama\/","title":{"rendered":"Lo-Ruhama"},"content":{"rendered":"<p>De nuevo, peque\u00f1as concesiones a la seducci\u00f3n de una vida que se le quiere presentar como libertad, abundancia y disfrute la llevan a abrir, t\u00edmida pero inexorablemente, una puerta que ya deber\u00eda conocer. As\u00ed, lo que en principio podr\u00eda excusarse como un desliz muestra su verdadero rostro: el primer paso de un camino sin retorno, una bien lubricada rampa cuesta abajo, lenta al principio, vertiginosa muy pronto. \u00bfQui\u00e9n la rescatar\u00e1 cuando se le caiga la m\u00e1scara a ese prometedor estilo de vida? \u00bfQui\u00e9n dar\u00e1 nada por una piltrafa humana que lo ha perdido todo, f\u00edsica, moral y espiritualmente? Lo-ruhama, \u00abno compadecida\u00bb es el nombre que Oseas decide para su primera hija. Pero la ni\u00f1a no es la protagonista de la historia. Lo es su nombre: se acab\u00f3 la misericordia, ya no hay compasi\u00f3n. S\u00f3lo cabe esperar el juicio de Dios. Pero, \u00bfcu\u00e1l es la terrible y cruel venganza de Dios? Algo sorprendente. Esta es la historia de los padres de Lo-ruhama, pero no s\u00f3lo de ellos.<\/p>\n","protected":false},"excerpt":{"rendered":"<p>De nuevo, peque\u00f1as concesiones a la seducci\u00f3n de una vida que se le quiere presentar como libertad, abundancia y disfrute la llevan a abrir, t\u00edmida pero inexorablemente, una puerta que ya deber\u00eda conocer. As\u00ed, lo que en principio podr\u00eda excusarse como un<\/p>\n","protected":false},"featured_media":2395,"template":"","meta":[],"product_brand":[978],"product_cat":[34],"product_tag":[],"class_list":{"0":"post-2394","1":"product","2":"type-product","3":"status-publish","4":"has-post-thumbnail","6":"product_brand-cesar-vidal","7":"product_cat-otros","9":"first","10":"instock","11":"purchasable","12":"product-type-simple"},"featured_image_urls_v2":{"full":["https:\/\/ajupe.com.uy\/web\/wp-content\/uploads\/2016\/04\/p-2394-7792.jpg",274,415,false],"thumbnail":["https:\/\/ajupe.com.uy\/web\/wp-content\/uploads\/2016\/04\/p-2394-7792.jpg",150,150,true],"medium":["https:\/\/ajupe.com.uy\/web\/wp-content\/uploads\/2016\/04\/p-2394-7792.jpg",300,214,true],"medium_large":["https:\/\/ajupe.com.uy\/web\/wp-content\/uploads\/2016\/04\/p-2394-7792.jpg",274,415,false],"large":["https:\/\/ajupe.com.uy\/web\/wp-content\/uploads\/2016\/04\/p-2394-7792.jpg",274,415,false],"1536x1536":["https:\/\/ajupe.com.uy\/web\/wp-content\/uploads\/2016\/04\/p-2394-7792.jpg",274,415,false],"2048x2048":["https:\/\/ajupe.com.uy\/web\/wp-content\/uploads\/2016\/04\/p-2394-7792.jpg",274,415,false],"woocommerce_archive_thumbnail":["https:\/\/ajupe.com.uy\/web\/wp-content\/uploads\/2016\/04\/p-2394-7792-274x400.jpg",274,400,true],"woocommerce_thumbnail":["https:\/\/ajupe.com.uy\/web\/wp-content\/uploads\/2016\/04\/p-2394-7792-274x300.jpg",274,300,true],"woocommerce_single":["https:\/\/ajupe.com.uy\/web\/wp-content\/uploads\/2016\/04\/p-2394-7792.jpg",274,415,false],"woocommerce_gallery_thumbnail":["https:\/\/ajupe.com.uy\/web\/wp-content\/uploads\/2016\/04\/p-2394-7792-100x100.jpg",100,100,true]},"post_excerpt_stackable_v2":"<p>De nuevo, peque\u00f1as concesiones a la seducci\u00f3n de una vida que se le quiere presentar como libertad, abundancia y disfrute la llevan a abrir, t\u00edmida pero inexorablemente, una puerta que ya deber\u00eda conocer. As\u00ed, lo que en principio podr\u00eda excusarse como un<\/p>\n","category_list_v2":"","author_info_v2":{"name":"","url":""},"comments_num_v2":"0 comentarios","_links":{"self":[{"href":"https:\/\/ajupe.com.uy\/web\/wp-json\/wp\/v2\/product\/2394","targetHints":{"allow":["GET"]}}],"collection":[{"href":"https:\/\/ajupe.com.uy\/web\/wp-json\/wp\/v2\/product"}],"about":[{"href":"https:\/\/ajupe.com.uy\/web\/wp-json\/wp\/v2\/types\/product"}],"wp:featuredmedia":[{"embeddable":true,"href":"https:\/\/ajupe.com.uy\/web\/wp-json\/wp\/v2\/media\/2395"}],"wp:attachment":[{"href":"https:\/\/ajupe.com.uy\/web\/wp-json\/wp\/v2\/media?parent=2394"}],"wp:term":[{"taxonomy":"product_brand","embeddable":true,"href":"https:\/\/ajupe.com.uy\/web\/wp-json\/wp\/v2\/product_brand?post=2394"},{"taxonomy":"product_cat","embeddable":true,"href":"https:\/\/ajupe.com.uy\/web\/wp-json\/wp\/v2\/product_cat?post=2394"},{"taxonomy":"product_tag","embeddable":true,"href":"https:\/\/ajupe.com.uy\/web\/wp-json\/wp\/v2\/product_tag?post=2394"}],"curies":[{"name":"wp","href":"https:\/\/api.w.org\/{rel}","templated":true}]}}