{"id":2398,"date":"2010-07-14T00:00:00","date_gmt":"2010-07-14T03:00:00","guid":{"rendered":"http:\/\/ajupe.com.uy\/web\/?post_type=product&#038;p=2398"},"modified":"2010-07-14T00:00:00","modified_gmt":"2010-07-14T03:00:00","slug":"el-pabellon-de-las-peonias","status":"publish","type":"product","link":"https:\/\/ajupe.com.uy\/web\/biblioteca\/el-pabellon-de-las-peonias\/","title":{"rendered":"El pabell\u00f3n de las peon\u00edas"},"content":{"rendered":"<p>En la China del siglo XVII, los manch\u00faes se han alzado con el poder tras derrocar a la dinast\u00eda Ming. Ajena al cataclismo pol\u00edtico, la joven Peon\u00eda vive con su pr\u00f3spera familia en una hermosa casa junto al Lago del Oeste de Hangzhou. Educada de forma exquisita para convertirse en una esposa d\u00f3cil y culta, Peon\u00eda espera emocionada la celebraci\u00f3n de su decimosexto cumplea\u00f1os.<\/p>\n","protected":false},"excerpt":{"rendered":"<p>En la China del siglo XVII, los manch\u00faes se han alzado con el poder tras derrocar a la dinast\u00eda Ming. Ajena al cataclismo pol\u00edtico, la joven Peon\u00eda vive con su pr\u00f3spera familia en una hermosa casa junto al Lago del Oeste de Hangzhou. Educada de forma exqu<\/p>\n","protected":false},"featured_media":2399,"template":"","meta":[],"product_brand":[309],"product_cat":[33],"product_tag":[],"class_list":{"0":"post-2398","1":"product","2":"type-product","3":"status-publish","4":"has-post-thumbnail","6":"product_brand-lisa-see","7":"product_cat-cuentos","9":"first","10":"instock","11":"purchasable","12":"product-type-simple"},"featured_image_urls_v2":{"full":["https:\/\/ajupe.com.uy\/web\/wp-content\/uploads\/2016\/04\/p-2398-7797.jpg",202,306,false],"thumbnail":["https:\/\/ajupe.com.uy\/web\/wp-content\/uploads\/2016\/04\/p-2398-7797.jpg",150,150,true],"medium":["https:\/\/ajupe.com.uy\/web\/wp-content\/uploads\/2016\/04\/p-2398-7797.jpg",300,214,true],"medium_large":["https:\/\/ajupe.com.uy\/web\/wp-content\/uploads\/2016\/04\/p-2398-7797.jpg",202,306,false],"large":["https:\/\/ajupe.com.uy\/web\/wp-content\/uploads\/2016\/04\/p-2398-7797.jpg",202,306,false],"1536x1536":["https:\/\/ajupe.com.uy\/web\/wp-content\/uploads\/2016\/04\/p-2398-7797.jpg",202,306,false],"2048x2048":["https:\/\/ajupe.com.uy\/web\/wp-content\/uploads\/2016\/04\/p-2398-7797.jpg",202,306,false],"woocommerce_archive_thumbnail":["https:\/\/ajupe.com.uy\/web\/wp-content\/uploads\/2016\/04\/p-2398-7797-202x300.jpg",202,300,true],"woocommerce_thumbnail":["https:\/\/ajupe.com.uy\/web\/wp-content\/uploads\/2016\/04\/p-2398-7797-202x300.jpg",202,300,true],"woocommerce_single":["https:\/\/ajupe.com.uy\/web\/wp-content\/uploads\/2016\/04\/p-2398-7797.jpg",202,306,false],"woocommerce_gallery_thumbnail":["https:\/\/ajupe.com.uy\/web\/wp-content\/uploads\/2016\/04\/p-2398-7797-100x100.jpg",100,100,true]},"post_excerpt_stackable_v2":"<p>En la China del siglo XVII, los manch\u00faes se han alzado con el poder tras derrocar a la dinast\u00eda Ming. Ajena al cataclismo pol\u00edtico, la joven Peon\u00eda vive con su pr\u00f3spera familia en una hermosa casa junto al Lago del Oeste de Hangzhou. Educada de forma exqu<\/p>\n","category_list_v2":"","author_info_v2":{"name":"","url":""},"comments_num_v2":"0 comentarios","_links":{"self":[{"href":"https:\/\/ajupe.com.uy\/web\/wp-json\/wp\/v2\/product\/2398","targetHints":{"allow":["GET"]}}],"collection":[{"href":"https:\/\/ajupe.com.uy\/web\/wp-json\/wp\/v2\/product"}],"about":[{"href":"https:\/\/ajupe.com.uy\/web\/wp-json\/wp\/v2\/types\/product"}],"wp:featuredmedia":[{"embeddable":true,"href":"https:\/\/ajupe.com.uy\/web\/wp-json\/wp\/v2\/media\/2399"}],"wp:attachment":[{"href":"https:\/\/ajupe.com.uy\/web\/wp-json\/wp\/v2\/media?parent=2398"}],"wp:term":[{"taxonomy":"product_brand","embeddable":true,"href":"https:\/\/ajupe.com.uy\/web\/wp-json\/wp\/v2\/product_brand?post=2398"},{"taxonomy":"product_cat","embeddable":true,"href":"https:\/\/ajupe.com.uy\/web\/wp-json\/wp\/v2\/product_cat?post=2398"},{"taxonomy":"product_tag","embeddable":true,"href":"https:\/\/ajupe.com.uy\/web\/wp-json\/wp\/v2\/product_tag?post=2398"}],"curies":[{"name":"wp","href":"https:\/\/api.w.org\/{rel}","templated":true}]}}