{"id":2404,"date":"2010-07-14T00:00:00","date_gmt":"2010-07-14T03:00:00","guid":{"rendered":"http:\/\/ajupe.com.uy\/web\/?post_type=product&#038;p=2404"},"modified":"2010-07-14T00:00:00","modified_gmt":"2010-07-14T03:00:00","slug":"juegos-de-ingenio","status":"publish","type":"product","link":"https:\/\/ajupe.com.uy\/web\/biblioteca\/juegos-de-ingenio\/","title":{"rendered":"Juegos de Ingenio"},"content":{"rendered":"<p>\u00abSusan Clayton trabaja en la secci\u00f3n de pasatiempos y enigmas de una revista. Un d\u00eda es sorprendida por una nota an\u00f3nima que le espera en el buz\u00f3n de su casa. Horrorizada, descifra el mensaje oculto: &quot;Te he encontrado.&quot; El mensaje es realmente inquietante, m\u00e1s a\u00fan en el mundo en que se ha convertido Estados Unidos: incapaz de frenar la escalada de la violencia, todo el mundo atesora armas para protegerse. S\u00f3lo una comunidad ha logrado sobreponerse a este mundo de inseguridad y cr\u00edmenes: a cambio de renunciar a algunos derechos y libertades, el Territorio del Oeste ofrece una zona protegida que aspira a convertirse en el estado n\u00famero cincuenta y uno de la Uni\u00f3n. Pero tal vez no sea tan f\u00e1cil escapar al horror. Un agente del Servicio de Segridad del nuevo territorio visita al hermano de Susan, un experto profesor universitario especializado en asesinos en serie, para requerir sus servicios. Una oleada de asesinatos est\u00e1 asolando el estado cincuenta y uno. El principio de la cadena parece remontarse muchos a\u00f1os atr\u00e1s, y puede que los Clayton tengan elementos para luchar contra \u00e9l.\u00bb<\/p>\n","protected":false},"excerpt":{"rendered":"<p>\u00abSusan Clayton trabaja en la secci\u00f3n de pasatiempos y enigmas de una revista. Un d\u00eda es sorprendida por una nota an\u00f3nima que le espera en el buz\u00f3n de su casa. Horrorizada, descifra el mensaje oculto: &quot;Te he encontrado.&quot; El mensaje es realmente i<\/p>\n","protected":false},"featured_media":2405,"template":"","meta":[],"product_brand":[445],"product_cat":[30],"product_tag":[],"class_list":{"0":"post-2404","1":"product","2":"type-product","3":"status-publish","4":"has-post-thumbnail","6":"product_brand-john-katzenbach","7":"product_cat-suspenso","9":"first","10":"instock","11":"purchasable","12":"product-type-simple"},"featured_image_urls_v2":{"full":["https:\/\/ajupe.com.uy\/web\/wp-content\/uploads\/2016\/04\/p-2404-7800.jpg",257,396,false],"thumbnail":["https:\/\/ajupe.com.uy\/web\/wp-content\/uploads\/2016\/04\/p-2404-7800.jpg",150,150,true],"medium":["https:\/\/ajupe.com.uy\/web\/wp-content\/uploads\/2016\/04\/p-2404-7800.jpg",300,214,true],"medium_large":["https:\/\/ajupe.com.uy\/web\/wp-content\/uploads\/2016\/04\/p-2404-7800.jpg",257,396,false],"large":["https:\/\/ajupe.com.uy\/web\/wp-content\/uploads\/2016\/04\/p-2404-7800.jpg",257,396,false],"1536x1536":["https:\/\/ajupe.com.uy\/web\/wp-content\/uploads\/2016\/04\/p-2404-7800.jpg",257,396,false],"2048x2048":["https:\/\/ajupe.com.uy\/web\/wp-content\/uploads\/2016\/04\/p-2404-7800.jpg",257,396,false],"woocommerce_archive_thumbnail":["https:\/\/ajupe.com.uy\/web\/wp-content\/uploads\/2016\/04\/p-2404-7800-257x300.jpg",257,300,true],"woocommerce_thumbnail":["https:\/\/ajupe.com.uy\/web\/wp-content\/uploads\/2016\/04\/p-2404-7800-257x300.jpg",257,300,true],"woocommerce_single":["https:\/\/ajupe.com.uy\/web\/wp-content\/uploads\/2016\/04\/p-2404-7800.jpg",257,396,false],"woocommerce_gallery_thumbnail":["https:\/\/ajupe.com.uy\/web\/wp-content\/uploads\/2016\/04\/p-2404-7800-100x100.jpg",100,100,true]},"post_excerpt_stackable_v2":"<p>\u00abSusan Clayton trabaja en la secci\u00f3n de pasatiempos y enigmas de una revista. Un d\u00eda es sorprendida por una nota an\u00f3nima que le espera en el buz\u00f3n de su casa. Horrorizada, descifra el mensaje oculto: &quot;Te he encontrado.&quot; El mensaje es realmente i<\/p>\n","category_list_v2":"","author_info_v2":{"name":"","url":""},"comments_num_v2":"0 comentarios","_links":{"self":[{"href":"https:\/\/ajupe.com.uy\/web\/wp-json\/wp\/v2\/product\/2404","targetHints":{"allow":["GET"]}}],"collection":[{"href":"https:\/\/ajupe.com.uy\/web\/wp-json\/wp\/v2\/product"}],"about":[{"href":"https:\/\/ajupe.com.uy\/web\/wp-json\/wp\/v2\/types\/product"}],"wp:featuredmedia":[{"embeddable":true,"href":"https:\/\/ajupe.com.uy\/web\/wp-json\/wp\/v2\/media\/2405"}],"wp:attachment":[{"href":"https:\/\/ajupe.com.uy\/web\/wp-json\/wp\/v2\/media?parent=2404"}],"wp:term":[{"taxonomy":"product_brand","embeddable":true,"href":"https:\/\/ajupe.com.uy\/web\/wp-json\/wp\/v2\/product_brand?post=2404"},{"taxonomy":"product_cat","embeddable":true,"href":"https:\/\/ajupe.com.uy\/web\/wp-json\/wp\/v2\/product_cat?post=2404"},{"taxonomy":"product_tag","embeddable":true,"href":"https:\/\/ajupe.com.uy\/web\/wp-json\/wp\/v2\/product_tag?post=2404"}],"curies":[{"name":"wp","href":"https:\/\/api.w.org\/{rel}","templated":true}]}}