{"id":2406,"date":"2010-07-14T00:00:00","date_gmt":"2010-07-14T03:00:00","guid":{"rendered":"http:\/\/ajupe.com.uy\/web\/?post_type=product&#038;p=2406"},"modified":"2010-07-14T00:00:00","modified_gmt":"2010-07-14T03:00:00","slug":"el-veredicto","status":"publish","type":"product","link":"https:\/\/ajupe.com.uy\/web\/biblioteca\/el-veredicto\/","title":{"rendered":"El Veredicto"},"content":{"rendered":"<p>La vida parece haberle dado un respiro al abogado Mickey Haller tras varios a\u00f1os de reveses. A ra\u00edz del asesinato de Jerry Vincent, un conocido compa\u00f1ero de profesi\u00f3n, Haller ha heredado un caso que \u00e9ste llevaba. Se trata de la defensa del famoso productor de Hollywood Walter Elliot, acusado de asesinar a su mujer y al amante de \u00e9sta. Para Haller se trata de una gran oportunidad, dada la importancia del caso, y est\u00e1 dispuesto a casi todo a pesar del riesgo que \u00e9ste implica, ya que es m\u00e1s que probable que el asesino de Vincent pueda ir a por \u00e9l. Cuando Harry Bosch interviene en la investigaci\u00f3n del crimen, Haller y \u00e9l, dos lobos solitarios, no querr\u00e1n colaborar entre s\u00ed, pero no tendr\u00e1n m\u00e1s opci\u00f3n que aliarse cuando las cosas se tuerzan.<\/p>\n","protected":false},"excerpt":{"rendered":"<p>La vida parece haberle dado un respiro al abogado Mickey Haller tras varios a\u00f1os de reveses. A ra\u00edz del asesinato de Jerry Vincent, un conocido compa\u00f1ero de profesi\u00f3n, Haller ha heredado un caso que \u00e9ste llevaba. Se trata de la defensa del famoso producto<\/p>\n","protected":false},"featured_media":2407,"template":"","meta":[],"product_brand":[384],"product_cat":[40],"product_tag":[],"class_list":{"0":"post-2406","1":"product","2":"type-product","3":"status-publish","4":"has-post-thumbnail","6":"product_brand-michael-connelly","7":"product_cat-policial","9":"first","10":"instock","11":"purchasable","12":"product-type-simple"},"featured_image_urls_v2":{"full":["https:\/\/ajupe.com.uy\/web\/wp-content\/uploads\/2016\/04\/p-2406-7802.jpg",279,420,false],"thumbnail":["https:\/\/ajupe.com.uy\/web\/wp-content\/uploads\/2016\/04\/p-2406-7802.jpg",150,150,true],"medium":["https:\/\/ajupe.com.uy\/web\/wp-content\/uploads\/2016\/04\/p-2406-7802.jpg",300,214,true],"medium_large":["https:\/\/ajupe.com.uy\/web\/wp-content\/uploads\/2016\/04\/p-2406-7802.jpg",279,420,false],"large":["https:\/\/ajupe.com.uy\/web\/wp-content\/uploads\/2016\/04\/p-2406-7802.jpg",279,420,false],"1536x1536":["https:\/\/ajupe.com.uy\/web\/wp-content\/uploads\/2016\/04\/p-2406-7802.jpg",279,420,false],"2048x2048":["https:\/\/ajupe.com.uy\/web\/wp-content\/uploads\/2016\/04\/p-2406-7802.jpg",279,420,false],"woocommerce_archive_thumbnail":["https:\/\/ajupe.com.uy\/web\/wp-content\/uploads\/2016\/04\/p-2406-7802-279x400.jpg",279,400,true],"woocommerce_thumbnail":["https:\/\/ajupe.com.uy\/web\/wp-content\/uploads\/2016\/04\/p-2406-7802-279x300.jpg",279,300,true],"woocommerce_single":["https:\/\/ajupe.com.uy\/web\/wp-content\/uploads\/2016\/04\/p-2406-7802.jpg",279,420,false],"woocommerce_gallery_thumbnail":["https:\/\/ajupe.com.uy\/web\/wp-content\/uploads\/2016\/04\/p-2406-7802-100x100.jpg",100,100,true]},"post_excerpt_stackable_v2":"<p>La vida parece haberle dado un respiro al abogado Mickey Haller tras varios a\u00f1os de reveses. A ra\u00edz del asesinato de Jerry Vincent, un conocido compa\u00f1ero de profesi\u00f3n, Haller ha heredado un caso que \u00e9ste llevaba. Se trata de la defensa del famoso producto<\/p>\n","category_list_v2":"","author_info_v2":{"name":"","url":""},"comments_num_v2":"0 comentarios","_links":{"self":[{"href":"https:\/\/ajupe.com.uy\/web\/wp-json\/wp\/v2\/product\/2406","targetHints":{"allow":["GET"]}}],"collection":[{"href":"https:\/\/ajupe.com.uy\/web\/wp-json\/wp\/v2\/product"}],"about":[{"href":"https:\/\/ajupe.com.uy\/web\/wp-json\/wp\/v2\/types\/product"}],"wp:featuredmedia":[{"embeddable":true,"href":"https:\/\/ajupe.com.uy\/web\/wp-json\/wp\/v2\/media\/2407"}],"wp:attachment":[{"href":"https:\/\/ajupe.com.uy\/web\/wp-json\/wp\/v2\/media?parent=2406"}],"wp:term":[{"taxonomy":"product_brand","embeddable":true,"href":"https:\/\/ajupe.com.uy\/web\/wp-json\/wp\/v2\/product_brand?post=2406"},{"taxonomy":"product_cat","embeddable":true,"href":"https:\/\/ajupe.com.uy\/web\/wp-json\/wp\/v2\/product_cat?post=2406"},{"taxonomy":"product_tag","embeddable":true,"href":"https:\/\/ajupe.com.uy\/web\/wp-json\/wp\/v2\/product_tag?post=2406"}],"curies":[{"name":"wp","href":"https:\/\/api.w.org\/{rel}","templated":true}]}}