{"id":2408,"date":"2010-07-14T00:00:00","date_gmt":"2010-07-14T03:00:00","guid":{"rendered":"http:\/\/ajupe.com.uy\/web\/?post_type=product&#038;p=2408"},"modified":"2010-07-14T00:00:00","modified_gmt":"2010-07-14T03:00:00","slug":"el-siciliano","status":"publish","type":"product","link":"https:\/\/ajupe.com.uy\/web\/biblioteca\/el-siciliano\/","title":{"rendered":"El Siciliano"},"content":{"rendered":"<p>Michael Corleone, el hijo de El Padrino, est\u00e1 en Sicilia con el objetivo de poner en marcha una misi\u00f3n que le ha encomendado su padre: intentar sacar de la isla a un hombre que se ha convertido en un mito popular, pero al que el acoso del gobierno, las clases altas y la Mafia han convertido en un fugitivo solitario. Salvatore Giuliano es ese hombre: un campesino sensible e inquieto, forzado a vivir en el monte tras haber matado a un polic\u00eda, tan amante de su tierra y sus gentes como opuesto a la connivencia con sus opresores. El siciliano es una biograf\u00eda novelada de Giuliano y una incisiva descripci\u00f3n de la vida, las tradiciones y las complejas relaciones de poder en Sicilia.<\/p>\n","protected":false},"excerpt":{"rendered":"<p>Michael Corleone, el hijo de El Padrino, est\u00e1 en Sicilia con el objetivo de poner en marcha una misi\u00f3n que le ha encomendado su padre: intentar sacar de la isla a un hombre que se ha convertido en un mito popular, pero al que el acoso del gobierno, las cl<\/p>\n","protected":false},"featured_media":2409,"template":"","meta":[],"product_brand":[88],"product_cat":[40],"product_tag":[],"class_list":{"0":"post-2408","1":"product","2":"type-product","3":"status-publish","4":"has-post-thumbnail","6":"product_brand-mario-puzo","7":"product_cat-policial","9":"first","10":"instock","11":"purchasable","12":"product-type-simple"},"featured_image_urls_v2":{"full":["https:\/\/ajupe.com.uy\/web\/wp-content\/uploads\/2016\/04\/p-2408-7803.jpg",256,407,false],"thumbnail":["https:\/\/ajupe.com.uy\/web\/wp-content\/uploads\/2016\/04\/p-2408-7803.jpg",150,150,true],"medium":["https:\/\/ajupe.com.uy\/web\/wp-content\/uploads\/2016\/04\/p-2408-7803.jpg",300,214,true],"medium_large":["https:\/\/ajupe.com.uy\/web\/wp-content\/uploads\/2016\/04\/p-2408-7803.jpg",256,407,false],"large":["https:\/\/ajupe.com.uy\/web\/wp-content\/uploads\/2016\/04\/p-2408-7803.jpg",256,407,false],"1536x1536":["https:\/\/ajupe.com.uy\/web\/wp-content\/uploads\/2016\/04\/p-2408-7803.jpg",256,407,false],"2048x2048":["https:\/\/ajupe.com.uy\/web\/wp-content\/uploads\/2016\/04\/p-2408-7803.jpg",256,407,false],"woocommerce_archive_thumbnail":["https:\/\/ajupe.com.uy\/web\/wp-content\/uploads\/2016\/04\/p-2408-7803-256x400.jpg",256,400,true],"woocommerce_thumbnail":["https:\/\/ajupe.com.uy\/web\/wp-content\/uploads\/2016\/04\/p-2408-7803-256x300.jpg",256,300,true],"woocommerce_single":["https:\/\/ajupe.com.uy\/web\/wp-content\/uploads\/2016\/04\/p-2408-7803.jpg",256,407,false],"woocommerce_gallery_thumbnail":["https:\/\/ajupe.com.uy\/web\/wp-content\/uploads\/2016\/04\/p-2408-7803-100x100.jpg",100,100,true]},"post_excerpt_stackable_v2":"<p>Michael Corleone, el hijo de El Padrino, est\u00e1 en Sicilia con el objetivo de poner en marcha una misi\u00f3n que le ha encomendado su padre: intentar sacar de la isla a un hombre que se ha convertido en un mito popular, pero al que el acoso del gobierno, las cl<\/p>\n","category_list_v2":"","author_info_v2":{"name":"","url":""},"comments_num_v2":"0 comentarios","_links":{"self":[{"href":"https:\/\/ajupe.com.uy\/web\/wp-json\/wp\/v2\/product\/2408","targetHints":{"allow":["GET"]}}],"collection":[{"href":"https:\/\/ajupe.com.uy\/web\/wp-json\/wp\/v2\/product"}],"about":[{"href":"https:\/\/ajupe.com.uy\/web\/wp-json\/wp\/v2\/types\/product"}],"wp:featuredmedia":[{"embeddable":true,"href":"https:\/\/ajupe.com.uy\/web\/wp-json\/wp\/v2\/media\/2409"}],"wp:attachment":[{"href":"https:\/\/ajupe.com.uy\/web\/wp-json\/wp\/v2\/media?parent=2408"}],"wp:term":[{"taxonomy":"product_brand","embeddable":true,"href":"https:\/\/ajupe.com.uy\/web\/wp-json\/wp\/v2\/product_brand?post=2408"},{"taxonomy":"product_cat","embeddable":true,"href":"https:\/\/ajupe.com.uy\/web\/wp-json\/wp\/v2\/product_cat?post=2408"},{"taxonomy":"product_tag","embeddable":true,"href":"https:\/\/ajupe.com.uy\/web\/wp-json\/wp\/v2\/product_tag?post=2408"}],"curies":[{"name":"wp","href":"https:\/\/api.w.org\/{rel}","templated":true}]}}