{"id":2410,"date":"2010-07-14T00:00:00","date_gmt":"2010-07-14T03:00:00","guid":{"rendered":"http:\/\/ajupe.com.uy\/web\/?post_type=product&#038;p=2410"},"modified":"2011-09-06T21:01:37","modified_gmt":"2011-09-07T00:01:37","slug":"la-palabra-mas-hermosa","status":"publish","type":"product","link":"https:\/\/ajupe.com.uy\/web\/biblioteca\/la-palabra-mas-hermosa\/","title":{"rendered":"La Palabra M\u00e1s Hermosa"},"content":{"rendered":"<p>Nada puede silenciar la palabra m\u00e1s hermosa. Con una escritura de inconfundible identidad literaria, Margaret Mazzantini nos regala La palabra m\u00e1s hermosa, una novela eficaz, apasionante como un thriller y sabia como una par\u00e1bola. Una ma\u00f1ana Gemma decide volver a Sarajevo con su hijo Pietro, en busca de un pasado que cree conocer. All\u00ed la espera Gojko, un viejo amigo y poeta bosnio, con el que en 1984 conoci\u00f3 a un fot\u00f3grafo llamado Diego, la pasi\u00f3n de su vida. Como todos los amores verdaderos, la historia de Gemma y Diego no es perfecta pero su intensidad va m\u00e1s all\u00e1 del tiempo y de la Historia con may\u00fascula.<\/p>\n","protected":false},"excerpt":{"rendered":"<p>Nada puede silenciar la palabra m\u00e1s hermosa. Con una escritura de inconfundible identidad literaria, Margaret Mazzantini nos regala La palabra m\u00e1s hermosa, una novela eficaz, apasionante como un thriller y sabia como una par\u00e1bola. Una ma\u00f1ana Gemma decide<\/p>\n","protected":false},"featured_media":2411,"template":"","meta":[],"product_brand":[979],"product_cat":[33],"product_tag":[],"class_list":{"0":"post-2410","1":"product","2":"type-product","3":"status-publish","4":"has-post-thumbnail","6":"product_brand-margaret-mazzantini","7":"product_cat-cuentos","9":"first","10":"instock","11":"purchasable","12":"product-type-simple"},"featured_image_urls_v2":{"full":["https:\/\/ajupe.com.uy\/web\/wp-content\/uploads\/2016\/04\/p-2410-7804.jpg",324,500,false],"thumbnail":["https:\/\/ajupe.com.uy\/web\/wp-content\/uploads\/2016\/04\/p-2410-7804.jpg",150,150,true],"medium":["https:\/\/ajupe.com.uy\/web\/wp-content\/uploads\/2016\/04\/p-2410-7804.jpg",300,214,true],"medium_large":["https:\/\/ajupe.com.uy\/web\/wp-content\/uploads\/2016\/04\/p-2410-7804.jpg",324,500,false],"large":["https:\/\/ajupe.com.uy\/web\/wp-content\/uploads\/2016\/04\/p-2410-7804.jpg",324,500,false],"1536x1536":["https:\/\/ajupe.com.uy\/web\/wp-content\/uploads\/2016\/04\/p-2410-7804.jpg",324,500,false],"2048x2048":["https:\/\/ajupe.com.uy\/web\/wp-content\/uploads\/2016\/04\/p-2410-7804.jpg",324,500,false],"woocommerce_archive_thumbnail":["https:\/\/ajupe.com.uy\/web\/wp-content\/uploads\/2016\/04\/p-2410-7804-300x450.jpg",300,450,true],"woocommerce_thumbnail":["https:\/\/ajupe.com.uy\/web\/wp-content\/uploads\/2016\/04\/p-2410-7804-300x300.jpg",300,300,true],"woocommerce_single":["https:\/\/ajupe.com.uy\/web\/wp-content\/uploads\/2016\/04\/p-2410-7804-300x463.jpg",300,463,true],"woocommerce_gallery_thumbnail":["https:\/\/ajupe.com.uy\/web\/wp-content\/uploads\/2016\/04\/p-2410-7804-100x100.jpg",100,100,true]},"post_excerpt_stackable_v2":"<p>Nada puede silenciar la palabra m\u00e1s hermosa. Con una escritura de inconfundible identidad literaria, Margaret Mazzantini nos regala La palabra m\u00e1s hermosa, una novela eficaz, apasionante como un thriller y sabia como una par\u00e1bola. Una ma\u00f1ana Gemma decide<\/p>\n","category_list_v2":"","author_info_v2":{"name":"","url":""},"comments_num_v2":"0 comentarios","_links":{"self":[{"href":"https:\/\/ajupe.com.uy\/web\/wp-json\/wp\/v2\/product\/2410","targetHints":{"allow":["GET"]}}],"collection":[{"href":"https:\/\/ajupe.com.uy\/web\/wp-json\/wp\/v2\/product"}],"about":[{"href":"https:\/\/ajupe.com.uy\/web\/wp-json\/wp\/v2\/types\/product"}],"wp:featuredmedia":[{"embeddable":true,"href":"https:\/\/ajupe.com.uy\/web\/wp-json\/wp\/v2\/media\/2411"}],"wp:attachment":[{"href":"https:\/\/ajupe.com.uy\/web\/wp-json\/wp\/v2\/media?parent=2410"}],"wp:term":[{"taxonomy":"product_brand","embeddable":true,"href":"https:\/\/ajupe.com.uy\/web\/wp-json\/wp\/v2\/product_brand?post=2410"},{"taxonomy":"product_cat","embeddable":true,"href":"https:\/\/ajupe.com.uy\/web\/wp-json\/wp\/v2\/product_cat?post=2410"},{"taxonomy":"product_tag","embeddable":true,"href":"https:\/\/ajupe.com.uy\/web\/wp-json\/wp\/v2\/product_tag?post=2410"}],"curies":[{"name":"wp","href":"https:\/\/api.w.org\/{rel}","templated":true}]}}