{"id":2412,"date":"2010-07-14T00:00:00","date_gmt":"2010-07-14T03:00:00","guid":{"rendered":"http:\/\/ajupe.com.uy\/web\/?post_type=product&#038;p=2412"},"modified":"2011-09-06T21:05:18","modified_gmt":"2011-09-07T00:05:18","slug":"las-cosas-que-no-nos-dijimos","status":"publish","type":"product","link":"https:\/\/ajupe.com.uy\/web\/biblioteca\/las-cosas-que-no-nos-dijimos\/","title":{"rendered":"Las Cosas Que No Nos Dijimos"},"content":{"rendered":"<p>Con m\u00e1s de 15 millones de ejemplares de sus novelas vendidos en todo el mundo, Marc Levy se ha convertido en un referente indiscutible de la literatura contempor\u00e1nea. Con su nueva novela, Las cosas que no nos dijimos, Levy va un paso m\u00e1s al l\u00e1 y arrastra al lector a un universo del que no querr\u00e1 salir. Cuatro d\u00edas antes de su boda, Julia recibe una llamada del secretario personal de Anthony Walsh, su padre. Walsh es un brillante hombre de negocios, pero siempre ha sido para Julia un padre ausente, y ahora llevan m\u00e1s de un a\u00f1o sin verse. Como Julia imaginaba, su padre no podr\u00e1 asistir a la boda. Pero esta vez tiene una excusa incontestable: su padre ha muerto.<\/p>\n","protected":false},"excerpt":{"rendered":"<p>Con m\u00e1s de 15 millones de ejemplares de sus novelas vendidos en todo el mundo, Marc Levy se ha convertido en un referente indiscutible de la literatura contempor\u00e1nea. Con su nueva novela, Las cosas que no nos dijimos, Levy va un paso m\u00e1s al l\u00e1 y arrastra<\/p>\n","protected":false},"featured_media":2413,"template":"","meta":[],"product_brand":[980],"product_cat":[33],"product_tag":[],"class_list":{"0":"post-2412","1":"product","2":"type-product","3":"status-publish","4":"has-post-thumbnail","6":"product_brand-marc-levy","7":"product_cat-cuentos","9":"first","10":"instock","11":"purchasable","12":"product-type-simple"},"featured_image_urls_v2":{"full":["https:\/\/ajupe.com.uy\/web\/wp-content\/uploads\/2016\/04\/p-2412-7805.jpg",261,400,false],"thumbnail":["https:\/\/ajupe.com.uy\/web\/wp-content\/uploads\/2016\/04\/p-2412-7805.jpg",98,150,false],"medium":["https:\/\/ajupe.com.uy\/web\/wp-content\/uploads\/2016\/04\/p-2412-7805.jpg",196,300,false],"medium_large":["https:\/\/ajupe.com.uy\/web\/wp-content\/uploads\/2016\/04\/p-2412-7805.jpg",261,400,false],"large":["https:\/\/ajupe.com.uy\/web\/wp-content\/uploads\/2016\/04\/p-2412-7805.jpg",261,400,false],"1536x1536":["https:\/\/ajupe.com.uy\/web\/wp-content\/uploads\/2016\/04\/p-2412-7805.jpg",261,400,false],"2048x2048":["https:\/\/ajupe.com.uy\/web\/wp-content\/uploads\/2016\/04\/p-2412-7805.jpg",261,400,false],"woocommerce_archive_thumbnail":["https:\/\/ajupe.com.uy\/web\/wp-content\/uploads\/2016\/04\/p-2412-7805.jpg",261,400,false],"woocommerce_thumbnail":["https:\/\/ajupe.com.uy\/web\/wp-content\/uploads\/2016\/04\/p-2412-7805-261x300.jpg",261,300,true],"woocommerce_single":["https:\/\/ajupe.com.uy\/web\/wp-content\/uploads\/2016\/04\/p-2412-7805.jpg",261,400,false],"woocommerce_gallery_thumbnail":["https:\/\/ajupe.com.uy\/web\/wp-content\/uploads\/2016\/04\/p-2412-7805-100x100.jpg",100,100,true]},"post_excerpt_stackable_v2":"<p>Con m\u00e1s de 15 millones de ejemplares de sus novelas vendidos en todo el mundo, Marc Levy se ha convertido en un referente indiscutible de la literatura contempor\u00e1nea. Con su nueva novela, Las cosas que no nos dijimos, Levy va un paso m\u00e1s al l\u00e1 y arrastra<\/p>\n","category_list_v2":"","author_info_v2":{"name":"","url":""},"comments_num_v2":"0 comentarios","_links":{"self":[{"href":"https:\/\/ajupe.com.uy\/web\/wp-json\/wp\/v2\/product\/2412","targetHints":{"allow":["GET"]}}],"collection":[{"href":"https:\/\/ajupe.com.uy\/web\/wp-json\/wp\/v2\/product"}],"about":[{"href":"https:\/\/ajupe.com.uy\/web\/wp-json\/wp\/v2\/types\/product"}],"wp:featuredmedia":[{"embeddable":true,"href":"https:\/\/ajupe.com.uy\/web\/wp-json\/wp\/v2\/media\/2413"}],"wp:attachment":[{"href":"https:\/\/ajupe.com.uy\/web\/wp-json\/wp\/v2\/media?parent=2412"}],"wp:term":[{"taxonomy":"product_brand","embeddable":true,"href":"https:\/\/ajupe.com.uy\/web\/wp-json\/wp\/v2\/product_brand?post=2412"},{"taxonomy":"product_cat","embeddable":true,"href":"https:\/\/ajupe.com.uy\/web\/wp-json\/wp\/v2\/product_cat?post=2412"},{"taxonomy":"product_tag","embeddable":true,"href":"https:\/\/ajupe.com.uy\/web\/wp-json\/wp\/v2\/product_tag?post=2412"}],"curies":[{"name":"wp","href":"https:\/\/api.w.org\/{rel}","templated":true}]}}