{"id":2418,"date":"2010-07-14T00:00:00","date_gmt":"2010-07-14T03:00:00","guid":{"rendered":"http:\/\/ajupe.com.uy\/web\/?post_type=product&#038;p=2418"},"modified":"2011-09-05T17:19:39","modified_gmt":"2011-09-05T20:19:39","slug":"el-factor-humano","status":"publish","type":"product","link":"https:\/\/ajupe.com.uy\/web\/biblioteca\/el-factor-humano\/","title":{"rendered":"El Factor Humano"},"content":{"rendered":"<p>En 1985, cuando Nelson Mandela llevaba veintitr\u00e9s a\u00f1os en prisi\u00f3n, se propuso conquistar a sus enemigos, los m\u00e1s fervientes defensores del apartheid. As\u00ed obtuvo su libertad y consigui\u00f3 convertirse en presidente. Pero la inestabilidad de un pa\u00eds dividido por cincuenta a\u00f1os de odio racial cristaliz\u00f3 en la amenaza de una guerra civil. Mandela comprendi\u00f3 que ten\u00eda que conseguir la uni\u00f3n de blancos y negros de forma espont\u00e1nea y emocional, y vio con claridad que el deporte era una estrategia extraordinaria para lograrlo. John Carlin ha descubierto el factor humano que hizo posible un milagro: la capacidad innata de Mandela para seducir al oponente y su tenaz deliberaci\u00f3n de utilizar el mundial de rugby de 1995 para sellar la paz y cambiar el curso de la Historia. La final de aquel mundial culmin\u00f3 con la victoria sudafricana en el \u00faltimo minuto, y fundi\u00f3 en un abrazo a negros y blancos en el ejemplo m\u00e1s inspirador que ha visto la humanidad.<\/p>\n","protected":false},"excerpt":{"rendered":"<p>En 1985, cuando Nelson Mandela llevaba veintitr\u00e9s a\u00f1os en prisi\u00f3n, se propuso conquistar a sus enemigos, los m\u00e1s fervientes defensores del apartheid. As\u00ed obtuvo su libertad y consigui\u00f3 convertirse en presidente. Pero la inestabilidad de un pa\u00eds dividido p<\/p>\n","protected":false},"featured_media":2419,"template":"","meta":[],"product_brand":[983],"product_cat":[33],"product_tag":[],"class_list":{"0":"post-2418","1":"product","2":"type-product","3":"status-publish","4":"has-post-thumbnail","6":"product_brand-john-carlin","7":"product_cat-cuentos","9":"first","10":"instock","11":"purchasable","12":"product-type-simple"},"featured_image_urls_v2":{"full":["https:\/\/ajupe.com.uy\/web\/wp-content\/uploads\/2016\/04\/p-2418-7809.jpg",219,377,false],"thumbnail":["https:\/\/ajupe.com.uy\/web\/wp-content\/uploads\/2016\/04\/p-2418-7809.jpg",150,150,true],"medium":["https:\/\/ajupe.com.uy\/web\/wp-content\/uploads\/2016\/04\/p-2418-7809.jpg",300,214,true],"medium_large":["https:\/\/ajupe.com.uy\/web\/wp-content\/uploads\/2016\/04\/p-2418-7809.jpg",219,377,false],"large":["https:\/\/ajupe.com.uy\/web\/wp-content\/uploads\/2016\/04\/p-2418-7809.jpg",219,377,false],"1536x1536":["https:\/\/ajupe.com.uy\/web\/wp-content\/uploads\/2016\/04\/p-2418-7809.jpg",219,377,false],"2048x2048":["https:\/\/ajupe.com.uy\/web\/wp-content\/uploads\/2016\/04\/p-2418-7809.jpg",219,377,false],"woocommerce_archive_thumbnail":["https:\/\/ajupe.com.uy\/web\/wp-content\/uploads\/2016\/04\/p-2418-7809-219x300.jpg",219,300,true],"woocommerce_thumbnail":["https:\/\/ajupe.com.uy\/web\/wp-content\/uploads\/2016\/04\/p-2418-7809-219x300.jpg",219,300,true],"woocommerce_single":["https:\/\/ajupe.com.uy\/web\/wp-content\/uploads\/2016\/04\/p-2418-7809.jpg",219,377,false],"woocommerce_gallery_thumbnail":["https:\/\/ajupe.com.uy\/web\/wp-content\/uploads\/2016\/04\/p-2418-7809-100x100.jpg",100,100,true]},"post_excerpt_stackable_v2":"<p>En 1985, cuando Nelson Mandela llevaba veintitr\u00e9s a\u00f1os en prisi\u00f3n, se propuso conquistar a sus enemigos, los m\u00e1s fervientes defensores del apartheid. As\u00ed obtuvo su libertad y consigui\u00f3 convertirse en presidente. Pero la inestabilidad de un pa\u00eds dividido p<\/p>\n","category_list_v2":"","author_info_v2":{"name":"","url":""},"comments_num_v2":"0 comentarios","_links":{"self":[{"href":"https:\/\/ajupe.com.uy\/web\/wp-json\/wp\/v2\/product\/2418","targetHints":{"allow":["GET"]}}],"collection":[{"href":"https:\/\/ajupe.com.uy\/web\/wp-json\/wp\/v2\/product"}],"about":[{"href":"https:\/\/ajupe.com.uy\/web\/wp-json\/wp\/v2\/types\/product"}],"wp:featuredmedia":[{"embeddable":true,"href":"https:\/\/ajupe.com.uy\/web\/wp-json\/wp\/v2\/media\/2419"}],"wp:attachment":[{"href":"https:\/\/ajupe.com.uy\/web\/wp-json\/wp\/v2\/media?parent=2418"}],"wp:term":[{"taxonomy":"product_brand","embeddable":true,"href":"https:\/\/ajupe.com.uy\/web\/wp-json\/wp\/v2\/product_brand?post=2418"},{"taxonomy":"product_cat","embeddable":true,"href":"https:\/\/ajupe.com.uy\/web\/wp-json\/wp\/v2\/product_cat?post=2418"},{"taxonomy":"product_tag","embeddable":true,"href":"https:\/\/ajupe.com.uy\/web\/wp-json\/wp\/v2\/product_tag?post=2418"}],"curies":[{"name":"wp","href":"https:\/\/api.w.org\/{rel}","templated":true}]}}