{"id":2422,"date":"2010-07-14T00:00:00","date_gmt":"2010-07-14T03:00:00","guid":{"rendered":"http:\/\/ajupe.com.uy\/web\/?post_type=product&#038;p=2422"},"modified":"2010-07-14T00:00:00","modified_gmt":"2010-07-14T03:00:00","slug":"album-de-boda-cuatro-bodas-1","status":"publish","type":"product","link":"https:\/\/ajupe.com.uy\/web\/biblioteca\/album-de-boda-cuatro-bodas-1\/","title":{"rendered":"Album de Boda (Cuatro Bodas 1)"},"content":{"rendered":"<p>Mackensie, Parker, Laurel y Emmeline, amigos de la infancia, han creado una empresa dedicada a la planificaci\u00f3n de bodas que est\u00e1 teniendo mucho \u00e9xito, pero a pesar de ayudar a miles de felices parejas a organizar el d\u00eda m\u00e1s importante de sus vidas, las cuatro mujeres no son afortunadas en el amor. La fot\u00f3grafa Mackensie Elliott vivi\u00f3 una infancia dif\u00edcil y no tiene buena relaci\u00f3n con su madre, cosa que le hace desconfiar del compromiso. Pero cuando conoce a Carter Maguire, no puede evitar enamorarse de \u00e9l, a pesar de que su ex novia est\u00e1 dispuesta a jugar sucio para retenerle. Mackenzie no tardar\u00e1 en darse cuenta de que tiene que dejar descansar los demonios del pasado para encontrar el amor eterno\u2026<\/p>\n","protected":false},"excerpt":{"rendered":"<p>Mackensie, Parker, Laurel y Emmeline, amigos de la infancia, han creado una empresa dedicada a la planificaci\u00f3n de bodas que est\u00e1 teniendo mucho \u00e9xito, pero a pesar de ayudar a miles de felices parejas a organizar el d\u00eda m\u00e1s importante de sus vidas, las c<\/p>\n","protected":false},"featured_media":2423,"template":"","meta":[],"product_brand":[267],"product_cat":[38],"product_tag":[],"class_list":{"0":"post-2422","1":"product","2":"type-product","3":"status-publish","4":"has-post-thumbnail","6":"product_brand-nora-roberts","7":"product_cat-amor","9":"first","10":"instock","11":"purchasable","12":"product-type-simple"},"featured_image_urls_v2":{"full":["https:\/\/ajupe.com.uy\/web\/wp-content\/uploads\/2016\/04\/p-2422-7811.jpg",379,589,false],"thumbnail":["https:\/\/ajupe.com.uy\/web\/wp-content\/uploads\/2016\/04\/p-2422-7811.jpg",150,150,true],"medium":["https:\/\/ajupe.com.uy\/web\/wp-content\/uploads\/2016\/04\/p-2422-7811.jpg",300,214,true],"medium_large":["https:\/\/ajupe.com.uy\/web\/wp-content\/uploads\/2016\/04\/p-2422-7811.jpg",379,589,false],"large":["https:\/\/ajupe.com.uy\/web\/wp-content\/uploads\/2016\/04\/p-2422-7811.jpg",379,589,false],"1536x1536":["https:\/\/ajupe.com.uy\/web\/wp-content\/uploads\/2016\/04\/p-2422-7811.jpg",379,589,false],"2048x2048":["https:\/\/ajupe.com.uy\/web\/wp-content\/uploads\/2016\/04\/p-2422-7811.jpg",379,589,false],"woocommerce_archive_thumbnail":["https:\/\/ajupe.com.uy\/web\/wp-content\/uploads\/2016\/04\/p-2422-7811-300x450.jpg",300,450,true],"woocommerce_thumbnail":["https:\/\/ajupe.com.uy\/web\/wp-content\/uploads\/2016\/04\/p-2422-7811-300x300.jpg",300,300,true],"woocommerce_single":["https:\/\/ajupe.com.uy\/web\/wp-content\/uploads\/2016\/04\/p-2422-7811-300x466.jpg",300,466,true],"woocommerce_gallery_thumbnail":["https:\/\/ajupe.com.uy\/web\/wp-content\/uploads\/2016\/04\/p-2422-7811-100x100.jpg",100,100,true]},"post_excerpt_stackable_v2":"<p>Mackensie, Parker, Laurel y Emmeline, amigos de la infancia, han creado una empresa dedicada a la planificaci\u00f3n de bodas que est\u00e1 teniendo mucho \u00e9xito, pero a pesar de ayudar a miles de felices parejas a organizar el d\u00eda m\u00e1s importante de sus vidas, las c<\/p>\n","category_list_v2":"","author_info_v2":{"name":"","url":""},"comments_num_v2":"0 comentarios","_links":{"self":[{"href":"https:\/\/ajupe.com.uy\/web\/wp-json\/wp\/v2\/product\/2422","targetHints":{"allow":["GET"]}}],"collection":[{"href":"https:\/\/ajupe.com.uy\/web\/wp-json\/wp\/v2\/product"}],"about":[{"href":"https:\/\/ajupe.com.uy\/web\/wp-json\/wp\/v2\/types\/product"}],"wp:featuredmedia":[{"embeddable":true,"href":"https:\/\/ajupe.com.uy\/web\/wp-json\/wp\/v2\/media\/2423"}],"wp:attachment":[{"href":"https:\/\/ajupe.com.uy\/web\/wp-json\/wp\/v2\/media?parent=2422"}],"wp:term":[{"taxonomy":"product_brand","embeddable":true,"href":"https:\/\/ajupe.com.uy\/web\/wp-json\/wp\/v2\/product_brand?post=2422"},{"taxonomy":"product_cat","embeddable":true,"href":"https:\/\/ajupe.com.uy\/web\/wp-json\/wp\/v2\/product_cat?post=2422"},{"taxonomy":"product_tag","embeddable":true,"href":"https:\/\/ajupe.com.uy\/web\/wp-json\/wp\/v2\/product_tag?post=2422"}],"curies":[{"name":"wp","href":"https:\/\/api.w.org\/{rel}","templated":true}]}}