{"id":2432,"date":"2010-07-14T00:00:00","date_gmt":"2010-07-14T03:00:00","guid":{"rendered":"http:\/\/ajupe.com.uy\/web\/?post_type=product&#038;p=2432"},"modified":"2011-09-07T14:33:19","modified_gmt":"2011-09-07T17:33:19","slug":"alfombra-voladora-sobre-bagdad","status":"publish","type":"product","link":"https:\/\/ajupe.com.uy\/web\/biblioteca\/alfombra-voladora-sobre-bagdad\/","title":{"rendered":"Alfombra Voladora Sobre Bagdad"},"content":{"rendered":"<p>En abril de 2003, Hala Jaber se encontraba en Bagdad cubriendo la guerra de Irak. En un sucio hospital de la ciudad encontr\u00f3 a una ni\u00f1a de tres a\u00f1os, gravemente quemada despu\u00e9s de que un misil norteamericano hubiera alcanzado el coche en el que hu\u00eda con sus padres y sus siete hermanos. La ni\u00f1a se llamaba Zahra, que en \u00e1rabe significa \u201cflor\u201d. La madre hab\u00eda conseguido lanzarla por la ventana del veh\u00edculo en llamas junto a su hermana de tres meses. El beb\u00e9 hab\u00eda salido milagrosamente indemne, pero no as\u00ed Zahra. La visi\u00f3n de la peque\u00f1a, que se debat\u00eda entre la vida y la muerte en aquel hospital atestado de heridos y sin apenas medios, conmocion\u00f3 a la periodista. Hala Jaber estaba acostumbrada a contemplar el espect\u00e1culo desolador de las v\u00edctimas civiles en las guerras. A lo largo de sus a\u00f1os como corresponsal, hab\u00eda visto y entrevistado a hombres, mujeres y ni\u00f1os mutilados, desesperados, ag\u00f3nicos\u2026 Y, sin embargo, la peque\u00f1a Zahra consigui\u00f3 derribar en un instante las barreras que la periodista hab\u00eda levantado cuidadosamente para poder informar con distancia y objetividad.<\/p>\n","protected":false},"excerpt":{"rendered":"<p>En abril de 2003, Hala Jaber se encontraba en Bagdad cubriendo la guerra de Irak. En un sucio hospital de la ciudad encontr\u00f3 a una ni\u00f1a de tres a\u00f1os, gravemente quemada despu\u00e9s de que un misil norteamericano hubiera alcanzado el coche en el que hu\u00eda con s<\/p>\n","protected":false},"featured_media":2433,"template":"","meta":[],"product_brand":[985],"product_cat":[34],"product_tag":[],"class_list":{"0":"post-2432","1":"product","2":"type-product","3":"status-publish","4":"has-post-thumbnail","6":"product_brand-hala-jaber","7":"product_cat-otros","9":"first","10":"instock","11":"purchasable","12":"product-type-simple"},"featured_image_urls_v2":{"full":["https:\/\/ajupe.com.uy\/web\/wp-content\/uploads\/2016\/04\/p-2432-7819.jpg",215,334,false],"thumbnail":["https:\/\/ajupe.com.uy\/web\/wp-content\/uploads\/2016\/04\/p-2432-7819.jpg",150,150,true],"medium":["https:\/\/ajupe.com.uy\/web\/wp-content\/uploads\/2016\/04\/p-2432-7819.jpg",300,214,true],"medium_large":["https:\/\/ajupe.com.uy\/web\/wp-content\/uploads\/2016\/04\/p-2432-7819.jpg",215,334,false],"large":["https:\/\/ajupe.com.uy\/web\/wp-content\/uploads\/2016\/04\/p-2432-7819.jpg",215,334,false],"1536x1536":["https:\/\/ajupe.com.uy\/web\/wp-content\/uploads\/2016\/04\/p-2432-7819.jpg",215,334,false],"2048x2048":["https:\/\/ajupe.com.uy\/web\/wp-content\/uploads\/2016\/04\/p-2432-7819.jpg",215,334,false],"woocommerce_archive_thumbnail":["https:\/\/ajupe.com.uy\/web\/wp-content\/uploads\/2016\/04\/p-2432-7819-215x300.jpg",215,300,true],"woocommerce_thumbnail":["https:\/\/ajupe.com.uy\/web\/wp-content\/uploads\/2016\/04\/p-2432-7819-215x300.jpg",215,300,true],"woocommerce_single":["https:\/\/ajupe.com.uy\/web\/wp-content\/uploads\/2016\/04\/p-2432-7819.jpg",215,334,false],"woocommerce_gallery_thumbnail":["https:\/\/ajupe.com.uy\/web\/wp-content\/uploads\/2016\/04\/p-2432-7819-100x100.jpg",100,100,true]},"post_excerpt_stackable_v2":"<p>En abril de 2003, Hala Jaber se encontraba en Bagdad cubriendo la guerra de Irak. En un sucio hospital de la ciudad encontr\u00f3 a una ni\u00f1a de tres a\u00f1os, gravemente quemada despu\u00e9s de que un misil norteamericano hubiera alcanzado el coche en el que hu\u00eda con s<\/p>\n","category_list_v2":"","author_info_v2":{"name":"","url":""},"comments_num_v2":"0 comentarios","_links":{"self":[{"href":"https:\/\/ajupe.com.uy\/web\/wp-json\/wp\/v2\/product\/2432","targetHints":{"allow":["GET"]}}],"collection":[{"href":"https:\/\/ajupe.com.uy\/web\/wp-json\/wp\/v2\/product"}],"about":[{"href":"https:\/\/ajupe.com.uy\/web\/wp-json\/wp\/v2\/types\/product"}],"wp:featuredmedia":[{"embeddable":true,"href":"https:\/\/ajupe.com.uy\/web\/wp-json\/wp\/v2\/media\/2433"}],"wp:attachment":[{"href":"https:\/\/ajupe.com.uy\/web\/wp-json\/wp\/v2\/media?parent=2432"}],"wp:term":[{"taxonomy":"product_brand","embeddable":true,"href":"https:\/\/ajupe.com.uy\/web\/wp-json\/wp\/v2\/product_brand?post=2432"},{"taxonomy":"product_cat","embeddable":true,"href":"https:\/\/ajupe.com.uy\/web\/wp-json\/wp\/v2\/product_cat?post=2432"},{"taxonomy":"product_tag","embeddable":true,"href":"https:\/\/ajupe.com.uy\/web\/wp-json\/wp\/v2\/product_tag?post=2432"}],"curies":[{"name":"wp","href":"https:\/\/api.w.org\/{rel}","templated":true}]}}