{"id":2438,"date":"2010-07-14T00:00:00","date_gmt":"2010-07-14T03:00:00","guid":{"rendered":"http:\/\/ajupe.com.uy\/web\/?post_type=product&#038;p=2438"},"modified":"2011-09-06T20:54:53","modified_gmt":"2011-09-06T23:54:53","slug":"invisible","status":"publish","type":"product","link":"https:\/\/ajupe.com.uy\/web\/biblioteca\/invisible\/","title":{"rendered":"Invisible"},"content":{"rendered":"<p>En 1967, Adam Walker es un joven poeta \u00e1vido de vida y literatura, con mucho m\u00e1s futuro que pasado. Estudia en la Universidad de Columbia, se opone a la guerra de Vietnam y, adem\u00e1s, \u2013esto lo dicen quienes lo conocen, porque \u00e9l no parece darse cuenta\u2013 es guap\u00edsimo. Una noche, en una fiesta de estudiantes, conoce a una pareja de franceses muy sofisticados, muy seductores. Lo primero que le llama la atenci\u00f3n a Adam es el nombre de \u00e9l, Rudolf Born, como en Bertrand de Born, el poeta provenzal que en uno de los cantos de Dante lleva su propia cabeza cortada en las manos. Tras varios d\u00edas de ambigua seducci\u00f3n en los que la pareja va tejiendo su invisible tela de ara\u00f1a en torno al hermoso e inocente americano, Rudolf Born, que est\u00e1 en Columbia como profesor invitado en la School of International Affairs, le ofrece a Adam la direcci\u00f3n de una revista literaria que \u00e9l financiar\u00e1.<\/p>\n","protected":false},"excerpt":{"rendered":"<p>En 1967, Adam Walker es un joven poeta \u00e1vido de vida y literatura, con mucho m\u00e1s futuro que pasado. Estudia en la Universidad de Columbia, se opone a la guerra de Vietnam y, adem\u00e1s, \u2013esto lo dicen quienes lo conocen, porque \u00e9l no parece darse cuenta\u2013 es g<\/p>\n","protected":false},"featured_media":2439,"template":"","meta":[],"product_brand":[988],"product_cat":[33],"product_tag":[],"class_list":{"0":"post-2438","1":"product","2":"type-product","3":"status-publish","4":"has-post-thumbnail","6":"product_brand-paul-auster","7":"product_cat-cuentos","9":"first","10":"instock","11":"purchasable","12":"product-type-simple"},"featured_image_urls_v2":{"full":["https:\/\/ajupe.com.uy\/web\/wp-content\/uploads\/2016\/04\/p-2438-7823.jpg",312,476,false],"thumbnail":["https:\/\/ajupe.com.uy\/web\/wp-content\/uploads\/2016\/04\/p-2438-7823.jpg",150,150,true],"medium":["https:\/\/ajupe.com.uy\/web\/wp-content\/uploads\/2016\/04\/p-2438-7823.jpg",300,214,true],"medium_large":["https:\/\/ajupe.com.uy\/web\/wp-content\/uploads\/2016\/04\/p-2438-7823.jpg",312,476,false],"large":["https:\/\/ajupe.com.uy\/web\/wp-content\/uploads\/2016\/04\/p-2438-7823.jpg",312,476,false],"1536x1536":["https:\/\/ajupe.com.uy\/web\/wp-content\/uploads\/2016\/04\/p-2438-7823.jpg",312,476,false],"2048x2048":["https:\/\/ajupe.com.uy\/web\/wp-content\/uploads\/2016\/04\/p-2438-7823.jpg",312,476,false],"woocommerce_archive_thumbnail":["https:\/\/ajupe.com.uy\/web\/wp-content\/uploads\/2016\/04\/p-2438-7823-300x450.jpg",300,450,true],"woocommerce_thumbnail":["https:\/\/ajupe.com.uy\/web\/wp-content\/uploads\/2016\/04\/p-2438-7823-300x300.jpg",300,300,true],"woocommerce_single":["https:\/\/ajupe.com.uy\/web\/wp-content\/uploads\/2016\/04\/p-2438-7823-300x458.jpg",300,458,true],"woocommerce_gallery_thumbnail":["https:\/\/ajupe.com.uy\/web\/wp-content\/uploads\/2016\/04\/p-2438-7823-100x100.jpg",100,100,true]},"post_excerpt_stackable_v2":"<p>En 1967, Adam Walker es un joven poeta \u00e1vido de vida y literatura, con mucho m\u00e1s futuro que pasado. Estudia en la Universidad de Columbia, se opone a la guerra de Vietnam y, adem\u00e1s, \u2013esto lo dicen quienes lo conocen, porque \u00e9l no parece darse cuenta\u2013 es g<\/p>\n","category_list_v2":"","author_info_v2":{"name":"","url":""},"comments_num_v2":"0 comentarios","_links":{"self":[{"href":"https:\/\/ajupe.com.uy\/web\/wp-json\/wp\/v2\/product\/2438","targetHints":{"allow":["GET"]}}],"collection":[{"href":"https:\/\/ajupe.com.uy\/web\/wp-json\/wp\/v2\/product"}],"about":[{"href":"https:\/\/ajupe.com.uy\/web\/wp-json\/wp\/v2\/types\/product"}],"wp:featuredmedia":[{"embeddable":true,"href":"https:\/\/ajupe.com.uy\/web\/wp-json\/wp\/v2\/media\/2439"}],"wp:attachment":[{"href":"https:\/\/ajupe.com.uy\/web\/wp-json\/wp\/v2\/media?parent=2438"}],"wp:term":[{"taxonomy":"product_brand","embeddable":true,"href":"https:\/\/ajupe.com.uy\/web\/wp-json\/wp\/v2\/product_brand?post=2438"},{"taxonomy":"product_cat","embeddable":true,"href":"https:\/\/ajupe.com.uy\/web\/wp-json\/wp\/v2\/product_cat?post=2438"},{"taxonomy":"product_tag","embeddable":true,"href":"https:\/\/ajupe.com.uy\/web\/wp-json\/wp\/v2\/product_tag?post=2438"}],"curies":[{"name":"wp","href":"https:\/\/api.w.org\/{rel}","templated":true}]}}