{"id":2440,"date":"2010-07-14T00:00:00","date_gmt":"2010-07-14T03:00:00","guid":{"rendered":"http:\/\/ajupe.com.uy\/web\/?post_type=product&#038;p=2440"},"modified":"2011-09-07T13:57:17","modified_gmt":"2011-09-07T16:57:17","slug":"cuestion-de-olfato","status":"publish","type":"product","link":"https:\/\/ajupe.com.uy\/web\/biblioteca\/cuestion-de-olfato\/","title":{"rendered":"Cuesti\u00f3n de Olfato"},"content":{"rendered":"<p>Bernie y Chet forman una pareja insuperable. Juntos trabajan como investigadores privados. Bernie est\u00e1 pasando por un mal momento sentimental y econ\u00f3mico, pero no pierde su persistencia, y Chet. \u00bfqu\u00e9 podemos decir de Chet? Quiz\u00e1 que es un perro \u00fanico, de afilada mente y singular manera de interpretar el extra\u00f1o comportamiento de los humanos. Una madre desesperada encarga a la singular pareja la investigaci\u00f3n de la desaparici\u00f3n de su hija adolescente. Aunque el caso parece sencillo, el olfato detectivesco de Chet y Bernie les indica que algo huele verdaderamente mal en este asunto. Una particular visi\u00f3n del mundo que har\u00e1 las delicias del lector<\/p>\n","protected":false},"excerpt":{"rendered":"<p>Bernie y Chet forman una pareja insuperable. Juntos trabajan como investigadores privados. Bernie est\u00e1 pasando por un mal momento sentimental y econ\u00f3mico, pero no pierde su persistencia, y Chet. \u00bfqu\u00e9 podemos decir de Chet? Quiz\u00e1 que es un perro \u00fanico, de<\/p>\n","protected":false},"featured_media":2441,"template":"","meta":[],"product_brand":[989],"product_cat":[40],"product_tag":[],"class_list":{"0":"post-2440","1":"product","2":"type-product","3":"status-publish","4":"has-post-thumbnail","6":"product_brand-spencer-quinn","7":"product_cat-policial","9":"first","10":"instock","11":"purchasable","12":"product-type-simple"},"featured_image_urls_v2":{"full":["https:\/\/ajupe.com.uy\/web\/wp-content\/uploads\/2016\/04\/p-2440-7824.jpg",234,355,false],"thumbnail":["https:\/\/ajupe.com.uy\/web\/wp-content\/uploads\/2016\/04\/p-2440-7824.jpg",150,150,true],"medium":["https:\/\/ajupe.com.uy\/web\/wp-content\/uploads\/2016\/04\/p-2440-7824.jpg",300,214,true],"medium_large":["https:\/\/ajupe.com.uy\/web\/wp-content\/uploads\/2016\/04\/p-2440-7824.jpg",234,355,false],"large":["https:\/\/ajupe.com.uy\/web\/wp-content\/uploads\/2016\/04\/p-2440-7824.jpg",234,355,false],"1536x1536":["https:\/\/ajupe.com.uy\/web\/wp-content\/uploads\/2016\/04\/p-2440-7824.jpg",234,355,false],"2048x2048":["https:\/\/ajupe.com.uy\/web\/wp-content\/uploads\/2016\/04\/p-2440-7824.jpg",234,355,false],"woocommerce_archive_thumbnail":["https:\/\/ajupe.com.uy\/web\/wp-content\/uploads\/2016\/04\/p-2440-7824-234x300.jpg",234,300,true],"woocommerce_thumbnail":["https:\/\/ajupe.com.uy\/web\/wp-content\/uploads\/2016\/04\/p-2440-7824-234x300.jpg",234,300,true],"woocommerce_single":["https:\/\/ajupe.com.uy\/web\/wp-content\/uploads\/2016\/04\/p-2440-7824.jpg",234,355,false],"woocommerce_gallery_thumbnail":["https:\/\/ajupe.com.uy\/web\/wp-content\/uploads\/2016\/04\/p-2440-7824-100x100.jpg",100,100,true]},"post_excerpt_stackable_v2":"<p>Bernie y Chet forman una pareja insuperable. Juntos trabajan como investigadores privados. Bernie est\u00e1 pasando por un mal momento sentimental y econ\u00f3mico, pero no pierde su persistencia, y Chet. \u00bfqu\u00e9 podemos decir de Chet? Quiz\u00e1 que es un perro \u00fanico, de<\/p>\n","category_list_v2":"","author_info_v2":{"name":"","url":""},"comments_num_v2":"0 comentarios","_links":{"self":[{"href":"https:\/\/ajupe.com.uy\/web\/wp-json\/wp\/v2\/product\/2440","targetHints":{"allow":["GET"]}}],"collection":[{"href":"https:\/\/ajupe.com.uy\/web\/wp-json\/wp\/v2\/product"}],"about":[{"href":"https:\/\/ajupe.com.uy\/web\/wp-json\/wp\/v2\/types\/product"}],"wp:featuredmedia":[{"embeddable":true,"href":"https:\/\/ajupe.com.uy\/web\/wp-json\/wp\/v2\/media\/2441"}],"wp:attachment":[{"href":"https:\/\/ajupe.com.uy\/web\/wp-json\/wp\/v2\/media?parent=2440"}],"wp:term":[{"taxonomy":"product_brand","embeddable":true,"href":"https:\/\/ajupe.com.uy\/web\/wp-json\/wp\/v2\/product_brand?post=2440"},{"taxonomy":"product_cat","embeddable":true,"href":"https:\/\/ajupe.com.uy\/web\/wp-json\/wp\/v2\/product_cat?post=2440"},{"taxonomy":"product_tag","embeddable":true,"href":"https:\/\/ajupe.com.uy\/web\/wp-json\/wp\/v2\/product_tag?post=2440"}],"curies":[{"name":"wp","href":"https:\/\/api.w.org\/{rel}","templated":true}]}}