{"id":2442,"date":"2010-07-14T00:00:00","date_gmt":"2010-07-14T03:00:00","guid":{"rendered":"http:\/\/ajupe.com.uy\/web\/?post_type=product&#038;p=2442"},"modified":"2011-09-06T20:51:25","modified_gmt":"2011-09-06T23:51:25","slug":"el-secreto-del-gazpacho","status":"publish","type":"product","link":"https:\/\/ajupe.com.uy\/web\/biblioteca\/el-secreto-del-gazpacho\/","title":{"rendered":"El Secreto del Gazpacho"},"content":{"rendered":"<p>Rodrigo Alonso, un publicitario de \u00e9xito que ha pasado ya la barrera de los cuarenta, ve que la edad de oro de la publicidad pertenece al pasado. Su crisis se agudiza y concluye con el abandono de la agencia en la que trabaja. Puede ser el inicio de una nueva vida, pero lo que no se espera de ning\u00fan modo este cuarent\u00f3n reci\u00e9n liberado, que se concentra in\u00fatilmente en la escritura de un libro de autoayuda sobre el hombre de nuestro tiempo, es verse involucrado en una conspiraci\u00f3n para dominar el mundo de una secta pitag\u00f3rica que le confunde con la reencarnaci\u00f3n de su m\u00edtico fundador. A partir de ese momento se ve envuelto en un torbellino de variadas desgracias y disparates. Para intentar librarse de este embrollo necesitar\u00e1 la ayuda del m\u00e1s variopinto grupo de colaboradores.<\/p>\n","protected":false},"excerpt":{"rendered":"<p>Rodrigo Alonso, un publicitario de \u00e9xito que ha pasado ya la barrera de los cuarenta, ve que la edad de oro de la publicidad pertenece al pasado. Su crisis se agudiza y concluye con el abandono de la agencia en la que trabaja. Puede ser el inicio de una n<\/p>\n","protected":false},"featured_media":2443,"template":"","meta":[],"product_brand":[990],"product_cat":[33],"product_tag":[],"class_list":{"0":"post-2442","1":"product","2":"type-product","3":"status-publish","4":"has-post-thumbnail","6":"product_brand-gervasio-posada","7":"product_cat-cuentos","9":"first","10":"instock","11":"purchasable","12":"product-type-simple"},"featured_image_urls_v2":{"full":["https:\/\/ajupe.com.uy\/web\/wp-content\/uploads\/2016\/04\/p-2442-7825.jpg",248,377,false],"thumbnail":["https:\/\/ajupe.com.uy\/web\/wp-content\/uploads\/2016\/04\/p-2442-7825.jpg",150,150,true],"medium":["https:\/\/ajupe.com.uy\/web\/wp-content\/uploads\/2016\/04\/p-2442-7825.jpg",300,214,true],"medium_large":["https:\/\/ajupe.com.uy\/web\/wp-content\/uploads\/2016\/04\/p-2442-7825.jpg",248,377,false],"large":["https:\/\/ajupe.com.uy\/web\/wp-content\/uploads\/2016\/04\/p-2442-7825.jpg",248,377,false],"1536x1536":["https:\/\/ajupe.com.uy\/web\/wp-content\/uploads\/2016\/04\/p-2442-7825.jpg",248,377,false],"2048x2048":["https:\/\/ajupe.com.uy\/web\/wp-content\/uploads\/2016\/04\/p-2442-7825.jpg",248,377,false],"woocommerce_archive_thumbnail":["https:\/\/ajupe.com.uy\/web\/wp-content\/uploads\/2016\/04\/p-2442-7825-248x300.jpg",248,300,true],"woocommerce_thumbnail":["https:\/\/ajupe.com.uy\/web\/wp-content\/uploads\/2016\/04\/p-2442-7825-248x300.jpg",248,300,true],"woocommerce_single":["https:\/\/ajupe.com.uy\/web\/wp-content\/uploads\/2016\/04\/p-2442-7825.jpg",248,377,false],"woocommerce_gallery_thumbnail":["https:\/\/ajupe.com.uy\/web\/wp-content\/uploads\/2016\/04\/p-2442-7825-100x100.jpg",100,100,true]},"post_excerpt_stackable_v2":"<p>Rodrigo Alonso, un publicitario de \u00e9xito que ha pasado ya la barrera de los cuarenta, ve que la edad de oro de la publicidad pertenece al pasado. Su crisis se agudiza y concluye con el abandono de la agencia en la que trabaja. Puede ser el inicio de una n<\/p>\n","category_list_v2":"","author_info_v2":{"name":"","url":""},"comments_num_v2":"0 comentarios","_links":{"self":[{"href":"https:\/\/ajupe.com.uy\/web\/wp-json\/wp\/v2\/product\/2442","targetHints":{"allow":["GET"]}}],"collection":[{"href":"https:\/\/ajupe.com.uy\/web\/wp-json\/wp\/v2\/product"}],"about":[{"href":"https:\/\/ajupe.com.uy\/web\/wp-json\/wp\/v2\/types\/product"}],"wp:featuredmedia":[{"embeddable":true,"href":"https:\/\/ajupe.com.uy\/web\/wp-json\/wp\/v2\/media\/2443"}],"wp:attachment":[{"href":"https:\/\/ajupe.com.uy\/web\/wp-json\/wp\/v2\/media?parent=2442"}],"wp:term":[{"taxonomy":"product_brand","embeddable":true,"href":"https:\/\/ajupe.com.uy\/web\/wp-json\/wp\/v2\/product_brand?post=2442"},{"taxonomy":"product_cat","embeddable":true,"href":"https:\/\/ajupe.com.uy\/web\/wp-json\/wp\/v2\/product_cat?post=2442"},{"taxonomy":"product_tag","embeddable":true,"href":"https:\/\/ajupe.com.uy\/web\/wp-json\/wp\/v2\/product_tag?post=2442"}],"curies":[{"name":"wp","href":"https:\/\/api.w.org\/{rel}","templated":true}]}}