{"id":2444,"date":"2010-07-14T00:00:00","date_gmt":"2010-07-14T03:00:00","guid":{"rendered":"http:\/\/ajupe.com.uy\/web\/?post_type=product&#038;p=2444"},"modified":"2011-09-07T12:48:19","modified_gmt":"2011-09-07T15:48:19","slug":"lo-mejor-de-la-vida","status":"publish","type":"product","link":"https:\/\/ajupe.com.uy\/web\/biblioteca\/lo-mejor-de-la-vida\/","title":{"rendered":"Lo Mejor De La Vida"},"content":{"rendered":"<p>Son poco m\u00e1s de las ocho de la ma\u00f1ana de un fr\u00edo d\u00eda de enero de 1952, y cientos de chicas llenan las aceras del centro de Manhattan. Las hay muy elegantes, otras muy guapas, y casi todas se dirigen hacia las cuatro paredes de un despacho donde pasar\u00e1n el resto del d\u00eda entre papeles, chismorreos y sue\u00f1os prendidos con un clip. Entre ellas destaca una joven de pelo oscuro y mirada intensa: es Caroline Bender, y \u00e9ste es su primer d\u00eda de trabajo en la editorial Fabian. Ah\u00ed descubrir\u00e1 un nuevo mundo habitado por hombres y mujeres que han hecho de la literatura un oficio, y muy pronto conocer\u00e1 a April Morrison y Gregg Adams, que ser\u00e1n sus mejores amigas. Navegando como mejor saben entre editores voraces y redactores incompetentes, las tres chicas intentan conquistar Lo mejor de la vida, y cada cual lo hace a su manera. Al final, lo que conseguir\u00e1n ser\u00e1 un paso adelante hacia la madurez en un entorno duro, despiadado con los d\u00e9biles; un mundo, en fin, donde los roles sociales est\u00e1n cambiando a marchas forzadas, pero los sentimientos a\u00fan piden a gritos un espacio propio, un lugar donde la intimidad entre un hombre y una mujer sea algo m\u00e1s que un juego.<\/p>\n","protected":false},"excerpt":{"rendered":"<p>Son poco m\u00e1s de las ocho de la ma\u00f1ana de un fr\u00edo d\u00eda de enero de 1952, y cientos de chicas llenan las aceras del centro de Manhattan. Las hay muy elegantes, otras muy guapas, y casi todas se dirigen hacia las cuatro paredes de un despacho donde pasar\u00e1n el<\/p>\n","protected":false},"featured_media":2445,"template":"","meta":[],"product_brand":[991],"product_cat":[33],"product_tag":[],"class_list":{"0":"post-2444","1":"product","2":"type-product","3":"status-publish","4":"has-post-thumbnail","6":"product_brand-rona-jaffe","7":"product_cat-cuentos","9":"first","10":"instock","11":"purchasable","12":"product-type-simple"},"featured_image_urls_v2":{"full":["https:\/\/ajupe.com.uy\/web\/wp-content\/uploads\/2016\/04\/p-2444-7827.jpg",215,328,false],"thumbnail":["https:\/\/ajupe.com.uy\/web\/wp-content\/uploads\/2016\/04\/p-2444-7827.jpg",150,150,true],"medium":["https:\/\/ajupe.com.uy\/web\/wp-content\/uploads\/2016\/04\/p-2444-7827.jpg",300,214,true],"medium_large":["https:\/\/ajupe.com.uy\/web\/wp-content\/uploads\/2016\/04\/p-2444-7827.jpg",215,328,false],"large":["https:\/\/ajupe.com.uy\/web\/wp-content\/uploads\/2016\/04\/p-2444-7827.jpg",215,328,false],"1536x1536":["https:\/\/ajupe.com.uy\/web\/wp-content\/uploads\/2016\/04\/p-2444-7827.jpg",215,328,false],"2048x2048":["https:\/\/ajupe.com.uy\/web\/wp-content\/uploads\/2016\/04\/p-2444-7827.jpg",215,328,false],"woocommerce_archive_thumbnail":["https:\/\/ajupe.com.uy\/web\/wp-content\/uploads\/2016\/04\/p-2444-7827-215x300.jpg",215,300,true],"woocommerce_thumbnail":["https:\/\/ajupe.com.uy\/web\/wp-content\/uploads\/2016\/04\/p-2444-7827-215x300.jpg",215,300,true],"woocommerce_single":["https:\/\/ajupe.com.uy\/web\/wp-content\/uploads\/2016\/04\/p-2444-7827.jpg",215,328,false],"woocommerce_gallery_thumbnail":["https:\/\/ajupe.com.uy\/web\/wp-content\/uploads\/2016\/04\/p-2444-7827-100x100.jpg",100,100,true]},"post_excerpt_stackable_v2":"<p>Son poco m\u00e1s de las ocho de la ma\u00f1ana de un fr\u00edo d\u00eda de enero de 1952, y cientos de chicas llenan las aceras del centro de Manhattan. Las hay muy elegantes, otras muy guapas, y casi todas se dirigen hacia las cuatro paredes de un despacho donde pasar\u00e1n el<\/p>\n","category_list_v2":"","author_info_v2":{"name":"","url":""},"comments_num_v2":"0 comentarios","_links":{"self":[{"href":"https:\/\/ajupe.com.uy\/web\/wp-json\/wp\/v2\/product\/2444","targetHints":{"allow":["GET"]}}],"collection":[{"href":"https:\/\/ajupe.com.uy\/web\/wp-json\/wp\/v2\/product"}],"about":[{"href":"https:\/\/ajupe.com.uy\/web\/wp-json\/wp\/v2\/types\/product"}],"wp:featuredmedia":[{"embeddable":true,"href":"https:\/\/ajupe.com.uy\/web\/wp-json\/wp\/v2\/media\/2445"}],"wp:attachment":[{"href":"https:\/\/ajupe.com.uy\/web\/wp-json\/wp\/v2\/media?parent=2444"}],"wp:term":[{"taxonomy":"product_brand","embeddable":true,"href":"https:\/\/ajupe.com.uy\/web\/wp-json\/wp\/v2\/product_brand?post=2444"},{"taxonomy":"product_cat","embeddable":true,"href":"https:\/\/ajupe.com.uy\/web\/wp-json\/wp\/v2\/product_cat?post=2444"},{"taxonomy":"product_tag","embeddable":true,"href":"https:\/\/ajupe.com.uy\/web\/wp-json\/wp\/v2\/product_tag?post=2444"}],"curies":[{"name":"wp","href":"https:\/\/api.w.org\/{rel}","templated":true}]}}