{"id":2446,"date":"2010-07-14T00:00:00","date_gmt":"2010-07-14T03:00:00","guid":{"rendered":"http:\/\/ajupe.com.uy\/web\/?post_type=product&#038;p=2446"},"modified":"2011-09-07T13:56:02","modified_gmt":"2011-09-07T16:56:02","slug":"aurora-boreal","status":"publish","type":"product","link":"https:\/\/ajupe.com.uy\/web\/biblioteca\/aurora-boreal\/","title":{"rendered":"Aurora Boreal"},"content":{"rendered":"<p>Aurora boreal fue galardonada con el Premio a la Mejor Primera Novela Negra por la Asociaci\u00f3n Sueca de Escritores de Novela Negra, y Det blod spillts, la segunda entrega de la serie, con el Premio a la Mejor Novela Negra Sueca. El cuerpo de Victor Strandgard, el predicador m\u00e1s famoso de Suecia, yace mutilado en una remota iglesia en Kiruna, una ciudad del norte sumergida en la eterna noche polar. La herman de la v\u00edctima ha encontrado el cad\u00e1ver, y la sospecha se cierne sobre ella. Desesperada, pide ayuda a su amiga de infancia, la abogada Rebecka Martinsson, que actualmente vive en Estocolmo y que regresa a su ciudad natal dispuesta a averiguar qui\u00e9n es el verdadero culpable. Durante la investigaci\u00f3n s\u00f3lo cuenta con la complicidad de Anna-Maria Mella, una inteligente y peculiar polic\u00eda embarazada. En Kiruna mucha gente parece tener algo que ocultar, y la nieve no tardar\u00e1 en te\u00f1irse de sangre.<\/p>\n","protected":false},"excerpt":{"rendered":"<p>Aurora boreal fue galardonada con el Premio a la Mejor Primera Novela Negra por la Asociaci\u00f3n Sueca de Escritores de Novela Negra, y Det blod spillts, la segunda entrega de la serie, con el Premio a la Mejor Novela Negra Sueca. El cuerpo de Victor Strandg<\/p>\n","protected":false},"featured_media":2447,"template":"","meta":[],"product_brand":[1026],"product_cat":[40],"product_tag":[],"class_list":{"0":"post-2446","1":"product","2":"type-product","3":"status-publish","4":"has-post-thumbnail","6":"product_brand-asa-larsson","7":"product_cat-policial","9":"first","10":"instock","11":"purchasable","12":"product-type-simple"},"featured_image_urls_v2":{"full":["https:\/\/ajupe.com.uy\/web\/wp-content\/uploads\/2016\/04\/p-2446-7829.jpg",218,384,false],"thumbnail":["https:\/\/ajupe.com.uy\/web\/wp-content\/uploads\/2016\/04\/p-2446-7829.jpg",150,150,true],"medium":["https:\/\/ajupe.com.uy\/web\/wp-content\/uploads\/2016\/04\/p-2446-7829.jpg",300,214,true],"medium_large":["https:\/\/ajupe.com.uy\/web\/wp-content\/uploads\/2016\/04\/p-2446-7829.jpg",218,384,false],"large":["https:\/\/ajupe.com.uy\/web\/wp-content\/uploads\/2016\/04\/p-2446-7829.jpg",218,384,false],"1536x1536":["https:\/\/ajupe.com.uy\/web\/wp-content\/uploads\/2016\/04\/p-2446-7829.jpg",218,384,false],"2048x2048":["https:\/\/ajupe.com.uy\/web\/wp-content\/uploads\/2016\/04\/p-2446-7829.jpg",218,384,false],"woocommerce_archive_thumbnail":["https:\/\/ajupe.com.uy\/web\/wp-content\/uploads\/2016\/04\/p-2446-7829-218x300.jpg",218,300,true],"woocommerce_thumbnail":["https:\/\/ajupe.com.uy\/web\/wp-content\/uploads\/2016\/04\/p-2446-7829-218x300.jpg",218,300,true],"woocommerce_single":["https:\/\/ajupe.com.uy\/web\/wp-content\/uploads\/2016\/04\/p-2446-7829.jpg",218,384,false],"woocommerce_gallery_thumbnail":["https:\/\/ajupe.com.uy\/web\/wp-content\/uploads\/2016\/04\/p-2446-7829-100x100.jpg",100,100,true]},"post_excerpt_stackable_v2":"<p>Aurora boreal fue galardonada con el Premio a la Mejor Primera Novela Negra por la Asociaci\u00f3n Sueca de Escritores de Novela Negra, y Det blod spillts, la segunda entrega de la serie, con el Premio a la Mejor Novela Negra Sueca. El cuerpo de Victor Strandg<\/p>\n","category_list_v2":"","author_info_v2":{"name":"","url":""},"comments_num_v2":"0 comentarios","_links":{"self":[{"href":"https:\/\/ajupe.com.uy\/web\/wp-json\/wp\/v2\/product\/2446","targetHints":{"allow":["GET"]}}],"collection":[{"href":"https:\/\/ajupe.com.uy\/web\/wp-json\/wp\/v2\/product"}],"about":[{"href":"https:\/\/ajupe.com.uy\/web\/wp-json\/wp\/v2\/types\/product"}],"wp:featuredmedia":[{"embeddable":true,"href":"https:\/\/ajupe.com.uy\/web\/wp-json\/wp\/v2\/media\/2447"}],"wp:attachment":[{"href":"https:\/\/ajupe.com.uy\/web\/wp-json\/wp\/v2\/media?parent=2446"}],"wp:term":[{"taxonomy":"product_brand","embeddable":true,"href":"https:\/\/ajupe.com.uy\/web\/wp-json\/wp\/v2\/product_brand?post=2446"},{"taxonomy":"product_cat","embeddable":true,"href":"https:\/\/ajupe.com.uy\/web\/wp-json\/wp\/v2\/product_cat?post=2446"},{"taxonomy":"product_tag","embeddable":true,"href":"https:\/\/ajupe.com.uy\/web\/wp-json\/wp\/v2\/product_tag?post=2446"}],"curies":[{"name":"wp","href":"https:\/\/api.w.org\/{rel}","templated":true}]}}