{"id":2456,"date":"2010-07-14T00:00:00","date_gmt":"2010-07-14T03:00:00","guid":{"rendered":"http:\/\/ajupe.com.uy\/web\/?post_type=product&#038;p=2456"},"modified":"2011-09-07T13:58:59","modified_gmt":"2011-09-07T16:58:59","slug":"el-hombre-sonriente","status":"publish","type":"product","link":"https:\/\/ajupe.com.uy\/web\/biblioteca\/el-hombre-sonriente\/","title":{"rendered":"El Hombre Sonriente"},"content":{"rendered":"<p>Una noche de niebla Gustaf Tortensson frena en seco su coche y sale aterrado al descubrir en medio del asfalto una fantasmag\u00f3rica aparici\u00f3n; es lo \u00faltimo que hace en su vida. La permanente sonrisa del principal sospechoso y la impresi\u00f3n de que su vida corre peligro pondr\u00e1n a prueba la entereza y habilidad del inspector Wallander, en un complicado caso de delicuencia econ\u00f3mica.<\/p>\n","protected":false},"excerpt":{"rendered":"<p>Una noche de niebla Gustaf Tortensson frena en seco su coche y sale aterrado al descubrir en medio del asfalto una fantasmag\u00f3rica aparici\u00f3n; es lo \u00faltimo que hace en su vida. La permanente sonrisa del principal sospechoso y la impresi\u00f3n de que su vida cor<\/p>\n","protected":false},"featured_media":2457,"template":"","meta":[],"product_brand":[996],"product_cat":[40],"product_tag":[],"class_list":{"0":"post-2456","1":"product","2":"type-product","3":"status-publish","4":"has-post-thumbnail","6":"product_brand-henning-mankell","7":"product_cat-policial","9":"first","10":"instock","11":"purchasable","12":"product-type-simple"},"featured_image_urls_v2":{"full":["https:\/\/ajupe.com.uy\/web\/wp-content\/uploads\/2016\/04\/p-2456-7839.jpg",300,447,false],"thumbnail":["https:\/\/ajupe.com.uy\/web\/wp-content\/uploads\/2016\/04\/p-2456-7839.jpg",150,150,true],"medium":["https:\/\/ajupe.com.uy\/web\/wp-content\/uploads\/2016\/04\/p-2456-7839.jpg",300,214,true],"medium_large":["https:\/\/ajupe.com.uy\/web\/wp-content\/uploads\/2016\/04\/p-2456-7839.jpg",300,447,false],"large":["https:\/\/ajupe.com.uy\/web\/wp-content\/uploads\/2016\/04\/p-2456-7839.jpg",300,447,false],"1536x1536":["https:\/\/ajupe.com.uy\/web\/wp-content\/uploads\/2016\/04\/p-2456-7839.jpg",300,447,false],"2048x2048":["https:\/\/ajupe.com.uy\/web\/wp-content\/uploads\/2016\/04\/p-2456-7839.jpg",300,447,false],"woocommerce_archive_thumbnail":["https:\/\/ajupe.com.uy\/web\/wp-content\/uploads\/2016\/04\/p-2456-7839-300x400.jpg",300,400,true],"woocommerce_thumbnail":["https:\/\/ajupe.com.uy\/web\/wp-content\/uploads\/2016\/04\/p-2456-7839-300x300.jpg",300,300,true],"woocommerce_single":["https:\/\/ajupe.com.uy\/web\/wp-content\/uploads\/2016\/04\/p-2456-7839.jpg",300,447,false],"woocommerce_gallery_thumbnail":["https:\/\/ajupe.com.uy\/web\/wp-content\/uploads\/2016\/04\/p-2456-7839-100x100.jpg",100,100,true]},"post_excerpt_stackable_v2":"<p>Una noche de niebla Gustaf Tortensson frena en seco su coche y sale aterrado al descubrir en medio del asfalto una fantasmag\u00f3rica aparici\u00f3n; es lo \u00faltimo que hace en su vida. La permanente sonrisa del principal sospechoso y la impresi\u00f3n de que su vida cor<\/p>\n","category_list_v2":"","author_info_v2":{"name":"","url":""},"comments_num_v2":"0 comentarios","_links":{"self":[{"href":"https:\/\/ajupe.com.uy\/web\/wp-json\/wp\/v2\/product\/2456","targetHints":{"allow":["GET"]}}],"collection":[{"href":"https:\/\/ajupe.com.uy\/web\/wp-json\/wp\/v2\/product"}],"about":[{"href":"https:\/\/ajupe.com.uy\/web\/wp-json\/wp\/v2\/types\/product"}],"wp:featuredmedia":[{"embeddable":true,"href":"https:\/\/ajupe.com.uy\/web\/wp-json\/wp\/v2\/media\/2457"}],"wp:attachment":[{"href":"https:\/\/ajupe.com.uy\/web\/wp-json\/wp\/v2\/media?parent=2456"}],"wp:term":[{"taxonomy":"product_brand","embeddable":true,"href":"https:\/\/ajupe.com.uy\/web\/wp-json\/wp\/v2\/product_brand?post=2456"},{"taxonomy":"product_cat","embeddable":true,"href":"https:\/\/ajupe.com.uy\/web\/wp-json\/wp\/v2\/product_cat?post=2456"},{"taxonomy":"product_tag","embeddable":true,"href":"https:\/\/ajupe.com.uy\/web\/wp-json\/wp\/v2\/product_tag?post=2456"}],"curies":[{"name":"wp","href":"https:\/\/api.w.org\/{rel}","templated":true}]}}