{"id":2460,"date":"2010-07-14T00:00:00","date_gmt":"2010-07-14T03:00:00","guid":{"rendered":"http:\/\/ajupe.com.uy\/web\/?post_type=product&#038;p=2460"},"modified":"2011-09-05T16:29:56","modified_gmt":"2011-09-05T19:29:56","slug":"frio-como-el-acero","status":"publish","type":"product","link":"https:\/\/ajupe.com.uy\/web\/biblioteca\/frio-como-el-acero\/","title":{"rendered":"Fr\u00edo como el acero"},"content":{"rendered":"<p>Oliver Stone y el Camel Club- un grupo de ex agentes de la CIA dispuesto a no dejar impunes los cr\u00edmenes perpetrados por los servicios de inteligencia- se enfrentan a una peligrosa aventura. Su amiga Annabelle Conroy ha estafado millones de d\u00f3lares a Jerry Bagger, asesino de su madre y due\u00f1o de un exitoso casino en Atlantic City. Stone y sus colegas cierran filas para proteger a Annabelle, pero sus habilidades no ser\u00e1n suficientes cuando un mort\u00edfero adversario resurja del misterioso pasado de Stone&#8230; Una novela del Camel Club, un brillante e intenso thriller pol\u00edtico. Una inolvidable novela de venganzas, conspiraciones y asesinatos que enfrentar\u00e1 a un grupo de h\u00e9roes con las peores amenazas.<\/p>\n","protected":false},"excerpt":{"rendered":"<p>Oliver Stone y el Camel Club- un grupo de ex agentes de la CIA dispuesto a no dejar impunes los cr\u00edmenes perpetrados por los servicios de inteligencia- se enfrentan a una peligrosa aventura. Su amiga Annabelle Conroy ha estafado millones de d\u00f3lares a Jerr<\/p>\n","protected":false},"featured_media":2461,"template":"","meta":[],"product_brand":[414],"product_cat":[40],"product_tag":[],"class_list":{"0":"post-2460","1":"product","2":"type-product","3":"status-publish","4":"has-post-thumbnail","6":"product_brand-david-baldacci","7":"product_cat-policial","9":"first","10":"instock","11":"purchasable","12":"product-type-simple"},"featured_image_urls_v2":{"full":["https:\/\/ajupe.com.uy\/web\/wp-content\/uploads\/2016\/04\/p-2460-7841.jpg",251,375,false],"thumbnail":["https:\/\/ajupe.com.uy\/web\/wp-content\/uploads\/2016\/04\/p-2460-7841.jpg",150,150,true],"medium":["https:\/\/ajupe.com.uy\/web\/wp-content\/uploads\/2016\/04\/p-2460-7841.jpg",300,214,true],"medium_large":["https:\/\/ajupe.com.uy\/web\/wp-content\/uploads\/2016\/04\/p-2460-7841.jpg",251,375,false],"large":["https:\/\/ajupe.com.uy\/web\/wp-content\/uploads\/2016\/04\/p-2460-7841.jpg",251,375,false],"1536x1536":["https:\/\/ajupe.com.uy\/web\/wp-content\/uploads\/2016\/04\/p-2460-7841.jpg",251,375,false],"2048x2048":["https:\/\/ajupe.com.uy\/web\/wp-content\/uploads\/2016\/04\/p-2460-7841.jpg",251,375,false],"woocommerce_archive_thumbnail":["https:\/\/ajupe.com.uy\/web\/wp-content\/uploads\/2016\/04\/p-2460-7841-251x300.jpg",251,300,true],"woocommerce_thumbnail":["https:\/\/ajupe.com.uy\/web\/wp-content\/uploads\/2016\/04\/p-2460-7841-251x300.jpg",251,300,true],"woocommerce_single":["https:\/\/ajupe.com.uy\/web\/wp-content\/uploads\/2016\/04\/p-2460-7841.jpg",251,375,false],"woocommerce_gallery_thumbnail":["https:\/\/ajupe.com.uy\/web\/wp-content\/uploads\/2016\/04\/p-2460-7841-100x100.jpg",100,100,true]},"post_excerpt_stackable_v2":"<p>Oliver Stone y el Camel Club- un grupo de ex agentes de la CIA dispuesto a no dejar impunes los cr\u00edmenes perpetrados por los servicios de inteligencia- se enfrentan a una peligrosa aventura. Su amiga Annabelle Conroy ha estafado millones de d\u00f3lares a Jerr<\/p>\n","category_list_v2":"","author_info_v2":{"name":"","url":""},"comments_num_v2":"0 comentarios","_links":{"self":[{"href":"https:\/\/ajupe.com.uy\/web\/wp-json\/wp\/v2\/product\/2460","targetHints":{"allow":["GET"]}}],"collection":[{"href":"https:\/\/ajupe.com.uy\/web\/wp-json\/wp\/v2\/product"}],"about":[{"href":"https:\/\/ajupe.com.uy\/web\/wp-json\/wp\/v2\/types\/product"}],"wp:featuredmedia":[{"embeddable":true,"href":"https:\/\/ajupe.com.uy\/web\/wp-json\/wp\/v2\/media\/2461"}],"wp:attachment":[{"href":"https:\/\/ajupe.com.uy\/web\/wp-json\/wp\/v2\/media?parent=2460"}],"wp:term":[{"taxonomy":"product_brand","embeddable":true,"href":"https:\/\/ajupe.com.uy\/web\/wp-json\/wp\/v2\/product_brand?post=2460"},{"taxonomy":"product_cat","embeddable":true,"href":"https:\/\/ajupe.com.uy\/web\/wp-json\/wp\/v2\/product_cat?post=2460"},{"taxonomy":"product_tag","embeddable":true,"href":"https:\/\/ajupe.com.uy\/web\/wp-json\/wp\/v2\/product_tag?post=2460"}],"curies":[{"name":"wp","href":"https:\/\/api.w.org\/{rel}","templated":true}]}}