{"id":2468,"date":"2010-07-14T00:00:00","date_gmt":"2010-07-14T03:00:00","guid":{"rendered":"http:\/\/ajupe.com.uy\/web\/?post_type=product&#038;p=2468"},"modified":"2011-09-07T12:56:18","modified_gmt":"2011-09-07T15:56:18","slug":"un-ladron-entre-nosotros","status":"publish","type":"product","link":"https:\/\/ajupe.com.uy\/web\/biblioteca\/un-ladron-entre-nosotros\/","title":{"rendered":"Un ladr\u00f3n entre nosotros"},"content":{"rendered":"<p>Un suceso extraordinario ha roto la rutina de la escuela: una serie de robos ha tenido lugar en el sal\u00f3n de cuarto A. La maestra, estupefacta, no logra concebir que realmente pueda haber un ladr\u00f3n entre los alumnos. En este prodigioso y divertido relato que habla con las voces de los ni\u00f1os, protagonistas y lectores podr\u00e1n jugar a los investigadores privados para resolver extra\u00f1os misterios. \u00bfA qui\u00e9n est\u00e1 dirigido este libro? Esta estupenda historia est\u00e1 dirigida a lectores entre los nueve y los once a\u00f1os de edad, capaces de comprender tramas m\u00e1s extensas, as\u00ed como los aspectos psicol\u00f3gicos que intervienen en las situaciones cotidianas y los sentidos de la iron\u00eda y del buen humor. \u00bfPor qu\u00e9 es importante leer este libro? La lectura de este libro es fundamental para despertar en los lectores el esp\u00edritu curioso y la iniciativa por encontrar la explicaci\u00f3n de aquello que les resulta desconocido o misterioso. Es tambi\u00e9n una hermosa lecci\u00f3n acerca del poder de la reflexi\u00f3n y del an\u00e1lisis, as\u00ed como de la amistad y de la confianza.<\/p>\n","protected":false},"excerpt":{"rendered":"<p>Un suceso extraordinario ha roto la rutina de la escuela: una serie de robos ha tenido lugar en el sal\u00f3n de cuarto A. La maestra, estupefacta, no logra concebir que realmente pueda haber un ladr\u00f3n entre los alumnos. En este prodigioso y divertido relato q<\/p>\n","protected":false},"featured_media":2469,"template":"","meta":[],"product_brand":[1000],"product_cat":[33],"product_tag":[],"class_list":{"0":"post-2468","1":"product","2":"type-product","3":"status-publish","4":"has-post-thumbnail","6":"product_brand-claudia-pineiro","7":"product_cat-cuentos","9":"first","10":"instock","11":"purchasable","12":"product-type-simple"},"featured_image_urls_v2":{"full":["https:\/\/ajupe.com.uy\/web\/wp-content\/uploads\/2016\/04\/p-2468-7848.jpg",204,393,false],"thumbnail":["https:\/\/ajupe.com.uy\/web\/wp-content\/uploads\/2016\/04\/p-2468-7848.jpg",150,150,true],"medium":["https:\/\/ajupe.com.uy\/web\/wp-content\/uploads\/2016\/04\/p-2468-7848.jpg",300,214,true],"medium_large":["https:\/\/ajupe.com.uy\/web\/wp-content\/uploads\/2016\/04\/p-2468-7848.jpg",204,393,false],"large":["https:\/\/ajupe.com.uy\/web\/wp-content\/uploads\/2016\/04\/p-2468-7848.jpg",204,393,false],"1536x1536":["https:\/\/ajupe.com.uy\/web\/wp-content\/uploads\/2016\/04\/p-2468-7848.jpg",204,393,false],"2048x2048":["https:\/\/ajupe.com.uy\/web\/wp-content\/uploads\/2016\/04\/p-2468-7848.jpg",204,393,false],"woocommerce_archive_thumbnail":["https:\/\/ajupe.com.uy\/web\/wp-content\/uploads\/2016\/04\/p-2468-7848-204x300.jpg",204,300,true],"woocommerce_thumbnail":["https:\/\/ajupe.com.uy\/web\/wp-content\/uploads\/2016\/04\/p-2468-7848-204x300.jpg",204,300,true],"woocommerce_single":["https:\/\/ajupe.com.uy\/web\/wp-content\/uploads\/2016\/04\/p-2468-7848.jpg",204,393,false],"woocommerce_gallery_thumbnail":["https:\/\/ajupe.com.uy\/web\/wp-content\/uploads\/2016\/04\/p-2468-7848-100x100.jpg",100,100,true]},"post_excerpt_stackable_v2":"<p>Un suceso extraordinario ha roto la rutina de la escuela: una serie de robos ha tenido lugar en el sal\u00f3n de cuarto A. La maestra, estupefacta, no logra concebir que realmente pueda haber un ladr\u00f3n entre los alumnos. En este prodigioso y divertido relato q<\/p>\n","category_list_v2":"","author_info_v2":{"name":"","url":""},"comments_num_v2":"0 comentarios","_links":{"self":[{"href":"https:\/\/ajupe.com.uy\/web\/wp-json\/wp\/v2\/product\/2468","targetHints":{"allow":["GET"]}}],"collection":[{"href":"https:\/\/ajupe.com.uy\/web\/wp-json\/wp\/v2\/product"}],"about":[{"href":"https:\/\/ajupe.com.uy\/web\/wp-json\/wp\/v2\/types\/product"}],"wp:featuredmedia":[{"embeddable":true,"href":"https:\/\/ajupe.com.uy\/web\/wp-json\/wp\/v2\/media\/2469"}],"wp:attachment":[{"href":"https:\/\/ajupe.com.uy\/web\/wp-json\/wp\/v2\/media?parent=2468"}],"wp:term":[{"taxonomy":"product_brand","embeddable":true,"href":"https:\/\/ajupe.com.uy\/web\/wp-json\/wp\/v2\/product_brand?post=2468"},{"taxonomy":"product_cat","embeddable":true,"href":"https:\/\/ajupe.com.uy\/web\/wp-json\/wp\/v2\/product_cat?post=2468"},{"taxonomy":"product_tag","embeddable":true,"href":"https:\/\/ajupe.com.uy\/web\/wp-json\/wp\/v2\/product_tag?post=2468"}],"curies":[{"name":"wp","href":"https:\/\/api.w.org\/{rel}","templated":true}]}}