{"id":2476,"date":"2010-07-14T00:00:00","date_gmt":"2010-07-14T03:00:00","guid":{"rendered":"http:\/\/ajupe.com.uy\/web\/?post_type=product&#038;p=2476"},"modified":"2011-09-06T18:39:24","modified_gmt":"2011-09-06T21:39:24","slug":"rosas-sin-espinas-cuatro-bodas-2","status":"publish","type":"product","link":"https:\/\/ajupe.com.uy\/web\/biblioteca\/rosas-sin-espinas-cuatro-bodas-2\/","title":{"rendered":"Rosas Sin Espinas (Cuatro Bodas 2)"},"content":{"rendered":"<p>A los 11 a\u00f1os Emmeline so\u00f1aba con bailar un vals nupcial en un jard\u00edn rec\u00f3ndito a la luz de la Luna. Y es que de peque\u00f1a, Em fue la m\u00e1s rom\u00e1ntica y so\u00f1adora de sus amigas. Un romanticismo y unos sue\u00f1os que ha volcado en sus dos pasiones: las fl ores y los hombres. Por eso es la encargada de los arreglos florales de la empresa de bodas que comparte con tres amigas. Em es una aut\u00e9ntica rompecorazones, y aunque el de ella sigue intacto, todav\u00eda no ha encontrado el hombre con quien bailar su vals. Hasta que Jack, un amigo desde hace a\u00f1os, comete el error de besarla. \u00bfPodr\u00e1 el amor cruzar la barrera de la amistad?<\/p>\n","protected":false},"excerpt":{"rendered":"<p>A los 11 a\u00f1os Emmeline so\u00f1aba con bailar un vals nupcial en un jard\u00edn rec\u00f3ndito a la luz de la Luna. Y es que de peque\u00f1a, Em fue la m\u00e1s rom\u00e1ntica y so\u00f1adora de sus amigas. Un romanticismo y unos sue\u00f1os que ha volcado en sus dos pasiones: las fl ores y los<\/p>\n","protected":false},"featured_media":2477,"template":"","meta":[],"product_brand":[267],"product_cat":[38],"product_tag":[],"class_list":{"0":"post-2476","1":"product","2":"type-product","3":"status-publish","4":"has-post-thumbnail","6":"product_brand-nora-roberts","7":"product_cat-amor","9":"first","10":"instock","11":"purchasable","12":"product-type-simple"},"featured_image_urls_v2":{"full":["https:\/\/ajupe.com.uy\/web\/wp-content\/uploads\/2016\/04\/p-2476-7854.jpg",274,421,false],"thumbnail":["https:\/\/ajupe.com.uy\/web\/wp-content\/uploads\/2016\/04\/p-2476-7854.jpg",150,150,true],"medium":["https:\/\/ajupe.com.uy\/web\/wp-content\/uploads\/2016\/04\/p-2476-7854.jpg",300,214,true],"medium_large":["https:\/\/ajupe.com.uy\/web\/wp-content\/uploads\/2016\/04\/p-2476-7854.jpg",274,421,false],"large":["https:\/\/ajupe.com.uy\/web\/wp-content\/uploads\/2016\/04\/p-2476-7854.jpg",274,421,false],"1536x1536":["https:\/\/ajupe.com.uy\/web\/wp-content\/uploads\/2016\/04\/p-2476-7854.jpg",274,421,false],"2048x2048":["https:\/\/ajupe.com.uy\/web\/wp-content\/uploads\/2016\/04\/p-2476-7854.jpg",274,421,false],"woocommerce_archive_thumbnail":["https:\/\/ajupe.com.uy\/web\/wp-content\/uploads\/2016\/04\/p-2476-7854-274x400.jpg",274,400,true],"woocommerce_thumbnail":["https:\/\/ajupe.com.uy\/web\/wp-content\/uploads\/2016\/04\/p-2476-7854-274x300.jpg",274,300,true],"woocommerce_single":["https:\/\/ajupe.com.uy\/web\/wp-content\/uploads\/2016\/04\/p-2476-7854.jpg",274,421,false],"woocommerce_gallery_thumbnail":["https:\/\/ajupe.com.uy\/web\/wp-content\/uploads\/2016\/04\/p-2476-7854-100x100.jpg",100,100,true]},"post_excerpt_stackable_v2":"<p>A los 11 a\u00f1os Emmeline so\u00f1aba con bailar un vals nupcial en un jard\u00edn rec\u00f3ndito a la luz de la Luna. Y es que de peque\u00f1a, Em fue la m\u00e1s rom\u00e1ntica y so\u00f1adora de sus amigas. Un romanticismo y unos sue\u00f1os que ha volcado en sus dos pasiones: las fl ores y los<\/p>\n","category_list_v2":"","author_info_v2":{"name":"","url":""},"comments_num_v2":"0 comentarios","_links":{"self":[{"href":"https:\/\/ajupe.com.uy\/web\/wp-json\/wp\/v2\/product\/2476","targetHints":{"allow":["GET"]}}],"collection":[{"href":"https:\/\/ajupe.com.uy\/web\/wp-json\/wp\/v2\/product"}],"about":[{"href":"https:\/\/ajupe.com.uy\/web\/wp-json\/wp\/v2\/types\/product"}],"wp:featuredmedia":[{"embeddable":true,"href":"https:\/\/ajupe.com.uy\/web\/wp-json\/wp\/v2\/media\/2477"}],"wp:attachment":[{"href":"https:\/\/ajupe.com.uy\/web\/wp-json\/wp\/v2\/media?parent=2476"}],"wp:term":[{"taxonomy":"product_brand","embeddable":true,"href":"https:\/\/ajupe.com.uy\/web\/wp-json\/wp\/v2\/product_brand?post=2476"},{"taxonomy":"product_cat","embeddable":true,"href":"https:\/\/ajupe.com.uy\/web\/wp-json\/wp\/v2\/product_cat?post=2476"},{"taxonomy":"product_tag","embeddable":true,"href":"https:\/\/ajupe.com.uy\/web\/wp-json\/wp\/v2\/product_tag?post=2476"}],"curies":[{"name":"wp","href":"https:\/\/api.w.org\/{rel}","templated":true}]}}