{"id":2478,"date":"2010-07-14T00:00:00","date_gmt":"2010-07-14T03:00:00","guid":{"rendered":"http:\/\/ajupe.com.uy\/web\/?post_type=product&#038;p=2478"},"modified":"2011-09-07T14:57:10","modified_gmt":"2011-09-07T17:57:10","slug":"cabo-negro","status":"publish","type":"product","link":"https:\/\/ajupe.com.uy\/web\/biblioteca\/cabo-negro\/","title":{"rendered":"Cabo Negro"},"content":{"rendered":"<p>Cuatro mujeres y un testigo mudo, en aparente equilibrio. Blanca, una librera inteligente y solitaria, resignada a su fealdad exterior. Mabel, una cocinera inquieta y sensual. Luisa, viuda bonachona y alegre. Mecha, una mujer bell\u00edsima pero amargada por su derrumbe econ\u00f3mico y social. Pedro, acechado por una enfermedad que lo condena en silencio. Hasta que irrumpe Augusto Arn\u00e1val en Cabo Negro, despu\u00e9s de m\u00e1s de veinte a\u00f1os de ausencia. Ha llegado en pleno mes de agosto al balneario en el que su mujer fue asesinada. Nadie lo ha visto, pero hay luces en su residencia de verano y eso perturba a los lugare\u00f1os como no lo hacen las tormentas ni el viento que embisten el Cabo Negro durante el invierno.<\/p>\n","protected":false},"excerpt":{"rendered":"<p>Cuatro mujeres y un testigo mudo, en aparente equilibrio. Blanca, una librera inteligente y solitaria, resignada a su fealdad exterior. Mabel, una cocinera inquieta y sensual. Luisa, viuda bonachona y alegre. Mecha, una mujer bell\u00edsima pero amargada por s<\/p>\n","protected":false},"featured_media":2479,"template":"","meta":[],"product_brand":[1003],"product_cat":[29],"product_tag":[],"class_list":{"0":"post-2478","1":"product","2":"type-product","3":"status-publish","4":"has-post-thumbnail","6":"product_brand-eloisa-armand-ugon","7":"product_cat-novela","9":"first","10":"instock","11":"purchasable","12":"product-type-simple"},"featured_image_urls_v2":{"full":["https:\/\/ajupe.com.uy\/web\/wp-content\/uploads\/2016\/04\/p-2478-7855.jpg",267,458,false],"thumbnail":["https:\/\/ajupe.com.uy\/web\/wp-content\/uploads\/2016\/04\/p-2478-7855.jpg",150,150,true],"medium":["https:\/\/ajupe.com.uy\/web\/wp-content\/uploads\/2016\/04\/p-2478-7855.jpg",300,214,true],"medium_large":["https:\/\/ajupe.com.uy\/web\/wp-content\/uploads\/2016\/04\/p-2478-7855.jpg",267,458,false],"large":["https:\/\/ajupe.com.uy\/web\/wp-content\/uploads\/2016\/04\/p-2478-7855.jpg",267,458,false],"1536x1536":["https:\/\/ajupe.com.uy\/web\/wp-content\/uploads\/2016\/04\/p-2478-7855.jpg",267,458,false],"2048x2048":["https:\/\/ajupe.com.uy\/web\/wp-content\/uploads\/2016\/04\/p-2478-7855.jpg",267,458,false],"woocommerce_archive_thumbnail":["https:\/\/ajupe.com.uy\/web\/wp-content\/uploads\/2016\/04\/p-2478-7855-267x450.jpg",267,450,true],"woocommerce_thumbnail":["https:\/\/ajupe.com.uy\/web\/wp-content\/uploads\/2016\/04\/p-2478-7855-267x300.jpg",267,300,true],"woocommerce_single":["https:\/\/ajupe.com.uy\/web\/wp-content\/uploads\/2016\/04\/p-2478-7855.jpg",267,458,false],"woocommerce_gallery_thumbnail":["https:\/\/ajupe.com.uy\/web\/wp-content\/uploads\/2016\/04\/p-2478-7855-100x100.jpg",100,100,true]},"post_excerpt_stackable_v2":"<p>Cuatro mujeres y un testigo mudo, en aparente equilibrio. Blanca, una librera inteligente y solitaria, resignada a su fealdad exterior. Mabel, una cocinera inquieta y sensual. Luisa, viuda bonachona y alegre. Mecha, una mujer bell\u00edsima pero amargada por s<\/p>\n","category_list_v2":"","author_info_v2":{"name":"","url":""},"comments_num_v2":"0 comentarios","_links":{"self":[{"href":"https:\/\/ajupe.com.uy\/web\/wp-json\/wp\/v2\/product\/2478","targetHints":{"allow":["GET"]}}],"collection":[{"href":"https:\/\/ajupe.com.uy\/web\/wp-json\/wp\/v2\/product"}],"about":[{"href":"https:\/\/ajupe.com.uy\/web\/wp-json\/wp\/v2\/types\/product"}],"wp:featuredmedia":[{"embeddable":true,"href":"https:\/\/ajupe.com.uy\/web\/wp-json\/wp\/v2\/media\/2479"}],"wp:attachment":[{"href":"https:\/\/ajupe.com.uy\/web\/wp-json\/wp\/v2\/media?parent=2478"}],"wp:term":[{"taxonomy":"product_brand","embeddable":true,"href":"https:\/\/ajupe.com.uy\/web\/wp-json\/wp\/v2\/product_brand?post=2478"},{"taxonomy":"product_cat","embeddable":true,"href":"https:\/\/ajupe.com.uy\/web\/wp-json\/wp\/v2\/product_cat?post=2478"},{"taxonomy":"product_tag","embeddable":true,"href":"https:\/\/ajupe.com.uy\/web\/wp-json\/wp\/v2\/product_tag?post=2478"}],"curies":[{"name":"wp","href":"https:\/\/api.w.org\/{rel}","templated":true}]}}