{"id":2482,"date":"2010-07-14T00:00:00","date_gmt":"2010-07-14T03:00:00","guid":{"rendered":"http:\/\/ajupe.com.uy\/web\/?post_type=product&#038;p=2482"},"modified":"2011-09-07T12:54:26","modified_gmt":"2011-09-07T15:54:26","slug":"siete-vidas","status":"publish","type":"product","link":"https:\/\/ajupe.com.uy\/web\/biblioteca\/siete-vidas\/","title":{"rendered":"Siete Vidas"},"content":{"rendered":"<p>Tres amigos viajan a Memphis para donar sangre a un viejo conocido ingresado tras un accidente. Sin embargo, estos tres pueblerinos se pierden en las luces de la gran ciudad. En Siete vidas hay personas tenaces, como una anciana madre que lo deja todo por ese hijo condenado a muerte que lleva a\u00f1os esperando un indulto que nunca llega. Y personas hartas de sobrellevar una vida de recriminaciones, como el abogado Mack Stafford, casado con una mujer odiosa, de una familia adinerada, que estaba convencida de que junto a \u00e9l llevar\u00eda una vida de lujo. Pero tambi\u00e9n hay abogados de \u00e9xito pero sin escr\u00fapulos, capaces de causar la ruina de una familia. Del mismo modo, hay personas sin piedad e hip\u00f3critas que ni siquiera son capaces de aceptar al hijo pr\u00f3digo enfermo de SIDA, ni mucho menos o\u00edr en voz alta la palabra \u00abhomosexual\u00bb. Historias de reencuentros y de peque\u00f1as redenciones. Grisham muestra aqu\u00ed registros in\u00e9ditos y, una vez m\u00e1s, confirma su sensibilidad hacia los que nada tienen, los desfavorecidos y los discriminados.<\/p>\n","protected":false},"excerpt":{"rendered":"<p>Tres amigos viajan a Memphis para donar sangre a un viejo conocido ingresado tras un accidente. Sin embargo, estos tres pueblerinos se pierden en las luces de la gran ciudad. En Siete vidas hay personas tenaces, como una anciana madre que lo deja todo por<\/p>\n","protected":false},"featured_media":2483,"template":"","meta":[],"product_brand":[77],"product_cat":[33],"product_tag":[],"class_list":{"0":"post-2482","1":"product","2":"type-product","3":"status-publish","4":"has-post-thumbnail","6":"product_brand-john-grisham","7":"product_cat-cuentos","9":"first","10":"instock","11":"purchasable","12":"product-type-simple"},"featured_image_urls_v2":{"full":["https:\/\/ajupe.com.uy\/web\/wp-content\/uploads\/2016\/04\/p-2482-7857.jpg",250,385,false],"thumbnail":["https:\/\/ajupe.com.uy\/web\/wp-content\/uploads\/2016\/04\/p-2482-7857.jpg",150,150,true],"medium":["https:\/\/ajupe.com.uy\/web\/wp-content\/uploads\/2016\/04\/p-2482-7857.jpg",300,214,true],"medium_large":["https:\/\/ajupe.com.uy\/web\/wp-content\/uploads\/2016\/04\/p-2482-7857.jpg",250,385,false],"large":["https:\/\/ajupe.com.uy\/web\/wp-content\/uploads\/2016\/04\/p-2482-7857.jpg",250,385,false],"1536x1536":["https:\/\/ajupe.com.uy\/web\/wp-content\/uploads\/2016\/04\/p-2482-7857.jpg",250,385,false],"2048x2048":["https:\/\/ajupe.com.uy\/web\/wp-content\/uploads\/2016\/04\/p-2482-7857.jpg",250,385,false],"woocommerce_archive_thumbnail":["https:\/\/ajupe.com.uy\/web\/wp-content\/uploads\/2016\/04\/p-2482-7857-250x300.jpg",250,300,true],"woocommerce_thumbnail":["https:\/\/ajupe.com.uy\/web\/wp-content\/uploads\/2016\/04\/p-2482-7857-250x300.jpg",250,300,true],"woocommerce_single":["https:\/\/ajupe.com.uy\/web\/wp-content\/uploads\/2016\/04\/p-2482-7857.jpg",250,385,false],"woocommerce_gallery_thumbnail":["https:\/\/ajupe.com.uy\/web\/wp-content\/uploads\/2016\/04\/p-2482-7857-100x100.jpg",100,100,true]},"post_excerpt_stackable_v2":"<p>Tres amigos viajan a Memphis para donar sangre a un viejo conocido ingresado tras un accidente. Sin embargo, estos tres pueblerinos se pierden en las luces de la gran ciudad. En Siete vidas hay personas tenaces, como una anciana madre que lo deja todo por<\/p>\n","category_list_v2":"","author_info_v2":{"name":"","url":""},"comments_num_v2":"0 comentarios","_links":{"self":[{"href":"https:\/\/ajupe.com.uy\/web\/wp-json\/wp\/v2\/product\/2482","targetHints":{"allow":["GET"]}}],"collection":[{"href":"https:\/\/ajupe.com.uy\/web\/wp-json\/wp\/v2\/product"}],"about":[{"href":"https:\/\/ajupe.com.uy\/web\/wp-json\/wp\/v2\/types\/product"}],"wp:featuredmedia":[{"embeddable":true,"href":"https:\/\/ajupe.com.uy\/web\/wp-json\/wp\/v2\/media\/2483"}],"wp:attachment":[{"href":"https:\/\/ajupe.com.uy\/web\/wp-json\/wp\/v2\/media?parent=2482"}],"wp:term":[{"taxonomy":"product_brand","embeddable":true,"href":"https:\/\/ajupe.com.uy\/web\/wp-json\/wp\/v2\/product_brand?post=2482"},{"taxonomy":"product_cat","embeddable":true,"href":"https:\/\/ajupe.com.uy\/web\/wp-json\/wp\/v2\/product_cat?post=2482"},{"taxonomy":"product_tag","embeddable":true,"href":"https:\/\/ajupe.com.uy\/web\/wp-json\/wp\/v2\/product_tag?post=2482"}],"curies":[{"name":"wp","href":"https:\/\/api.w.org\/{rel}","templated":true}]}}