{"id":2488,"date":"2010-07-14T00:00:00","date_gmt":"2010-07-14T03:00:00","guid":{"rendered":"http:\/\/ajupe.com.uy\/web\/?post_type=product&#038;p=2488"},"modified":"2011-09-06T21:04:33","modified_gmt":"2011-09-07T00:04:33","slug":"la-ltima-cancion","status":"publish","type":"product","link":"https:\/\/ajupe.com.uy\/web\/biblioteca\/la-ltima-cancion\/","title":{"rendered":"La \u00daltima Canci\u00f3n"},"content":{"rendered":"<p>Cuando su madre la obliga a pasar las vacaciones con su padre en un pueblo de Carolina del Norte, Ronnie Miller una adolescente de 17 a\u00f1os, no puede imaginarse una tortura peor. Hace tres a\u00f1os que sus padres se separaron, pero ella nunca lo super\u00f3. Su padre, concertista y profesor de piano, vive alejado de todo en una casita cerca de la playa, donde Ronnie y su hermano peque\u00f1o ir\u00e1n a pasar las vacaciones. En este entorno id\u00edlico, Ronnie descubrir\u00e1 la importancia de los diferentes tipos de amor que pueden poblar la vida de una persona: el que existe entre padres e hijos, el amor por la m\u00fasica y el m\u00e1s importante para ella, el primer amor por un chico.<\/p>\n","protected":false},"excerpt":{"rendered":"<p>Cuando su madre la obliga a pasar las vacaciones con su padre en un pueblo de Carolina del Norte, Ronnie Miller una adolescente de 17 a\u00f1os, no puede imaginarse una tortura peor. Hace tres a\u00f1os que sus padres se separaron, pero ella nunca lo super\u00f3. Su pad<\/p>\n","protected":false},"featured_media":2489,"template":"","meta":[],"product_brand":[441],"product_cat":[33],"product_tag":[],"class_list":{"0":"post-2488","1":"product","2":"type-product","3":"status-publish","4":"has-post-thumbnail","6":"product_brand-nicholas-sparks","7":"product_cat-cuentos","9":"first","10":"instock","11":"purchasable","12":"product-type-simple"},"featured_image_urls_v2":{"full":["https:\/\/ajupe.com.uy\/web\/wp-content\/uploads\/2016\/04\/p-2488-7860.jpg",275,420,false],"thumbnail":["https:\/\/ajupe.com.uy\/web\/wp-content\/uploads\/2016\/04\/p-2488-7860.jpg",150,150,true],"medium":["https:\/\/ajupe.com.uy\/web\/wp-content\/uploads\/2016\/04\/p-2488-7860.jpg",300,214,true],"medium_large":["https:\/\/ajupe.com.uy\/web\/wp-content\/uploads\/2016\/04\/p-2488-7860.jpg",275,420,false],"large":["https:\/\/ajupe.com.uy\/web\/wp-content\/uploads\/2016\/04\/p-2488-7860.jpg",275,420,false],"1536x1536":["https:\/\/ajupe.com.uy\/web\/wp-content\/uploads\/2016\/04\/p-2488-7860.jpg",275,420,false],"2048x2048":["https:\/\/ajupe.com.uy\/web\/wp-content\/uploads\/2016\/04\/p-2488-7860.jpg",275,420,false],"woocommerce_archive_thumbnail":["https:\/\/ajupe.com.uy\/web\/wp-content\/uploads\/2016\/04\/p-2488-7860-275x400.jpg",275,400,true],"woocommerce_thumbnail":["https:\/\/ajupe.com.uy\/web\/wp-content\/uploads\/2016\/04\/p-2488-7860-275x300.jpg",275,300,true],"woocommerce_single":["https:\/\/ajupe.com.uy\/web\/wp-content\/uploads\/2016\/04\/p-2488-7860.jpg",275,420,false],"woocommerce_gallery_thumbnail":["https:\/\/ajupe.com.uy\/web\/wp-content\/uploads\/2016\/04\/p-2488-7860-100x100.jpg",100,100,true]},"post_excerpt_stackable_v2":"<p>Cuando su madre la obliga a pasar las vacaciones con su padre en un pueblo de Carolina del Norte, Ronnie Miller una adolescente de 17 a\u00f1os, no puede imaginarse una tortura peor. Hace tres a\u00f1os que sus padres se separaron, pero ella nunca lo super\u00f3. Su pad<\/p>\n","category_list_v2":"","author_info_v2":{"name":"","url":""},"comments_num_v2":"0 comentarios","_links":{"self":[{"href":"https:\/\/ajupe.com.uy\/web\/wp-json\/wp\/v2\/product\/2488","targetHints":{"allow":["GET"]}}],"collection":[{"href":"https:\/\/ajupe.com.uy\/web\/wp-json\/wp\/v2\/product"}],"about":[{"href":"https:\/\/ajupe.com.uy\/web\/wp-json\/wp\/v2\/types\/product"}],"wp:featuredmedia":[{"embeddable":true,"href":"https:\/\/ajupe.com.uy\/web\/wp-json\/wp\/v2\/media\/2489"}],"wp:attachment":[{"href":"https:\/\/ajupe.com.uy\/web\/wp-json\/wp\/v2\/media?parent=2488"}],"wp:term":[{"taxonomy":"product_brand","embeddable":true,"href":"https:\/\/ajupe.com.uy\/web\/wp-json\/wp\/v2\/product_brand?post=2488"},{"taxonomy":"product_cat","embeddable":true,"href":"https:\/\/ajupe.com.uy\/web\/wp-json\/wp\/v2\/product_cat?post=2488"},{"taxonomy":"product_tag","embeddable":true,"href":"https:\/\/ajupe.com.uy\/web\/wp-json\/wp\/v2\/product_tag?post=2488"}],"curies":[{"name":"wp","href":"https:\/\/api.w.org\/{rel}","templated":true}]}}