{"id":2492,"date":"2010-07-14T00:00:00","date_gmt":"2010-07-14T03:00:00","guid":{"rendered":"http:\/\/ajupe.com.uy\/web\/?post_type=product&#038;p=2492"},"modified":"2011-09-07T14:59:40","modified_gmt":"2011-09-07T17:59:40","slug":"celebracion","status":"publish","type":"product","link":"https:\/\/ajupe.com.uy\/web\/biblioteca\/celebracion\/","title":{"rendered":"Celebraci\u00f3n"},"content":{"rendered":"<p>Con mano segura, un estilo original y piadoso sentido del humor, Guillermo \u00c1lvarez Castro publica su cuarta novela. En ella nos presenta a Ezequiel, que vive con su t\u00eda en un pueblo del interior. Hu\u00e9rfano de Isabel, muerta en el parto, el ni\u00f1o aguarda ansiosamente el regreso de su padre, quien lo abandon\u00f3 siendo un reci\u00e9n nacido. Entre tanto, deber\u00e1 tolerar la convivencia con el desagradable marido de su t\u00eda y sufrir los dolores del crecimiento personal. Mientras Efra\u00edn, -el a\u00f1orado padre a quien espera desde la infancia -habita un mundo repleto de aventuras tan fascinantes como febriles, dentro y alrededor de Ezequiel todo va despertando: el sexo, el amor, un pa\u00eds devastado por la crisis y la violencia pol\u00edtica, un escenario donde la memoria es pieza clave, cimiento y raz\u00f3n de la existencia. La novela da cuenta de las peripecias de este adolescente que intenta, a veces a ciegas, siempre con fervor, descubrir y develar acontecimientos y protagonistas de su historia personal, marcada por el convulsivo \u00e1mbito de los a\u00f1os previos al golpe de Estado y por el opresivo silencio de la dictadura.<\/p>\n","protected":false},"excerpt":{"rendered":"<p>Con mano segura, un estilo original y piadoso sentido del humor, Guillermo \u00c1lvarez Castro publica su cuarta novela. En ella nos presenta a Ezequiel, que vive con su t\u00eda en un pueblo del interior. Hu\u00e9rfano de Isabel, muerta en el parto, el ni\u00f1o aguarda ans<\/p>\n","protected":false},"featured_media":2493,"template":"","meta":[],"product_brand":[1006],"product_cat":[29],"product_tag":[],"class_list":{"0":"post-2492","1":"product","2":"type-product","3":"status-publish","4":"has-post-thumbnail","6":"product_brand-guillermo-lvarez-castro","7":"product_cat-novela","9":"first","10":"instock","11":"purchasable","12":"product-type-simple"},"featured_image_urls_v2":{"full":["https:\/\/ajupe.com.uy\/web\/wp-content\/uploads\/2016\/04\/p-2492-7862.jpg",229,375,false],"thumbnail":["https:\/\/ajupe.com.uy\/web\/wp-content\/uploads\/2016\/04\/p-2492-7862.jpg",150,150,true],"medium":["https:\/\/ajupe.com.uy\/web\/wp-content\/uploads\/2016\/04\/p-2492-7862.jpg",300,214,true],"medium_large":["https:\/\/ajupe.com.uy\/web\/wp-content\/uploads\/2016\/04\/p-2492-7862.jpg",229,375,false],"large":["https:\/\/ajupe.com.uy\/web\/wp-content\/uploads\/2016\/04\/p-2492-7862.jpg",229,375,false],"1536x1536":["https:\/\/ajupe.com.uy\/web\/wp-content\/uploads\/2016\/04\/p-2492-7862.jpg",229,375,false],"2048x2048":["https:\/\/ajupe.com.uy\/web\/wp-content\/uploads\/2016\/04\/p-2492-7862.jpg",229,375,false],"woocommerce_archive_thumbnail":["https:\/\/ajupe.com.uy\/web\/wp-content\/uploads\/2016\/04\/p-2492-7862-229x300.jpg",229,300,true],"woocommerce_thumbnail":["https:\/\/ajupe.com.uy\/web\/wp-content\/uploads\/2016\/04\/p-2492-7862-229x300.jpg",229,300,true],"woocommerce_single":["https:\/\/ajupe.com.uy\/web\/wp-content\/uploads\/2016\/04\/p-2492-7862.jpg",229,375,false],"woocommerce_gallery_thumbnail":["https:\/\/ajupe.com.uy\/web\/wp-content\/uploads\/2016\/04\/p-2492-7862-100x100.jpg",100,100,true]},"post_excerpt_stackable_v2":"<p>Con mano segura, un estilo original y piadoso sentido del humor, Guillermo \u00c1lvarez Castro publica su cuarta novela. En ella nos presenta a Ezequiel, que vive con su t\u00eda en un pueblo del interior. Hu\u00e9rfano de Isabel, muerta en el parto, el ni\u00f1o aguarda ans<\/p>\n","category_list_v2":"","author_info_v2":{"name":"","url":""},"comments_num_v2":"0 comentarios","_links":{"self":[{"href":"https:\/\/ajupe.com.uy\/web\/wp-json\/wp\/v2\/product\/2492","targetHints":{"allow":["GET"]}}],"collection":[{"href":"https:\/\/ajupe.com.uy\/web\/wp-json\/wp\/v2\/product"}],"about":[{"href":"https:\/\/ajupe.com.uy\/web\/wp-json\/wp\/v2\/types\/product"}],"wp:featuredmedia":[{"embeddable":true,"href":"https:\/\/ajupe.com.uy\/web\/wp-json\/wp\/v2\/media\/2493"}],"wp:attachment":[{"href":"https:\/\/ajupe.com.uy\/web\/wp-json\/wp\/v2\/media?parent=2492"}],"wp:term":[{"taxonomy":"product_brand","embeddable":true,"href":"https:\/\/ajupe.com.uy\/web\/wp-json\/wp\/v2\/product_brand?post=2492"},{"taxonomy":"product_cat","embeddable":true,"href":"https:\/\/ajupe.com.uy\/web\/wp-json\/wp\/v2\/product_cat?post=2492"},{"taxonomy":"product_tag","embeddable":true,"href":"https:\/\/ajupe.com.uy\/web\/wp-json\/wp\/v2\/product_tag?post=2492"}],"curies":[{"name":"wp","href":"https:\/\/api.w.org\/{rel}","templated":true}]}}