{"id":2500,"date":"2010-07-14T00:00:00","date_gmt":"2010-07-14T03:00:00","guid":{"rendered":"http:\/\/ajupe.com.uy\/web\/?post_type=product&#038;p=2500"},"modified":"2011-09-06T20:25:00","modified_gmt":"2011-09-06T23:25:00","slug":"los-suenos-de-mi-padre","status":"publish","type":"product","link":"https:\/\/ajupe.com.uy\/web\/biblioteca\/los-suenos-de-mi-padre\/","title":{"rendered":"Los sue\u00f1os de mi padre"},"content":{"rendered":"<p>Los sue\u00f1os de mi padre es un extraordinario libro de memorias donde Barack Obama narra las vicisitudes de una vida dividida entre dos mundos: el de los blancos y el de los negros. Nacido en Hawai, hijo de negro africano y blanca norteamericana, Barack ten\u00eda s\u00f3lo dos a\u00f1os cuando su padre les abandon\u00f3 para regresar a Kenia. Posteriormente Barack vivi\u00f3 en Indonesia y regres\u00f3 de nuevo a Hawai, donde estuvo varios a\u00f1os bajo la tutela de sus abuelos maternos. Muchos a\u00f1os despu\u00e9s, instalado ya en Chicago como organizador comunitario, Barack recibe una llamada telef\u00f3nica desde Nairobi: su t\u00eda africana le comunica que su padre ha muerto. Esta inesperada noticia hace que Obama emprenda una odisea sentimental, decidido a conocer la verdad sobre la vida de su padre y a reagrupar su mundo dividido. Escrito a la edad de treinta y tres a\u00f1os, antes de que el autor pensara hacer carrera pol\u00edtica, Los sue\u00f1os de mi padre es una lectura inolvidable. No s\u00f3lo nos revela la andadura f\u00edsica y espiritual de Barack Obama, sino su deseo de comprender la historia de Norteam\u00e9rica y el car\u00e1cter y la forma de vida de sus conciudadanos.<\/p>\n","protected":false},"excerpt":{"rendered":"<p>Los sue\u00f1os de mi padre es un extraordinario libro de memorias donde Barack Obama narra las vicisitudes de una vida dividida entre dos mundos: el de los blancos y el de los negros. Nacido en Hawai, hijo de negro africano y blanca norteamericana, Barack ten<\/p>\n","protected":false},"featured_media":2501,"template":"","meta":[],"product_brand":[1009],"product_cat":[44],"product_tag":[],"class_list":{"0":"post-2500","1":"product","2":"type-product","3":"status-publish","4":"has-post-thumbnail","6":"product_brand-barack-obama","7":"product_cat-biografico","9":"first","10":"instock","11":"purchasable","12":"product-type-simple"},"featured_image_urls_v2":{"full":["https:\/\/ajupe.com.uy\/web\/wp-content\/uploads\/2016\/04\/p-2500-7731.jpg",197,294,false],"thumbnail":["https:\/\/ajupe.com.uy\/web\/wp-content\/uploads\/2016\/04\/p-2500-7731.jpg",150,150,true],"medium":["https:\/\/ajupe.com.uy\/web\/wp-content\/uploads\/2016\/04\/p-2500-7731.jpg",300,214,true],"medium_large":["https:\/\/ajupe.com.uy\/web\/wp-content\/uploads\/2016\/04\/p-2500-7731.jpg",197,294,false],"large":["https:\/\/ajupe.com.uy\/web\/wp-content\/uploads\/2016\/04\/p-2500-7731.jpg",197,294,false],"1536x1536":["https:\/\/ajupe.com.uy\/web\/wp-content\/uploads\/2016\/04\/p-2500-7731.jpg",197,294,false],"2048x2048":["https:\/\/ajupe.com.uy\/web\/wp-content\/uploads\/2016\/04\/p-2500-7731.jpg",197,294,false],"woocommerce_archive_thumbnail":["https:\/\/ajupe.com.uy\/web\/wp-content\/uploads\/2016\/04\/p-2500-7731.jpg",197,294,false],"woocommerce_thumbnail":["https:\/\/ajupe.com.uy\/web\/wp-content\/uploads\/2016\/04\/p-2500-7731.jpg",197,294,false],"woocommerce_single":["https:\/\/ajupe.com.uy\/web\/wp-content\/uploads\/2016\/04\/p-2500-7731.jpg",197,294,false],"woocommerce_gallery_thumbnail":["https:\/\/ajupe.com.uy\/web\/wp-content\/uploads\/2016\/04\/p-2500-7731-100x100.jpg",100,100,true]},"post_excerpt_stackable_v2":"<p>Los sue\u00f1os de mi padre es un extraordinario libro de memorias donde Barack Obama narra las vicisitudes de una vida dividida entre dos mundos: el de los blancos y el de los negros. Nacido en Hawai, hijo de negro africano y blanca norteamericana, Barack ten<\/p>\n","category_list_v2":"","author_info_v2":{"name":"","url":""},"comments_num_v2":"0 comentarios","_links":{"self":[{"href":"https:\/\/ajupe.com.uy\/web\/wp-json\/wp\/v2\/product\/2500","targetHints":{"allow":["GET"]}}],"collection":[{"href":"https:\/\/ajupe.com.uy\/web\/wp-json\/wp\/v2\/product"}],"about":[{"href":"https:\/\/ajupe.com.uy\/web\/wp-json\/wp\/v2\/types\/product"}],"wp:featuredmedia":[{"embeddable":true,"href":"https:\/\/ajupe.com.uy\/web\/wp-json\/wp\/v2\/media\/2501"}],"wp:attachment":[{"href":"https:\/\/ajupe.com.uy\/web\/wp-json\/wp\/v2\/media?parent=2500"}],"wp:term":[{"taxonomy":"product_brand","embeddable":true,"href":"https:\/\/ajupe.com.uy\/web\/wp-json\/wp\/v2\/product_brand?post=2500"},{"taxonomy":"product_cat","embeddable":true,"href":"https:\/\/ajupe.com.uy\/web\/wp-json\/wp\/v2\/product_cat?post=2500"},{"taxonomy":"product_tag","embeddable":true,"href":"https:\/\/ajupe.com.uy\/web\/wp-json\/wp\/v2\/product_tag?post=2500"}],"curies":[{"name":"wp","href":"https:\/\/api.w.org\/{rel}","templated":true}]}}