{"id":2515,"date":"2010-07-14T00:00:00","date_gmt":"2010-07-14T03:00:00","guid":{"rendered":"http:\/\/ajupe.com.uy\/web\/?post_type=product&#038;p=2515"},"modified":"2011-09-07T14:05:35","modified_gmt":"2011-09-07T17:05:35","slug":"la-ultima-mentira","status":"publish","type":"product","link":"https:\/\/ajupe.com.uy\/web\/biblioteca\/la-ultima-mentira\/","title":{"rendered":"La \u00faltima mentira"},"content":{"rendered":"<p>Una mujer acusada del asesinato de su amante se ve atrapada en un laberinto de presiones psicol\u00f3gicas que s\u00f3lo le deja una salida: el suicidio. \u00bfO tal vez no? Narrado en orden cronol\u00f3gico inverso, este impactante thriller gira en torno a Allison Pagone, una autora de best-s\u00e9llers. Nuestra primera imagen de la escritora es del momento inmediatamente posterior a su muerte. A partir de ah\u00ed, la historia se mueve hacia atr\u00e1s en el tiempo, como en la aclamada pel\u00edcula Memento: una hora antes, luego un d\u00eda, despu\u00e9s un mes, hasta que llegamos al comienzo y descubrimos lo que verdaderamente pas\u00f3\u2026 y lo que no.<\/p>\n","protected":false},"excerpt":{"rendered":"<p>Una mujer acusada del asesinato de su amante se ve atrapada en un laberinto de presiones psicol\u00f3gicas que s\u00f3lo le deja una salida: el suicidio. \u00bfO tal vez no? Narrado en orden cronol\u00f3gico inverso, este impactante thriller gira en torno a Allison Pagone, u<\/p>\n","protected":false},"featured_media":2516,"template":"","meta":[],"product_brand":[478],"product_cat":[40],"product_tag":[],"class_list":{"0":"post-2515","1":"product","2":"type-product","3":"status-publish","4":"has-post-thumbnail","6":"product_brand-david-ellis","7":"product_cat-policial","9":"first","10":"instock","11":"purchasable","12":"product-type-simple"},"featured_image_urls_v2":{"full":["https:\/\/ajupe.com.uy\/web\/wp-content\/uploads\/2016\/04\/p-2515-7826.jpg",288,442,false],"thumbnail":["https:\/\/ajupe.com.uy\/web\/wp-content\/uploads\/2016\/04\/p-2515-7826.jpg",150,150,true],"medium":["https:\/\/ajupe.com.uy\/web\/wp-content\/uploads\/2016\/04\/p-2515-7826.jpg",300,214,true],"medium_large":["https:\/\/ajupe.com.uy\/web\/wp-content\/uploads\/2016\/04\/p-2515-7826.jpg",288,442,false],"large":["https:\/\/ajupe.com.uy\/web\/wp-content\/uploads\/2016\/04\/p-2515-7826.jpg",288,442,false],"1536x1536":["https:\/\/ajupe.com.uy\/web\/wp-content\/uploads\/2016\/04\/p-2515-7826.jpg",288,442,false],"2048x2048":["https:\/\/ajupe.com.uy\/web\/wp-content\/uploads\/2016\/04\/p-2515-7826.jpg",288,442,false],"woocommerce_archive_thumbnail":["https:\/\/ajupe.com.uy\/web\/wp-content\/uploads\/2016\/04\/p-2515-7826-288x400.jpg",288,400,true],"woocommerce_thumbnail":["https:\/\/ajupe.com.uy\/web\/wp-content\/uploads\/2016\/04\/p-2515-7826-288x300.jpg",288,300,true],"woocommerce_single":["https:\/\/ajupe.com.uy\/web\/wp-content\/uploads\/2016\/04\/p-2515-7826.jpg",288,442,false],"woocommerce_gallery_thumbnail":["https:\/\/ajupe.com.uy\/web\/wp-content\/uploads\/2016\/04\/p-2515-7826-100x100.jpg",100,100,true]},"post_excerpt_stackable_v2":"<p>Una mujer acusada del asesinato de su amante se ve atrapada en un laberinto de presiones psicol\u00f3gicas que s\u00f3lo le deja una salida: el suicidio. \u00bfO tal vez no? Narrado en orden cronol\u00f3gico inverso, este impactante thriller gira en torno a Allison Pagone, u<\/p>\n","category_list_v2":"","author_info_v2":{"name":"","url":""},"comments_num_v2":"0 comentarios","_links":{"self":[{"href":"https:\/\/ajupe.com.uy\/web\/wp-json\/wp\/v2\/product\/2515","targetHints":{"allow":["GET"]}}],"collection":[{"href":"https:\/\/ajupe.com.uy\/web\/wp-json\/wp\/v2\/product"}],"about":[{"href":"https:\/\/ajupe.com.uy\/web\/wp-json\/wp\/v2\/types\/product"}],"wp:featuredmedia":[{"embeddable":true,"href":"https:\/\/ajupe.com.uy\/web\/wp-json\/wp\/v2\/media\/2516"}],"wp:attachment":[{"href":"https:\/\/ajupe.com.uy\/web\/wp-json\/wp\/v2\/media?parent=2515"}],"wp:term":[{"taxonomy":"product_brand","embeddable":true,"href":"https:\/\/ajupe.com.uy\/web\/wp-json\/wp\/v2\/product_brand?post=2515"},{"taxonomy":"product_cat","embeddable":true,"href":"https:\/\/ajupe.com.uy\/web\/wp-json\/wp\/v2\/product_cat?post=2515"},{"taxonomy":"product_tag","embeddable":true,"href":"https:\/\/ajupe.com.uy\/web\/wp-json\/wp\/v2\/product_tag?post=2515"}],"curies":[{"name":"wp","href":"https:\/\/api.w.org\/{rel}","templated":true}]}}