{"id":2517,"date":"2010-07-14T00:00:00","date_gmt":"2010-07-14T03:00:00","guid":{"rendered":"http:\/\/ajupe.com.uy\/web\/?post_type=product&#038;p=2517"},"modified":"2012-06-14T20:58:51","modified_gmt":"2012-06-14T23:58:51","slug":"clara-la-loca","status":"publish","type":"product","link":"https:\/\/ajupe.com.uy\/web\/biblioteca\/clara-la-loca\/","title":{"rendered":"Clara, la loca"},"content":{"rendered":"<p>De la mano de Clara Garc\u00eda de Z\u00fa\u00f1iga, de su vida y de su familia, Mercedes Vigil recorre momentos, lugares y personajes claves en la historia del R\u00edo de la Plata, en el siglo XIX. Clara, la loca es la historia de una mujer transgresora que pag\u00f3 el precio de querer vivir una vida libre de los preceptos sociales que impon\u00eda la \u00e9poca. Una madre severa, un casamiento por acomodo entre familias, un marido ambicioso y golpeador, una maternidad sufrida y solitaria, amores frustrados y ambiciones ajenas que la rodearon desde siempre, son algunos de los detalles que conforman la vida de una mujer destinada a sufrir hasta el final. A trav\u00e9s de Clara, la loca, Mercedes Vigil retorna a la novela hist\u00f3rica y recrea el mito de una de las mujeres que trascendieron a la sociedad de su tiempo y nos invita a conocerla en su verdadera dimensi\u00f3n. En palabras de la autora: \u201cEsta novela sale al rescate de la historia posible de Clara Garc\u00eda de Z\u00fa\u00f1iga, una mujer intensa, que luch\u00f3 por construirse a s\u00ed misma, que conoci\u00f3 m\u00e1s desamores que amores, y tras nacer inmensamente rica, muri\u00f3, inmensamente sola\u201d. Mercedes Vigil<\/p>\n","protected":false},"excerpt":{"rendered":"<p>De la mano de Clara Garc\u00eda de Z\u00fa\u00f1iga, de su vida y de su familia, Mercedes Vigil recorre momentos, lugares y personajes claves en la historia del R\u00edo de la Plata, en el siglo XIX. Clara, la loca es la historia de una mujer transgresora que pag\u00f3 el precio<\/p>\n","protected":false},"featured_media":2518,"template":"","meta":[],"product_brand":[292],"product_cat":[31],"product_tag":[],"class_list":{"0":"post-2517","1":"product","2":"type-product","3":"status-publish","4":"has-post-thumbnail","6":"product_brand-mercedes-vigil","7":"product_cat-historico","9":"first","10":"instock","11":"purchasable","12":"product-type-simple"},"featured_image_urls_v2":{"full":["https:\/\/ajupe.com.uy\/web\/wp-content\/uploads\/2016\/04\/p-2517-7835.jpg",219,338,false],"thumbnail":["https:\/\/ajupe.com.uy\/web\/wp-content\/uploads\/2016\/04\/p-2517-7835.jpg",150,150,true],"medium":["https:\/\/ajupe.com.uy\/web\/wp-content\/uploads\/2016\/04\/p-2517-7835.jpg",300,214,true],"medium_large":["https:\/\/ajupe.com.uy\/web\/wp-content\/uploads\/2016\/04\/p-2517-7835.jpg",219,338,false],"large":["https:\/\/ajupe.com.uy\/web\/wp-content\/uploads\/2016\/04\/p-2517-7835.jpg",219,338,false],"1536x1536":["https:\/\/ajupe.com.uy\/web\/wp-content\/uploads\/2016\/04\/p-2517-7835.jpg",219,338,false],"2048x2048":["https:\/\/ajupe.com.uy\/web\/wp-content\/uploads\/2016\/04\/p-2517-7835.jpg",219,338,false],"woocommerce_archive_thumbnail":["https:\/\/ajupe.com.uy\/web\/wp-content\/uploads\/2016\/04\/p-2517-7835-219x300.jpg",219,300,true],"woocommerce_thumbnail":["https:\/\/ajupe.com.uy\/web\/wp-content\/uploads\/2016\/04\/p-2517-7835-219x300.jpg",219,300,true],"woocommerce_single":["https:\/\/ajupe.com.uy\/web\/wp-content\/uploads\/2016\/04\/p-2517-7835.jpg",219,338,false],"woocommerce_gallery_thumbnail":["https:\/\/ajupe.com.uy\/web\/wp-content\/uploads\/2016\/04\/p-2517-7835-100x100.jpg",100,100,true]},"post_excerpt_stackable_v2":"<p>De la mano de Clara Garc\u00eda de Z\u00fa\u00f1iga, de su vida y de su familia, Mercedes Vigil recorre momentos, lugares y personajes claves en la historia del R\u00edo de la Plata, en el siglo XIX. Clara, la loca es la historia de una mujer transgresora que pag\u00f3 el precio<\/p>\n","category_list_v2":"","author_info_v2":{"name":"","url":""},"comments_num_v2":"0 comentarios","_links":{"self":[{"href":"https:\/\/ajupe.com.uy\/web\/wp-json\/wp\/v2\/product\/2517","targetHints":{"allow":["GET"]}}],"collection":[{"href":"https:\/\/ajupe.com.uy\/web\/wp-json\/wp\/v2\/product"}],"about":[{"href":"https:\/\/ajupe.com.uy\/web\/wp-json\/wp\/v2\/types\/product"}],"wp:featuredmedia":[{"embeddable":true,"href":"https:\/\/ajupe.com.uy\/web\/wp-json\/wp\/v2\/media\/2518"}],"wp:attachment":[{"href":"https:\/\/ajupe.com.uy\/web\/wp-json\/wp\/v2\/media?parent=2517"}],"wp:term":[{"taxonomy":"product_brand","embeddable":true,"href":"https:\/\/ajupe.com.uy\/web\/wp-json\/wp\/v2\/product_brand?post=2517"},{"taxonomy":"product_cat","embeddable":true,"href":"https:\/\/ajupe.com.uy\/web\/wp-json\/wp\/v2\/product_cat?post=2517"},{"taxonomy":"product_tag","embeddable":true,"href":"https:\/\/ajupe.com.uy\/web\/wp-json\/wp\/v2\/product_tag?post=2517"}],"curies":[{"name":"wp","href":"https:\/\/api.w.org\/{rel}","templated":true}]}}