{"id":2519,"date":"2010-07-14T00:00:00","date_gmt":"2010-07-14T03:00:00","guid":{"rendered":"http:\/\/ajupe.com.uy\/web\/?post_type=product&#038;p=2519"},"modified":"2011-09-07T14:36:55","modified_gmt":"2011-09-07T17:36:55","slug":"elogio-del-placer","status":"publish","type":"product","link":"https:\/\/ajupe.com.uy\/web\/biblioteca\/elogio-del-placer\/","title":{"rendered":"Elogio del placer"},"content":{"rendered":"<p>\u00abMarcos, \u00a1hac\u00e9s bien en alejarte de las malas ondas! Quer\u00e9s escribir sobre cosas buenas, aunque sabemos que es m\u00e1s f\u00e1cil referirse a las malas. No te achiques, no te sometas a la corriente. Atragantarse con lo malo corrompe la vida. De todo coraz\u00f3n, te acompa\u00f1o en el desaf\u00edo\u00bb. Una respuesta contundente: \u00abEl placer no es irrelevante. Es concreto, cotidiano y alcanzable. Es una necesidad. Sin su tit\u00e1nico motor se detendr\u00eda el mundo. Mueve al hombre. \u00a1Qu\u00e9 digo! \u00a1Mueve la vida!\u00bb. Contracara perfecta de \u00a1Pobre patria m\u00eda!, el libro m\u00e1s le\u00eddo de 2009, este Elogio del Placer se aplica de modo radical a examinar los resortes del goce: el poder curativo del humor, los vericuetos del pecado, los encantos del carnaval, los claroscuros de la filosof\u00eda, la felicidad que entregan una buena biblioteca, el cine, el sexo, la pintura, el romance, el consumo y un poco m\u00e1s de sexo. \u00abEl placer apela a cualquier recurso, l\u00edcito o il\u00edcito\u00bb, dice el autor, y \u00e9se es el principio que rige este ensayo erudito, gozoso y dionis\u00edaco. Un libro, en fin, que recorre el espinel del placer desde la inocencia hasta el peligro, desde el br\u00edo hasta la toxicidad, y que explica mejor que cualquier biograf\u00eda qui\u00e9n es Marcos Aguinis.<\/p>\n","protected":false},"excerpt":{"rendered":"<p>\u00abMarcos, \u00a1hac\u00e9s bien en alejarte de las malas ondas! Quer\u00e9s escribir sobre cosas buenas, aunque sabemos que es m\u00e1s f\u00e1cil referirse a las malas. No te achiques, no te sometas a la corriente. Atragantarse con lo malo corrompe la vida. De todo coraz\u00f3n, te ac<\/p>\n","protected":false},"featured_media":2520,"template":"","meta":[],"product_brand":[263],"product_cat":[34],"product_tag":[],"class_list":{"0":"post-2519","1":"product","2":"type-product","3":"status-publish","4":"has-post-thumbnail","6":"product_brand-marcos-aguinis","7":"product_cat-otros","9":"first","10":"instock","11":"purchasable","12":"product-type-simple"},"featured_image_urls_v2":{"full":["https:\/\/ajupe.com.uy\/web\/wp-content\/uploads\/2016\/04\/p-2519-7843.jpg",240,343,false],"thumbnail":["https:\/\/ajupe.com.uy\/web\/wp-content\/uploads\/2016\/04\/p-2519-7843.jpg",150,150,true],"medium":["https:\/\/ajupe.com.uy\/web\/wp-content\/uploads\/2016\/04\/p-2519-7843.jpg",300,214,true],"medium_large":["https:\/\/ajupe.com.uy\/web\/wp-content\/uploads\/2016\/04\/p-2519-7843.jpg",240,343,false],"large":["https:\/\/ajupe.com.uy\/web\/wp-content\/uploads\/2016\/04\/p-2519-7843.jpg",240,343,false],"1536x1536":["https:\/\/ajupe.com.uy\/web\/wp-content\/uploads\/2016\/04\/p-2519-7843.jpg",240,343,false],"2048x2048":["https:\/\/ajupe.com.uy\/web\/wp-content\/uploads\/2016\/04\/p-2519-7843.jpg",240,343,false],"woocommerce_archive_thumbnail":["https:\/\/ajupe.com.uy\/web\/wp-content\/uploads\/2016\/04\/p-2519-7843-240x300.jpg",240,300,true],"woocommerce_thumbnail":["https:\/\/ajupe.com.uy\/web\/wp-content\/uploads\/2016\/04\/p-2519-7843-240x300.jpg",240,300,true],"woocommerce_single":["https:\/\/ajupe.com.uy\/web\/wp-content\/uploads\/2016\/04\/p-2519-7843.jpg",240,343,false],"woocommerce_gallery_thumbnail":["https:\/\/ajupe.com.uy\/web\/wp-content\/uploads\/2016\/04\/p-2519-7843-100x100.jpg",100,100,true]},"post_excerpt_stackable_v2":"<p>\u00abMarcos, \u00a1hac\u00e9s bien en alejarte de las malas ondas! Quer\u00e9s escribir sobre cosas buenas, aunque sabemos que es m\u00e1s f\u00e1cil referirse a las malas. No te achiques, no te sometas a la corriente. Atragantarse con lo malo corrompe la vida. De todo coraz\u00f3n, te ac<\/p>\n","category_list_v2":"","author_info_v2":{"name":"","url":""},"comments_num_v2":"0 comentarios","_links":{"self":[{"href":"https:\/\/ajupe.com.uy\/web\/wp-json\/wp\/v2\/product\/2519","targetHints":{"allow":["GET"]}}],"collection":[{"href":"https:\/\/ajupe.com.uy\/web\/wp-json\/wp\/v2\/product"}],"about":[{"href":"https:\/\/ajupe.com.uy\/web\/wp-json\/wp\/v2\/types\/product"}],"wp:featuredmedia":[{"embeddable":true,"href":"https:\/\/ajupe.com.uy\/web\/wp-json\/wp\/v2\/media\/2520"}],"wp:attachment":[{"href":"https:\/\/ajupe.com.uy\/web\/wp-json\/wp\/v2\/media?parent=2519"}],"wp:term":[{"taxonomy":"product_brand","embeddable":true,"href":"https:\/\/ajupe.com.uy\/web\/wp-json\/wp\/v2\/product_brand?post=2519"},{"taxonomy":"product_cat","embeddable":true,"href":"https:\/\/ajupe.com.uy\/web\/wp-json\/wp\/v2\/product_cat?post=2519"},{"taxonomy":"product_tag","embeddable":true,"href":"https:\/\/ajupe.com.uy\/web\/wp-json\/wp\/v2\/product_tag?post=2519"}],"curies":[{"name":"wp","href":"https:\/\/api.w.org\/{rel}","templated":true}]}}