{"id":2523,"date":"2010-07-14T00:00:00","date_gmt":"2010-07-14T03:00:00","guid":{"rendered":"http:\/\/ajupe.com.uy\/web\/?post_type=product&#038;p=2523"},"modified":"2011-09-06T20:20:58","modified_gmt":"2011-09-06T23:20:58","slug":"julio-herrera-y-reissig-prohibida-la-entrada-a-los-uruguayos","status":"publish","type":"product","link":"https:\/\/ajupe.com.uy\/web\/biblioteca\/julio-herrera-y-reissig-prohibida-la-entrada-a-los-uruguayos\/","title":{"rendered":"Julio Herrera y Reissig. Prohibida la entrada a los uruguayos"},"content":{"rendered":"<p>Una particular mirada que desde la ficci\u00f3n personifica al Uruguay en el consultorio de una psiquiatra. La autora asume, desde la disciplina que ejerce -la psiquiatr\u00eda-, el desaf\u00edo de adaptar la entrevista a Uruguay, sujeto individual en la ficci\u00f3n, aplic\u00e1ndola a un ser colectivo en la realidad. Una propuesta que invita al lector a acompa\u00f1ar este singular proceso terap\u00e9utico, con la intenci\u00f3n de provocar su reflexi\u00f3n sobre aspectos referidos al Uruguay y los uruguayos, desde una mirada no convencional.<\/p>\n","protected":false},"excerpt":{"rendered":"<p>Una particular mirada que desde la ficci\u00f3n personifica al Uruguay en el consultorio de una psiquiatra. La autora asume, desde la disciplina que ejerce -la psiquiatr\u00eda-, el desaf\u00edo de adaptar la entrevista a Uruguay, sujeto individual en la ficci\u00f3n, aplic\u00e1<\/p>\n","protected":false},"featured_media":2524,"template":"","meta":[],"product_brand":[1014],"product_cat":[44],"product_tag":[],"class_list":{"0":"post-2523","1":"product","2":"type-product","3":"status-publish","4":"has-post-thumbnail","6":"product_brand-eduardo-espina","7":"product_cat-biografico","9":"first","10":"instock","11":"purchasable","12":"product-type-simple"},"featured_image_urls_v2":{"full":["https:\/\/ajupe.com.uy\/web\/wp-content\/uploads\/2016\/04\/p-2523-7845.jpg",218,337,false],"thumbnail":["https:\/\/ajupe.com.uy\/web\/wp-content\/uploads\/2016\/04\/p-2523-7845.jpg",150,150,true],"medium":["https:\/\/ajupe.com.uy\/web\/wp-content\/uploads\/2016\/04\/p-2523-7845.jpg",300,214,true],"medium_large":["https:\/\/ajupe.com.uy\/web\/wp-content\/uploads\/2016\/04\/p-2523-7845.jpg",218,337,false],"large":["https:\/\/ajupe.com.uy\/web\/wp-content\/uploads\/2016\/04\/p-2523-7845.jpg",218,337,false],"1536x1536":["https:\/\/ajupe.com.uy\/web\/wp-content\/uploads\/2016\/04\/p-2523-7845.jpg",218,337,false],"2048x2048":["https:\/\/ajupe.com.uy\/web\/wp-content\/uploads\/2016\/04\/p-2523-7845.jpg",218,337,false],"woocommerce_archive_thumbnail":["https:\/\/ajupe.com.uy\/web\/wp-content\/uploads\/2016\/04\/p-2523-7845-218x300.jpg",218,300,true],"woocommerce_thumbnail":["https:\/\/ajupe.com.uy\/web\/wp-content\/uploads\/2016\/04\/p-2523-7845-218x300.jpg",218,300,true],"woocommerce_single":["https:\/\/ajupe.com.uy\/web\/wp-content\/uploads\/2016\/04\/p-2523-7845.jpg",218,337,false],"woocommerce_gallery_thumbnail":["https:\/\/ajupe.com.uy\/web\/wp-content\/uploads\/2016\/04\/p-2523-7845-100x100.jpg",100,100,true]},"post_excerpt_stackable_v2":"<p>Una particular mirada que desde la ficci\u00f3n personifica al Uruguay en el consultorio de una psiquiatra. La autora asume, desde la disciplina que ejerce -la psiquiatr\u00eda-, el desaf\u00edo de adaptar la entrevista a Uruguay, sujeto individual en la ficci\u00f3n, aplic\u00e1<\/p>\n","category_list_v2":"","author_info_v2":{"name":"","url":""},"comments_num_v2":"0 comentarios","_links":{"self":[{"href":"https:\/\/ajupe.com.uy\/web\/wp-json\/wp\/v2\/product\/2523","targetHints":{"allow":["GET"]}}],"collection":[{"href":"https:\/\/ajupe.com.uy\/web\/wp-json\/wp\/v2\/product"}],"about":[{"href":"https:\/\/ajupe.com.uy\/web\/wp-json\/wp\/v2\/types\/product"}],"wp:featuredmedia":[{"embeddable":true,"href":"https:\/\/ajupe.com.uy\/web\/wp-json\/wp\/v2\/media\/2524"}],"wp:attachment":[{"href":"https:\/\/ajupe.com.uy\/web\/wp-json\/wp\/v2\/media?parent=2523"}],"wp:term":[{"taxonomy":"product_brand","embeddable":true,"href":"https:\/\/ajupe.com.uy\/web\/wp-json\/wp\/v2\/product_brand?post=2523"},{"taxonomy":"product_cat","embeddable":true,"href":"https:\/\/ajupe.com.uy\/web\/wp-json\/wp\/v2\/product_cat?post=2523"},{"taxonomy":"product_tag","embeddable":true,"href":"https:\/\/ajupe.com.uy\/web\/wp-json\/wp\/v2\/product_tag?post=2523"}],"curies":[{"name":"wp","href":"https:\/\/api.w.org\/{rel}","templated":true}]}}