{"id":2527,"date":"2010-07-14T00:00:00","date_gmt":"2010-07-14T03:00:00","guid":{"rendered":"http:\/\/ajupe.com.uy\/web\/?post_type=product&#038;p=2527"},"modified":"2011-09-07T15:09:41","modified_gmt":"2011-09-07T18:09:41","slug":"las-grietas-de-jara-2","status":"publish","type":"product","link":"https:\/\/ajupe.com.uy\/web\/biblioteca\/las-grietas-de-jara-2\/","title":{"rendered":"Las grietas de Jara"},"content":{"rendered":"<p>Aunque Pablo Sim\u00f3 quiere construir la torre de sus sue\u00f1os, se limita a dibujarla: hace veinte a\u00f1os que trabaja en un estudio de arquitectura que no puede o no quiere dejar. Veinte a\u00f1os son tambi\u00e9n los que lleva casado con Laura, a quien s\u00f3lo lo unen la costumbre y una hija t\u00edpicamente adolescente. Cuando una joven llegue inesperadamente al estudio buscando a Nelson Jara, comenzar\u00e1 a revelarse la trama del secreto en la que Sim\u00f3 est\u00e1 implicado junto a su jefe y una compa\u00f1era de trabajo. La aparici\u00f3n de la muchacha y las derivaciones de ese hecho del pasado abrir\u00e1n una grieta en la precaria estabilidad del arquitecto, que ver\u00e1 derrumbarse una a una las certezas que lo sostuvieron hasta el momento. La autora de Las viudas de los jueves demuestra una vez m\u00e1s su capacidad para construir personajes y contar historias en las que el suspenso no impide la pintura social ni la cr\u00edtica.<\/p>\n","protected":false},"excerpt":{"rendered":"<p>Aunque Pablo Sim\u00f3 quiere construir la torre de sus sue\u00f1os, se limita a dibujarla: hace veinte a\u00f1os que trabaja en un estudio de arquitectura que no puede o no quiere dejar. Veinte a\u00f1os son tambi\u00e9n los que lleva casado con Laura, a quien s\u00f3lo lo unen la co<\/p>\n","protected":false},"featured_media":2528,"template":"","meta":[],"product_brand":[1000],"product_cat":[29],"product_tag":[],"class_list":{"0":"post-2527","1":"product","2":"type-product","3":"status-publish","4":"has-post-thumbnail","6":"product_brand-claudia-pineiro","7":"product_cat-novela","9":"first","10":"instock","11":"purchasable","12":"product-type-simple"},"featured_image_urls_v2":{"full":["https:\/\/ajupe.com.uy\/web\/wp-content\/uploads\/2016\/04\/p-2527-7850.jpg",268,429,false],"thumbnail":["https:\/\/ajupe.com.uy\/web\/wp-content\/uploads\/2016\/04\/p-2527-7850.jpg",150,150,true],"medium":["https:\/\/ajupe.com.uy\/web\/wp-content\/uploads\/2016\/04\/p-2527-7850.jpg",300,214,true],"medium_large":["https:\/\/ajupe.com.uy\/web\/wp-content\/uploads\/2016\/04\/p-2527-7850.jpg",268,429,false],"large":["https:\/\/ajupe.com.uy\/web\/wp-content\/uploads\/2016\/04\/p-2527-7850.jpg",268,429,false],"1536x1536":["https:\/\/ajupe.com.uy\/web\/wp-content\/uploads\/2016\/04\/p-2527-7850.jpg",268,429,false],"2048x2048":["https:\/\/ajupe.com.uy\/web\/wp-content\/uploads\/2016\/04\/p-2527-7850.jpg",268,429,false],"woocommerce_archive_thumbnail":["https:\/\/ajupe.com.uy\/web\/wp-content\/uploads\/2016\/04\/p-2527-7850-268x400.jpg",268,400,true],"woocommerce_thumbnail":["https:\/\/ajupe.com.uy\/web\/wp-content\/uploads\/2016\/04\/p-2527-7850-268x300.jpg",268,300,true],"woocommerce_single":["https:\/\/ajupe.com.uy\/web\/wp-content\/uploads\/2016\/04\/p-2527-7850.jpg",268,429,false],"woocommerce_gallery_thumbnail":["https:\/\/ajupe.com.uy\/web\/wp-content\/uploads\/2016\/04\/p-2527-7850-100x100.jpg",100,100,true]},"post_excerpt_stackable_v2":"<p>Aunque Pablo Sim\u00f3 quiere construir la torre de sus sue\u00f1os, se limita a dibujarla: hace veinte a\u00f1os que trabaja en un estudio de arquitectura que no puede o no quiere dejar. Veinte a\u00f1os son tambi\u00e9n los que lleva casado con Laura, a quien s\u00f3lo lo unen la co<\/p>\n","category_list_v2":"","author_info_v2":{"name":"","url":""},"comments_num_v2":"0 comentarios","_links":{"self":[{"href":"https:\/\/ajupe.com.uy\/web\/wp-json\/wp\/v2\/product\/2527","targetHints":{"allow":["GET"]}}],"collection":[{"href":"https:\/\/ajupe.com.uy\/web\/wp-json\/wp\/v2\/product"}],"about":[{"href":"https:\/\/ajupe.com.uy\/web\/wp-json\/wp\/v2\/types\/product"}],"wp:featuredmedia":[{"embeddable":true,"href":"https:\/\/ajupe.com.uy\/web\/wp-json\/wp\/v2\/media\/2528"}],"wp:attachment":[{"href":"https:\/\/ajupe.com.uy\/web\/wp-json\/wp\/v2\/media?parent=2527"}],"wp:term":[{"taxonomy":"product_brand","embeddable":true,"href":"https:\/\/ajupe.com.uy\/web\/wp-json\/wp\/v2\/product_brand?post=2527"},{"taxonomy":"product_cat","embeddable":true,"href":"https:\/\/ajupe.com.uy\/web\/wp-json\/wp\/v2\/product_cat?post=2527"},{"taxonomy":"product_tag","embeddable":true,"href":"https:\/\/ajupe.com.uy\/web\/wp-json\/wp\/v2\/product_tag?post=2527"}],"curies":[{"name":"wp","href":"https:\/\/api.w.org\/{rel}","templated":true}]}}