{"id":2549,"date":"2010-07-14T00:00:00","date_gmt":"2010-07-14T03:00:00","guid":{"rendered":"http:\/\/ajupe.com.uy\/web\/?post_type=product&#038;p=2549"},"modified":"2011-09-07T14:27:50","modified_gmt":"2011-09-07T17:27:50","slug":"una-mujer-inconveniente-la-historia-de-irma-avegno","status":"publish","type":"product","link":"https:\/\/ajupe.com.uy\/web\/biblioteca\/una-mujer-inconveniente-la-historia-de-irma-avegno\/","title":{"rendered":"Una Mujer Inconveniente. La historia de Irma Avegno."},"content":{"rendered":"<p>La historia de una mujer inconveniente, que la sociedad del disciplinamiento soport\u00f3 hasta que pudo cobrarle, con usura, sus desplantes. La vida de una feminista pr\u00e1ctica: prestamista y especuladora -cuando esas actividades eran exclusivamente masculinas- exhibiendo en p\u00fablico sus inclinaciones amorosas diferentes, apasionada por los caballos de carrera&#8230; pero auxiliando siempre a los m\u00e1s pobres. Integrante de la clase alta, m\u00e1s a\u00fan de la casta gobernante, su tr\u00e1gica ca\u00edda tuvo resonancias al m\u00e1s elevado nivel. Provoc\u00f3 la renuncia de un ministro del Gobierno de Batlle y Ord\u00f3\u00f1ez y el suicidio del Presidente de la C\u00e1mara de Diputados en el convulsionado 1913. Un fresco de la sociedad montevideana del 900 donde aparecen hechos y personas que dejaron su impronta en la construcci\u00f3n del pa\u00eds: el dictador Latorre y Batlle y Ord\u00f3\u00f1ez; Emilio Frugoni y Francisco Piria; Mar\u00eda Eugenia Vaz Ferreira y Delmira Agustini. Un drama moderno de corrupci\u00f3n y poder.<\/p>\n","protected":false},"excerpt":{"rendered":"<p>La historia de una mujer inconveniente, que la sociedad del disciplinamiento soport\u00f3 hasta que pudo cobrarle, con usura, sus desplantes. La vida de una feminista pr\u00e1ctica: prestamista y especuladora -cuando esas actividades eran exclusivamente masculinas-<\/p>\n","protected":false},"featured_media":2550,"template":"","meta":[],"product_brand":[292],"product_cat":[31],"product_tag":[],"class_list":{"0":"post-2549","1":"product","2":"type-product","3":"status-publish","4":"has-post-thumbnail","6":"product_brand-mercedes-vigil","7":"product_cat-historico","9":"first","10":"instock","11":"purchasable","12":"product-type-simple"},"featured_image_urls_v2":{"full":["https:\/\/ajupe.com.uy\/web\/wp-content\/uploads\/2016\/04\/p-2549-7863.jpg",241,376,false],"thumbnail":["https:\/\/ajupe.com.uy\/web\/wp-content\/uploads\/2016\/04\/p-2549-7863.jpg",150,150,true],"medium":["https:\/\/ajupe.com.uy\/web\/wp-content\/uploads\/2016\/04\/p-2549-7863.jpg",300,214,true],"medium_large":["https:\/\/ajupe.com.uy\/web\/wp-content\/uploads\/2016\/04\/p-2549-7863.jpg",241,376,false],"large":["https:\/\/ajupe.com.uy\/web\/wp-content\/uploads\/2016\/04\/p-2549-7863.jpg",241,376,false],"1536x1536":["https:\/\/ajupe.com.uy\/web\/wp-content\/uploads\/2016\/04\/p-2549-7863.jpg",241,376,false],"2048x2048":["https:\/\/ajupe.com.uy\/web\/wp-content\/uploads\/2016\/04\/p-2549-7863.jpg",241,376,false],"woocommerce_archive_thumbnail":["https:\/\/ajupe.com.uy\/web\/wp-content\/uploads\/2016\/04\/p-2549-7863-241x300.jpg",241,300,true],"woocommerce_thumbnail":["https:\/\/ajupe.com.uy\/web\/wp-content\/uploads\/2016\/04\/p-2549-7863-241x300.jpg",241,300,true],"woocommerce_single":["https:\/\/ajupe.com.uy\/web\/wp-content\/uploads\/2016\/04\/p-2549-7863.jpg",241,376,false],"woocommerce_gallery_thumbnail":["https:\/\/ajupe.com.uy\/web\/wp-content\/uploads\/2016\/04\/p-2549-7863-100x100.jpg",100,100,true]},"post_excerpt_stackable_v2":"<p>La historia de una mujer inconveniente, que la sociedad del disciplinamiento soport\u00f3 hasta que pudo cobrarle, con usura, sus desplantes. La vida de una feminista pr\u00e1ctica: prestamista y especuladora -cuando esas actividades eran exclusivamente masculinas-<\/p>\n","category_list_v2":"","author_info_v2":{"name":"","url":""},"comments_num_v2":"0 comentarios","_links":{"self":[{"href":"https:\/\/ajupe.com.uy\/web\/wp-json\/wp\/v2\/product\/2549","targetHints":{"allow":["GET"]}}],"collection":[{"href":"https:\/\/ajupe.com.uy\/web\/wp-json\/wp\/v2\/product"}],"about":[{"href":"https:\/\/ajupe.com.uy\/web\/wp-json\/wp\/v2\/types\/product"}],"wp:featuredmedia":[{"embeddable":true,"href":"https:\/\/ajupe.com.uy\/web\/wp-json\/wp\/v2\/media\/2550"}],"wp:attachment":[{"href":"https:\/\/ajupe.com.uy\/web\/wp-json\/wp\/v2\/media?parent=2549"}],"wp:term":[{"taxonomy":"product_brand","embeddable":true,"href":"https:\/\/ajupe.com.uy\/web\/wp-json\/wp\/v2\/product_brand?post=2549"},{"taxonomy":"product_cat","embeddable":true,"href":"https:\/\/ajupe.com.uy\/web\/wp-json\/wp\/v2\/product_cat?post=2549"},{"taxonomy":"product_tag","embeddable":true,"href":"https:\/\/ajupe.com.uy\/web\/wp-json\/wp\/v2\/product_tag?post=2549"}],"curies":[{"name":"wp","href":"https:\/\/api.w.org\/{rel}","templated":true}]}}