{"id":2563,"date":"2010-07-14T00:00:00","date_gmt":"2010-07-14T03:00:00","guid":{"rendered":"http:\/\/ajupe.com.uy\/web\/?post_type=product&#038;p=2563"},"modified":"2011-09-06T20:28:35","modified_gmt":"2011-09-06T23:28:35","slug":"uruguayo","status":"publish","type":"product","link":"https:\/\/ajupe.com.uy\/web\/biblioteca\/uruguayo\/","title":{"rendered":"Uruguayo"},"content":{"rendered":"<p>Todo comenz\u00f3 en un front\u00f3n de un barrio de Montevideo. All\u00ed, pap\u00e1 Forl\u00e1n le insist\u00eda a un imberbe rubio de cuatro a\u00f1os para que golpeara el bal\u00f3n con las dos piernas. Una y otra vez. Su objetivo, hacer de su hijo un gran delantero. Desde entonces, Diego sacrific\u00f3 toda una vida por ese sue\u00f1o. Su pasi\u00f3n por el f\u00fatbol, heredada de su abuelo, padre y hermano, se compagin\u00f3 siempre con una marcada educaci\u00f3n familiar en la que se le ense\u00f1\u00f3 la importancia de los estudios, el valor de los idiomas y la necesidad del trabajo y del sacrificio para la consecuci\u00f3n de una meta. Una noche de septiembre, un accidente de tr\u00e1fico que afect\u00f3 a Alejandra, una de las hermanas de Diego, cambi\u00f3 por completo su vida y la de todos. Los Forl\u00e1n se unieron a\u00fan m\u00e1s y encontraron en ella el ejemplo al que mirar para sacar fuerzas en su lucha diaria.<\/p>\n","protected":false},"excerpt":{"rendered":"<p>Todo comenz\u00f3 en un front\u00f3n de un barrio de Montevideo. All\u00ed, pap\u00e1 Forl\u00e1n le insist\u00eda a un imberbe rubio de cuatro a\u00f1os para que golpeara el bal\u00f3n con las dos piernas. Una y otra vez. Su objetivo, hacer de su hijo un gran delantero. Desde entonces, Diego s<\/p>\n","protected":false},"featured_media":2564,"template":"","meta":[],"product_brand":[1021],"product_cat":[44],"product_tag":[],"class_list":{"0":"post-2563","1":"product","2":"type-product","3":"status-publish","4":"has-post-thumbnail","6":"product_brand-diego-forlan","7":"product_cat-biografico","9":"first","10":"instock","11":"purchasable","12":"product-type-simple"},"featured_image_urls_v2":{"full":["https:\/\/ajupe.com.uy\/web\/wp-content\/uploads\/2016\/04\/p-2563-7871.jpg",269,352,false],"thumbnail":["https:\/\/ajupe.com.uy\/web\/wp-content\/uploads\/2016\/04\/p-2563-7871.jpg",150,150,true],"medium":["https:\/\/ajupe.com.uy\/web\/wp-content\/uploads\/2016\/04\/p-2563-7871.jpg",300,214,true],"medium_large":["https:\/\/ajupe.com.uy\/web\/wp-content\/uploads\/2016\/04\/p-2563-7871.jpg",269,352,false],"large":["https:\/\/ajupe.com.uy\/web\/wp-content\/uploads\/2016\/04\/p-2563-7871.jpg",269,352,false],"1536x1536":["https:\/\/ajupe.com.uy\/web\/wp-content\/uploads\/2016\/04\/p-2563-7871.jpg",269,352,false],"2048x2048":["https:\/\/ajupe.com.uy\/web\/wp-content\/uploads\/2016\/04\/p-2563-7871.jpg",269,352,false],"woocommerce_archive_thumbnail":["https:\/\/ajupe.com.uy\/web\/wp-content\/uploads\/2016\/04\/p-2563-7871-269x300.jpg",269,300,true],"woocommerce_thumbnail":["https:\/\/ajupe.com.uy\/web\/wp-content\/uploads\/2016\/04\/p-2563-7871-269x300.jpg",269,300,true],"woocommerce_single":["https:\/\/ajupe.com.uy\/web\/wp-content\/uploads\/2016\/04\/p-2563-7871.jpg",269,352,false],"woocommerce_gallery_thumbnail":["https:\/\/ajupe.com.uy\/web\/wp-content\/uploads\/2016\/04\/p-2563-7871-100x100.jpg",100,100,true]},"post_excerpt_stackable_v2":"<p>Todo comenz\u00f3 en un front\u00f3n de un barrio de Montevideo. All\u00ed, pap\u00e1 Forl\u00e1n le insist\u00eda a un imberbe rubio de cuatro a\u00f1os para que golpeara el bal\u00f3n con las dos piernas. Una y otra vez. Su objetivo, hacer de su hijo un gran delantero. Desde entonces, Diego s<\/p>\n","category_list_v2":"","author_info_v2":{"name":"","url":""},"comments_num_v2":"0 comentarios","_links":{"self":[{"href":"https:\/\/ajupe.com.uy\/web\/wp-json\/wp\/v2\/product\/2563","targetHints":{"allow":["GET"]}}],"collection":[{"href":"https:\/\/ajupe.com.uy\/web\/wp-json\/wp\/v2\/product"}],"about":[{"href":"https:\/\/ajupe.com.uy\/web\/wp-json\/wp\/v2\/types\/product"}],"wp:featuredmedia":[{"embeddable":true,"href":"https:\/\/ajupe.com.uy\/web\/wp-json\/wp\/v2\/media\/2564"}],"wp:attachment":[{"href":"https:\/\/ajupe.com.uy\/web\/wp-json\/wp\/v2\/media?parent=2563"}],"wp:term":[{"taxonomy":"product_brand","embeddable":true,"href":"https:\/\/ajupe.com.uy\/web\/wp-json\/wp\/v2\/product_brand?post=2563"},{"taxonomy":"product_cat","embeddable":true,"href":"https:\/\/ajupe.com.uy\/web\/wp-json\/wp\/v2\/product_cat?post=2563"},{"taxonomy":"product_tag","embeddable":true,"href":"https:\/\/ajupe.com.uy\/web\/wp-json\/wp\/v2\/product_tag?post=2563"}],"curies":[{"name":"wp","href":"https:\/\/api.w.org\/{rel}","templated":true}]}}