{"id":2569,"date":"2010-07-14T00:00:00","date_gmt":"2010-07-14T03:00:00","guid":{"rendered":"http:\/\/ajupe.com.uy\/web\/?post_type=product&#038;p=2569"},"modified":"2011-09-06T19:06:33","modified_gmt":"2011-09-06T22:06:33","slug":"la-rueda-de-la-vida","status":"publish","type":"product","link":"https:\/\/ajupe.com.uy\/web\/biblioteca\/la-rueda-de-la-vida\/","title":{"rendered":"La rueda de la vida"},"content":{"rendered":"<p>Elisabeth K\u00fcbler-Ross supo desde muy joven que su misi\u00f3n era la de aliviar el sufrimiento humano, y ese compromiso la llev\u00f3 al cuidado de enfermos terminales. De esa experiencia extrajo profundas ense\u00f1anzas: los ni\u00f1os dejaban este mundo confiados y serenos; algunos adultos part\u00edan, despu\u00e9s de superar la negaci\u00f3n y el miedo, sinti\u00e9ndose liberados, mientras que otros se aferraban a la vida porque a\u00fan les quedaba una tarea que concluir.<\/p>\n","protected":false},"excerpt":{"rendered":"<p>Elisabeth K\u00fcbler-Ross supo desde muy joven que su misi\u00f3n era la de aliviar el sufrimiento humano, y ese compromiso la llev\u00f3 al cuidado de enfermos terminales. De esa experiencia extrajo profundas ense\u00f1anzas: los ni\u00f1os dejaban este mundo confiados y sereno<\/p>\n","protected":false},"featured_media":2570,"template":"","meta":[],"product_brand":[1022],"product_cat":[32],"product_tag":[],"class_list":{"0":"post-2569","1":"product","2":"type-product","3":"status-publish","4":"has-post-thumbnail","6":"product_brand-elisabeh-kubler-ross","7":"product_cat-autoayuda","9":"first","10":"instock","11":"purchasable","12":"product-type-simple"},"featured_image_urls_v2":{"full":["https:\/\/ajupe.com.uy\/web\/wp-content\/uploads\/2016\/04\/p-2569-7893.jpg",312,480,false],"thumbnail":["https:\/\/ajupe.com.uy\/web\/wp-content\/uploads\/2016\/04\/p-2569-7893.jpg",150,150,true],"medium":["https:\/\/ajupe.com.uy\/web\/wp-content\/uploads\/2016\/04\/p-2569-7893.jpg",300,214,true],"medium_large":["https:\/\/ajupe.com.uy\/web\/wp-content\/uploads\/2016\/04\/p-2569-7893.jpg",312,480,false],"large":["https:\/\/ajupe.com.uy\/web\/wp-content\/uploads\/2016\/04\/p-2569-7893.jpg",312,480,false],"1536x1536":["https:\/\/ajupe.com.uy\/web\/wp-content\/uploads\/2016\/04\/p-2569-7893.jpg",312,480,false],"2048x2048":["https:\/\/ajupe.com.uy\/web\/wp-content\/uploads\/2016\/04\/p-2569-7893.jpg",312,480,false],"woocommerce_archive_thumbnail":["https:\/\/ajupe.com.uy\/web\/wp-content\/uploads\/2016\/04\/p-2569-7893-300x450.jpg",300,450,true],"woocommerce_thumbnail":["https:\/\/ajupe.com.uy\/web\/wp-content\/uploads\/2016\/04\/p-2569-7893-300x300.jpg",300,300,true],"woocommerce_single":["https:\/\/ajupe.com.uy\/web\/wp-content\/uploads\/2016\/04\/p-2569-7893-300x462.jpg",300,462,true],"woocommerce_gallery_thumbnail":["https:\/\/ajupe.com.uy\/web\/wp-content\/uploads\/2016\/04\/p-2569-7893-100x100.jpg",100,100,true]},"post_excerpt_stackable_v2":"<p>Elisabeth K\u00fcbler-Ross supo desde muy joven que su misi\u00f3n era la de aliviar el sufrimiento humano, y ese compromiso la llev\u00f3 al cuidado de enfermos terminales. De esa experiencia extrajo profundas ense\u00f1anzas: los ni\u00f1os dejaban este mundo confiados y sereno<\/p>\n","category_list_v2":"","author_info_v2":{"name":"","url":""},"comments_num_v2":"0 comentarios","_links":{"self":[{"href":"https:\/\/ajupe.com.uy\/web\/wp-json\/wp\/v2\/product\/2569","targetHints":{"allow":["GET"]}}],"collection":[{"href":"https:\/\/ajupe.com.uy\/web\/wp-json\/wp\/v2\/product"}],"about":[{"href":"https:\/\/ajupe.com.uy\/web\/wp-json\/wp\/v2\/types\/product"}],"wp:featuredmedia":[{"embeddable":true,"href":"https:\/\/ajupe.com.uy\/web\/wp-json\/wp\/v2\/media\/2570"}],"wp:attachment":[{"href":"https:\/\/ajupe.com.uy\/web\/wp-json\/wp\/v2\/media?parent=2569"}],"wp:term":[{"taxonomy":"product_brand","embeddable":true,"href":"https:\/\/ajupe.com.uy\/web\/wp-json\/wp\/v2\/product_brand?post=2569"},{"taxonomy":"product_cat","embeddable":true,"href":"https:\/\/ajupe.com.uy\/web\/wp-json\/wp\/v2\/product_cat?post=2569"},{"taxonomy":"product_tag","embeddable":true,"href":"https:\/\/ajupe.com.uy\/web\/wp-json\/wp\/v2\/product_tag?post=2569"}],"curies":[{"name":"wp","href":"https:\/\/api.w.org\/{rel}","templated":true}]}}