{"id":2577,"date":"2010-07-14T00:00:00","date_gmt":"2010-07-14T03:00:00","guid":{"rendered":"http:\/\/ajupe.com.uy\/web\/?post_type=product&#038;p=2577"},"modified":"2011-09-07T15:03:47","modified_gmt":"2011-09-07T18:03:47","slug":"el-ojo-del-leopardo","status":"publish","type":"product","link":"https:\/\/ajupe.com.uy\/web\/biblioteca\/el-ojo-del-leopardo\/","title":{"rendered":"El Ojo Del Leopardo"},"content":{"rendered":"<p>Desde la fr\u00eda regi\u00f3n sueca de Norrland, el joven Hans Olofson viaja a Zambia para visitar la tumba de un misionero legendario. Deja atr\u00e1s una infancia y una adolescencia marcadas por la ausencia de la madre y, despu\u00e9s, por la muerte de dos personas muy allegadas. La belleza de Zambia, y sobre todo su misterio, lo hechizan hasta el punto de permanecer en el pa\u00eds durante dieciocho largos a\u00f1os, al principio movido por los valores de la cooperaci\u00f3n y la solidaridad. Poco a poco, sin embargo, convertido en granjero, la realidad africana le impone una visi\u00f3n de la vida completamente distinta, mientras el racismo de los blancos y el odio de los negros va consumi\u00e9ndolo. Un d\u00eda, tras encontrar cruelmente asesinados a sus vecinos blancos, comprende que sus d\u00edas est\u00e1n contados. \u00bfSe quedar\u00e1 a luchar o arrojar\u00e1 la toalla? Hans sabe que quiz\u00e1 pueda escapar de la suerte que han corrido sus vecinos, pero no de su propia desesperaci\u00f3n.<\/p>\n","protected":false},"excerpt":{"rendered":"<p>Desde la fr\u00eda regi\u00f3n sueca de Norrland, el joven Hans Olofson viaja a Zambia para visitar la tumba de un misionero legendario. Deja atr\u00e1s una infancia y una adolescencia marcadas por la ausencia de la madre y, despu\u00e9s, por la muerte de dos personas muy al<\/p>\n","protected":false},"featured_media":2578,"template":"","meta":[],"product_brand":[996],"product_cat":[29],"product_tag":[],"class_list":{"0":"post-2577","1":"product","2":"type-product","3":"status-publish","4":"has-post-thumbnail","6":"product_brand-henning-mankell","7":"product_cat-novela","9":"first","10":"instock","11":"purchasable","12":"product-type-simple"},"featured_image_urls_v2":{"full":["https:\/\/ajupe.com.uy\/web\/wp-content\/uploads\/2016\/04\/p-2577-7897.jpg",268,400,false],"thumbnail":["https:\/\/ajupe.com.uy\/web\/wp-content\/uploads\/2016\/04\/p-2577-7897.jpg",150,150,true],"medium":["https:\/\/ajupe.com.uy\/web\/wp-content\/uploads\/2016\/04\/p-2577-7897.jpg",300,214,true],"medium_large":["https:\/\/ajupe.com.uy\/web\/wp-content\/uploads\/2016\/04\/p-2577-7897.jpg",268,400,false],"large":["https:\/\/ajupe.com.uy\/web\/wp-content\/uploads\/2016\/04\/p-2577-7897.jpg",268,400,false],"1536x1536":["https:\/\/ajupe.com.uy\/web\/wp-content\/uploads\/2016\/04\/p-2577-7897.jpg",268,400,false],"2048x2048":["https:\/\/ajupe.com.uy\/web\/wp-content\/uploads\/2016\/04\/p-2577-7897.jpg",268,400,false],"woocommerce_archive_thumbnail":["https:\/\/ajupe.com.uy\/web\/wp-content\/uploads\/2016\/04\/p-2577-7897-268x300.jpg",268,300,true],"woocommerce_thumbnail":["https:\/\/ajupe.com.uy\/web\/wp-content\/uploads\/2016\/04\/p-2577-7897-268x300.jpg",268,300,true],"woocommerce_single":["https:\/\/ajupe.com.uy\/web\/wp-content\/uploads\/2016\/04\/p-2577-7897.jpg",268,400,false],"woocommerce_gallery_thumbnail":["https:\/\/ajupe.com.uy\/web\/wp-content\/uploads\/2016\/04\/p-2577-7897-100x100.jpg",100,100,true]},"post_excerpt_stackable_v2":"<p>Desde la fr\u00eda regi\u00f3n sueca de Norrland, el joven Hans Olofson viaja a Zambia para visitar la tumba de un misionero legendario. Deja atr\u00e1s una infancia y una adolescencia marcadas por la ausencia de la madre y, despu\u00e9s, por la muerte de dos personas muy al<\/p>\n","category_list_v2":"","author_info_v2":{"name":"","url":""},"comments_num_v2":"0 comentarios","_links":{"self":[{"href":"https:\/\/ajupe.com.uy\/web\/wp-json\/wp\/v2\/product\/2577","targetHints":{"allow":["GET"]}}],"collection":[{"href":"https:\/\/ajupe.com.uy\/web\/wp-json\/wp\/v2\/product"}],"about":[{"href":"https:\/\/ajupe.com.uy\/web\/wp-json\/wp\/v2\/types\/product"}],"wp:featuredmedia":[{"embeddable":true,"href":"https:\/\/ajupe.com.uy\/web\/wp-json\/wp\/v2\/media\/2578"}],"wp:attachment":[{"href":"https:\/\/ajupe.com.uy\/web\/wp-json\/wp\/v2\/media?parent=2577"}],"wp:term":[{"taxonomy":"product_brand","embeddable":true,"href":"https:\/\/ajupe.com.uy\/web\/wp-json\/wp\/v2\/product_brand?post=2577"},{"taxonomy":"product_cat","embeddable":true,"href":"https:\/\/ajupe.com.uy\/web\/wp-json\/wp\/v2\/product_cat?post=2577"},{"taxonomy":"product_tag","embeddable":true,"href":"https:\/\/ajupe.com.uy\/web\/wp-json\/wp\/v2\/product_tag?post=2577"}],"curies":[{"name":"wp","href":"https:\/\/api.w.org\/{rel}","templated":true}]}}