{"id":2587,"date":"2010-07-14T00:00:00","date_gmt":"2010-07-14T03:00:00","guid":{"rendered":"http:\/\/ajupe.com.uy\/web\/?post_type=product&#038;p=2587"},"modified":"2011-09-07T14:08:16","modified_gmt":"2011-09-07T17:08:16","slug":"sangre-derramada","status":"publish","type":"product","link":"https:\/\/ajupe.com.uy\/web\/biblioteca\/sangre-derramada\/","title":{"rendered":"Sangre derramada"},"content":{"rendered":"<p>Es verano en Suecia, cuando brilla el sol de medianoche y el largo invierno ha sido olvidado. En este tiempo m\u00e1gico, una sacerdotisa luterana, Mildred, es hallada muerta con signos de tortura en la ciudad de Kiruna. Mildred era una declarada feminista, una luchadora amada y odiada por igual. Est\u00e1 claro que no todos en Kiruna aceptan que una mujer sea sacerdote, pero tres meses despu\u00e9s del brutal asesinato la polic\u00eda sigue sin tener una pista. Rebecka Martinsson vuelve a Kiruna, el lugar donde creci\u00f3, a realizar una gesti\u00f3n para el bufete de abogados de Estocolmo en el que trabaja. Sin embargo, pronto se ve envuelta en este misterioso caso: Anna-Maria Mella, la polic\u00eda local de Kiruna, acude a Rebecka en busca de ayuda; sabe que s\u00f3lo ella es capaz de desenmascarar la oscura verdad que esconden los habitantes de esta g\u00e9lida ciudad. \u00c5sa Larsson sorprendi\u00f3 a los lectores con Aurora boreal, un \u00e9xito que la encumbr\u00f3 como la autora revelaci\u00f3n de la novela negra escandinava. Con Sangre derramada, novela galardonada con el Premio a la Mejor Novela Sueca del A\u00f1o, Larsson vuelve a sumergirnos en la inolvidable e inquietante atm\u00f3sfera de Kiruna.<\/p>\n","protected":false},"excerpt":{"rendered":"<p>Es verano en Suecia, cuando brilla el sol de medianoche y el largo invierno ha sido olvidado. En este tiempo m\u00e1gico, una sacerdotisa luterana, Mildred, es hallada muerta con signos de tortura en la ciudad de Kiruna. Mildred era una declarada feminista, un<\/p>\n","protected":false},"featured_media":2588,"template":"","meta":[],"product_brand":[1026],"product_cat":[40],"product_tag":[],"class_list":{"0":"post-2587","1":"product","2":"type-product","3":"status-publish","4":"has-post-thumbnail","6":"product_brand-asa-larsson","7":"product_cat-policial","9":"first","10":"instock","11":"purchasable","12":"product-type-simple"},"featured_image_urls_v2":{"full":["https:\/\/ajupe.com.uy\/web\/wp-content\/uploads\/2016\/04\/p-2587-7902.jpg",178,304,false],"thumbnail":["https:\/\/ajupe.com.uy\/web\/wp-content\/uploads\/2016\/04\/p-2587-7902.jpg",150,150,true],"medium":["https:\/\/ajupe.com.uy\/web\/wp-content\/uploads\/2016\/04\/p-2587-7902.jpg",300,214,true],"medium_large":["https:\/\/ajupe.com.uy\/web\/wp-content\/uploads\/2016\/04\/p-2587-7902.jpg",178,304,false],"large":["https:\/\/ajupe.com.uy\/web\/wp-content\/uploads\/2016\/04\/p-2587-7902.jpg",178,304,false],"1536x1536":["https:\/\/ajupe.com.uy\/web\/wp-content\/uploads\/2016\/04\/p-2587-7902.jpg",178,304,false],"2048x2048":["https:\/\/ajupe.com.uy\/web\/wp-content\/uploads\/2016\/04\/p-2587-7902.jpg",178,304,false],"woocommerce_archive_thumbnail":["https:\/\/ajupe.com.uy\/web\/wp-content\/uploads\/2016\/04\/p-2587-7902-178x300.jpg",178,300,true],"woocommerce_thumbnail":["https:\/\/ajupe.com.uy\/web\/wp-content\/uploads\/2016\/04\/p-2587-7902-178x300.jpg",178,300,true],"woocommerce_single":["https:\/\/ajupe.com.uy\/web\/wp-content\/uploads\/2016\/04\/p-2587-7902.jpg",178,304,false],"woocommerce_gallery_thumbnail":["https:\/\/ajupe.com.uy\/web\/wp-content\/uploads\/2016\/04\/p-2587-7902-100x100.jpg",100,100,true]},"post_excerpt_stackable_v2":"<p>Es verano en Suecia, cuando brilla el sol de medianoche y el largo invierno ha sido olvidado. En este tiempo m\u00e1gico, una sacerdotisa luterana, Mildred, es hallada muerta con signos de tortura en la ciudad de Kiruna. Mildred era una declarada feminista, un<\/p>\n","category_list_v2":"","author_info_v2":{"name":"","url":""},"comments_num_v2":"0 comentarios","_links":{"self":[{"href":"https:\/\/ajupe.com.uy\/web\/wp-json\/wp\/v2\/product\/2587","targetHints":{"allow":["GET"]}}],"collection":[{"href":"https:\/\/ajupe.com.uy\/web\/wp-json\/wp\/v2\/product"}],"about":[{"href":"https:\/\/ajupe.com.uy\/web\/wp-json\/wp\/v2\/types\/product"}],"wp:featuredmedia":[{"embeddable":true,"href":"https:\/\/ajupe.com.uy\/web\/wp-json\/wp\/v2\/media\/2588"}],"wp:attachment":[{"href":"https:\/\/ajupe.com.uy\/web\/wp-json\/wp\/v2\/media?parent=2587"}],"wp:term":[{"taxonomy":"product_brand","embeddable":true,"href":"https:\/\/ajupe.com.uy\/web\/wp-json\/wp\/v2\/product_brand?post=2587"},{"taxonomy":"product_cat","embeddable":true,"href":"https:\/\/ajupe.com.uy\/web\/wp-json\/wp\/v2\/product_cat?post=2587"},{"taxonomy":"product_tag","embeddable":true,"href":"https:\/\/ajupe.com.uy\/web\/wp-json\/wp\/v2\/product_tag?post=2587"}],"curies":[{"name":"wp","href":"https:\/\/api.w.org\/{rel}","templated":true}]}}