{"id":2597,"date":"2010-07-14T00:00:00","date_gmt":"2010-07-14T03:00:00","guid":{"rendered":"http:\/\/ajupe.com.uy\/web\/?post_type=product&#038;p=2597"},"modified":"2011-09-07T14:58:29","modified_gmt":"2011-09-07T17:58:29","slug":"ama-y-senora-del-juego","status":"publish","type":"product","link":"https:\/\/ajupe.com.uy\/web\/biblioteca\/ama-y-senora-del-juego\/","title":{"rendered":"Ama y se\u00f1ora del juego"},"content":{"rendered":"<p>Sidney Sheldon, aclamado en todo el mundo como rey absoluto de la novela de entretenimiento, dio a conocer en El precio de la intriga a la poderosa familia Blackwell, Desde entonces ha transcurrido una generaci\u00f3n. Sin embargo, a juzgar por esta brillante secuela de aquella saga inolvidable, el paso de los a\u00f1os no ha templado los dramas de los Blackwell ni su capacidad para la manipulaci\u00f3n, la dominaci\u00f3n y los desbordes pasionales. Fallecida Kate, los hijos de sus nietas Eva y Alexandra luchan por la herencia multimillonaria. En su lucha ciega, ninguno percibe el peligro que representa Gabriel McGregor, un olvidado descendiente escoc\u00e9s criado en la pobreza, que tiene sus propios planes. En esta familia plagada de secretos, cr\u00edmenes y fraudes, el que gane la partida ser\u00e1 el \u00fanico que podr\u00e1 sobrevivir. Con la impronta caracter\u00edstica del estilo de Sheldon, Ama y Se\u00f1ora del Juego ha logrado cautivar a los fieles seguidores del maestro y ha impuesto su nombre entre las nuevas generaciones de lectores.<\/p>\n","protected":false},"excerpt":{"rendered":"<p>Sidney Sheldon, aclamado en todo el mundo como rey absoluto de la novela de entretenimiento, dio a conocer en El precio de la intriga a la poderosa familia Blackwell, Desde entonces ha transcurrido una generaci\u00f3n. Sin embargo, a juzgar por esta brillante<\/p>\n","protected":false},"featured_media":2598,"template":"","meta":[],"product_brand":[1030],"product_cat":[29],"product_tag":[],"class_list":{"0":"post-2597","1":"product","2":"type-product","3":"status-publish","4":"has-post-thumbnail","6":"product_brand-tilly-bagshawe","7":"product_cat-novela","9":"first","10":"instock","11":"purchasable","12":"product-type-simple"},"featured_image_urls_v2":{"full":["https:\/\/ajupe.com.uy\/web\/wp-content\/uploads\/2016\/04\/p-2597-7910.jpg",250,385,false],"thumbnail":["https:\/\/ajupe.com.uy\/web\/wp-content\/uploads\/2016\/04\/p-2597-7910.jpg",150,150,true],"medium":["https:\/\/ajupe.com.uy\/web\/wp-content\/uploads\/2016\/04\/p-2597-7910.jpg",300,214,true],"medium_large":["https:\/\/ajupe.com.uy\/web\/wp-content\/uploads\/2016\/04\/p-2597-7910.jpg",250,385,false],"large":["https:\/\/ajupe.com.uy\/web\/wp-content\/uploads\/2016\/04\/p-2597-7910.jpg",250,385,false],"1536x1536":["https:\/\/ajupe.com.uy\/web\/wp-content\/uploads\/2016\/04\/p-2597-7910.jpg",250,385,false],"2048x2048":["https:\/\/ajupe.com.uy\/web\/wp-content\/uploads\/2016\/04\/p-2597-7910.jpg",250,385,false],"woocommerce_archive_thumbnail":["https:\/\/ajupe.com.uy\/web\/wp-content\/uploads\/2016\/04\/p-2597-7910-250x300.jpg",250,300,true],"woocommerce_thumbnail":["https:\/\/ajupe.com.uy\/web\/wp-content\/uploads\/2016\/04\/p-2597-7910-250x300.jpg",250,300,true],"woocommerce_single":["https:\/\/ajupe.com.uy\/web\/wp-content\/uploads\/2016\/04\/p-2597-7910.jpg",250,385,false],"woocommerce_gallery_thumbnail":["https:\/\/ajupe.com.uy\/web\/wp-content\/uploads\/2016\/04\/p-2597-7910-100x100.jpg",100,100,true]},"post_excerpt_stackable_v2":"<p>Sidney Sheldon, aclamado en todo el mundo como rey absoluto de la novela de entretenimiento, dio a conocer en El precio de la intriga a la poderosa familia Blackwell, Desde entonces ha transcurrido una generaci\u00f3n. Sin embargo, a juzgar por esta brillante<\/p>\n","category_list_v2":"","author_info_v2":{"name":"","url":""},"comments_num_v2":"0 comentarios","_links":{"self":[{"href":"https:\/\/ajupe.com.uy\/web\/wp-json\/wp\/v2\/product\/2597","targetHints":{"allow":["GET"]}}],"collection":[{"href":"https:\/\/ajupe.com.uy\/web\/wp-json\/wp\/v2\/product"}],"about":[{"href":"https:\/\/ajupe.com.uy\/web\/wp-json\/wp\/v2\/types\/product"}],"wp:featuredmedia":[{"embeddable":true,"href":"https:\/\/ajupe.com.uy\/web\/wp-json\/wp\/v2\/media\/2598"}],"wp:attachment":[{"href":"https:\/\/ajupe.com.uy\/web\/wp-json\/wp\/v2\/media?parent=2597"}],"wp:term":[{"taxonomy":"product_brand","embeddable":true,"href":"https:\/\/ajupe.com.uy\/web\/wp-json\/wp\/v2\/product_brand?post=2597"},{"taxonomy":"product_cat","embeddable":true,"href":"https:\/\/ajupe.com.uy\/web\/wp-json\/wp\/v2\/product_cat?post=2597"},{"taxonomy":"product_tag","embeddable":true,"href":"https:\/\/ajupe.com.uy\/web\/wp-json\/wp\/v2\/product_tag?post=2597"}],"curies":[{"name":"wp","href":"https:\/\/api.w.org\/{rel}","templated":true}]}}