{"id":2599,"date":"2010-07-14T00:00:00","date_gmt":"2010-07-14T03:00:00","guid":{"rendered":"http:\/\/ajupe.com.uy\/web\/?post_type=product&#038;p=2599"},"modified":"2011-09-06T20:54:04","modified_gmt":"2011-09-06T23:54:04","slug":"historias-de-guardarropa","status":"publish","type":"product","link":"https:\/\/ajupe.com.uy\/web\/biblioteca\/historias-de-guardarropa\/","title":{"rendered":"Historias de guardarropa"},"content":{"rendered":"<p>Dentro de un guardarropa femenino pueden estar a salvo esas experiencias inolvidables que ni siquiera las fotograf\u00edas logran capturar del todo, los elementos precisos para cambiar el estado de \u00e1nimo e impulsar la promesa de nuevos sue\u00f1os. A la hora de conquistar el mundo, basta recorrer los estantes, abrir uno tras otro los cajones para dar con ese vestido, abrigo, camisa, traje o pollera tan especiales que ayudar\u00e1n a inclinar la balanza a nuestro favor. En estos cuentos, escritos por doce prestigiosas autoras de habla hispana, las prendas no son en absoluto inocentes o neutras. Son mucho m\u00e1s que una simple nota de color o un detalle, pues determinan el devenir de las historias y el destino de las protagonistas y los personajes. Porque, aunque no sean transparentes, cada prenda de vestir revela el coraz\u00f3n de su due\u00f1a y, como una segunda piel, es la exteriorizaci\u00f3n de su mundo interno.<\/p>\n","protected":false},"excerpt":{"rendered":"<p>Dentro de un guardarropa femenino pueden estar a salvo esas experiencias inolvidables que ni siquiera las fotograf\u00edas logran capturar del todo, los elementos precisos para cambiar el estado de \u00e1nimo e impulsar la promesa de nuevos sue\u00f1os. A la hora de con<\/p>\n","protected":false},"featured_media":2600,"template":"","meta":[],"product_brand":[572],"product_cat":[33],"product_tag":[],"class_list":{"0":"post-2599","1":"product","2":"type-product","3":"status-publish","4":"has-post-thumbnail","6":"product_brand-autores-varios","7":"product_cat-cuentos","9":"first","10":"instock","11":"purchasable","12":"product-type-simple"},"featured_image_urls_v2":{"full":["https:\/\/ajupe.com.uy\/web\/wp-content\/uploads\/2016\/04\/p-2599-7911.jpg",227,388,false],"thumbnail":["https:\/\/ajupe.com.uy\/web\/wp-content\/uploads\/2016\/04\/p-2599-7911.jpg",150,150,true],"medium":["https:\/\/ajupe.com.uy\/web\/wp-content\/uploads\/2016\/04\/p-2599-7911.jpg",300,214,true],"medium_large":["https:\/\/ajupe.com.uy\/web\/wp-content\/uploads\/2016\/04\/p-2599-7911.jpg",227,388,false],"large":["https:\/\/ajupe.com.uy\/web\/wp-content\/uploads\/2016\/04\/p-2599-7911.jpg",227,388,false],"1536x1536":["https:\/\/ajupe.com.uy\/web\/wp-content\/uploads\/2016\/04\/p-2599-7911.jpg",227,388,false],"2048x2048":["https:\/\/ajupe.com.uy\/web\/wp-content\/uploads\/2016\/04\/p-2599-7911.jpg",227,388,false],"woocommerce_archive_thumbnail":["https:\/\/ajupe.com.uy\/web\/wp-content\/uploads\/2016\/04\/p-2599-7911-227x300.jpg",227,300,true],"woocommerce_thumbnail":["https:\/\/ajupe.com.uy\/web\/wp-content\/uploads\/2016\/04\/p-2599-7911-227x300.jpg",227,300,true],"woocommerce_single":["https:\/\/ajupe.com.uy\/web\/wp-content\/uploads\/2016\/04\/p-2599-7911.jpg",227,388,false],"woocommerce_gallery_thumbnail":["https:\/\/ajupe.com.uy\/web\/wp-content\/uploads\/2016\/04\/p-2599-7911-100x100.jpg",100,100,true]},"post_excerpt_stackable_v2":"<p>Dentro de un guardarropa femenino pueden estar a salvo esas experiencias inolvidables que ni siquiera las fotograf\u00edas logran capturar del todo, los elementos precisos para cambiar el estado de \u00e1nimo e impulsar la promesa de nuevos sue\u00f1os. A la hora de con<\/p>\n","category_list_v2":"","author_info_v2":{"name":"","url":""},"comments_num_v2":"0 comentarios","_links":{"self":[{"href":"https:\/\/ajupe.com.uy\/web\/wp-json\/wp\/v2\/product\/2599","targetHints":{"allow":["GET"]}}],"collection":[{"href":"https:\/\/ajupe.com.uy\/web\/wp-json\/wp\/v2\/product"}],"about":[{"href":"https:\/\/ajupe.com.uy\/web\/wp-json\/wp\/v2\/types\/product"}],"wp:featuredmedia":[{"embeddable":true,"href":"https:\/\/ajupe.com.uy\/web\/wp-json\/wp\/v2\/media\/2600"}],"wp:attachment":[{"href":"https:\/\/ajupe.com.uy\/web\/wp-json\/wp\/v2\/media?parent=2599"}],"wp:term":[{"taxonomy":"product_brand","embeddable":true,"href":"https:\/\/ajupe.com.uy\/web\/wp-json\/wp\/v2\/product_brand?post=2599"},{"taxonomy":"product_cat","embeddable":true,"href":"https:\/\/ajupe.com.uy\/web\/wp-json\/wp\/v2\/product_cat?post=2599"},{"taxonomy":"product_tag","embeddable":true,"href":"https:\/\/ajupe.com.uy\/web\/wp-json\/wp\/v2\/product_tag?post=2599"}],"curies":[{"name":"wp","href":"https:\/\/api.w.org\/{rel}","templated":true}]}}