{"id":2601,"date":"2010-07-14T00:00:00","date_gmt":"2010-07-14T03:00:00","guid":{"rendered":"http:\/\/ajupe.com.uy\/web\/?post_type=product&#038;p=2601"},"modified":"2011-09-17T00:13:20","modified_gmt":"2011-09-17T03:13:20","slug":"sangre-y-barro","status":"publish","type":"product","link":"https:\/\/ajupe.com.uy\/web\/biblioteca\/sangre-y-barro\/","title":{"rendered":"Sangre y Barro"},"content":{"rendered":"<p>La historia del Uruguay es la historia de la supervivencia. Los n\u00fameros son fr\u00edos y elocuentes pues la muerte no conoce las matem\u00e1ticas. De 1832 a 1910 estallaron en Uruguay 71 levantamientos, motines, golpes y asonadas\u2026 De los primeros 27 presidentes de este pa\u00eds: dos fueron asesinados, uno fue herido de entidad, doce debieron lidiar con una o m\u00e1s revoluciones en su contra, nueve fueron lisa y llanamente desalojados del poder y tan solo tres, concluyeron sus mandatos en tiempo de paz. La historia del Uruguay del siglo XX, tal vez no sea la historia de los partidos, sino por el contrario, la historia de c\u00f3mo el Uruguay sobrevivi\u00f3 a esos partidos, a las mec\u00e1nicas que llevaron a esta poblaci\u00f3n a luchar hasta el hartazgo. Nacen pues, en aquellos tiempos b\u00e1rbaros, las v\u00edctimas y victimarios de la historia. Este libro es un paseo por aquella barbarie, por aquellos tiempos de hecatombes y matanzas, de venganzas y fusilamientos, de desollamientos y degollamientos\u2026 por aquellas cr\u00f3nicas rojas de otros tiempos. Pues as\u00ed se forj\u00f3 el Uruguay, entre sangre y barro.<\/p>\n","protected":false},"excerpt":{"rendered":"<p>La historia del Uruguay es la historia de la supervivencia. Los n\u00fameros son fr\u00edos y elocuentes pues la muerte no conoce las matem\u00e1ticas. De 1832 a 1910 estallaron en Uruguay 71 levantamientos, motines, golpes y asonadas\u2026 De los primeros 27 presidentes de<\/p>\n","protected":false},"featured_media":2602,"template":"","meta":[],"product_brand":[1031],"product_cat":[31],"product_tag":[],"class_list":{"0":"post-2601","1":"product","2":"type-product","3":"status-publish","4":"has-post-thumbnail","6":"product_brand-leonardo-borges","7":"product_cat-historico","9":"first","10":"instock","11":"purchasable","12":"product-type-simple"},"featured_image_urls_v2":{"full":["https:\/\/ajupe.com.uy\/web\/wp-content\/uploads\/2016\/04\/p-2601-7912.jpg",249,392,false],"thumbnail":["https:\/\/ajupe.com.uy\/web\/wp-content\/uploads\/2016\/04\/p-2601-7912.jpg",150,150,true],"medium":["https:\/\/ajupe.com.uy\/web\/wp-content\/uploads\/2016\/04\/p-2601-7912.jpg",300,214,true],"medium_large":["https:\/\/ajupe.com.uy\/web\/wp-content\/uploads\/2016\/04\/p-2601-7912.jpg",249,392,false],"large":["https:\/\/ajupe.com.uy\/web\/wp-content\/uploads\/2016\/04\/p-2601-7912.jpg",249,392,false],"1536x1536":["https:\/\/ajupe.com.uy\/web\/wp-content\/uploads\/2016\/04\/p-2601-7912.jpg",249,392,false],"2048x2048":["https:\/\/ajupe.com.uy\/web\/wp-content\/uploads\/2016\/04\/p-2601-7912.jpg",249,392,false],"woocommerce_archive_thumbnail":["https:\/\/ajupe.com.uy\/web\/wp-content\/uploads\/2016\/04\/p-2601-7912-249x300.jpg",249,300,true],"woocommerce_thumbnail":["https:\/\/ajupe.com.uy\/web\/wp-content\/uploads\/2016\/04\/p-2601-7912-249x300.jpg",249,300,true],"woocommerce_single":["https:\/\/ajupe.com.uy\/web\/wp-content\/uploads\/2016\/04\/p-2601-7912.jpg",249,392,false],"woocommerce_gallery_thumbnail":["https:\/\/ajupe.com.uy\/web\/wp-content\/uploads\/2016\/04\/p-2601-7912-100x100.jpg",100,100,true]},"post_excerpt_stackable_v2":"<p>La historia del Uruguay es la historia de la supervivencia. Los n\u00fameros son fr\u00edos y elocuentes pues la muerte no conoce las matem\u00e1ticas. De 1832 a 1910 estallaron en Uruguay 71 levantamientos, motines, golpes y asonadas\u2026 De los primeros 27 presidentes de<\/p>\n","category_list_v2":"","author_info_v2":{"name":"","url":""},"comments_num_v2":"0 comentarios","_links":{"self":[{"href":"https:\/\/ajupe.com.uy\/web\/wp-json\/wp\/v2\/product\/2601","targetHints":{"allow":["GET"]}}],"collection":[{"href":"https:\/\/ajupe.com.uy\/web\/wp-json\/wp\/v2\/product"}],"about":[{"href":"https:\/\/ajupe.com.uy\/web\/wp-json\/wp\/v2\/types\/product"}],"wp:featuredmedia":[{"embeddable":true,"href":"https:\/\/ajupe.com.uy\/web\/wp-json\/wp\/v2\/media\/2602"}],"wp:attachment":[{"href":"https:\/\/ajupe.com.uy\/web\/wp-json\/wp\/v2\/media?parent=2601"}],"wp:term":[{"taxonomy":"product_brand","embeddable":true,"href":"https:\/\/ajupe.com.uy\/web\/wp-json\/wp\/v2\/product_brand?post=2601"},{"taxonomy":"product_cat","embeddable":true,"href":"https:\/\/ajupe.com.uy\/web\/wp-json\/wp\/v2\/product_cat?post=2601"},{"taxonomy":"product_tag","embeddable":true,"href":"https:\/\/ajupe.com.uy\/web\/wp-json\/wp\/v2\/product_tag?post=2601"}],"curies":[{"name":"wp","href":"https:\/\/api.w.org\/{rel}","templated":true}]}}