{"id":2611,"date":"2010-07-14T00:00:00","date_gmt":"2010-07-14T03:00:00","guid":{"rendered":"http:\/\/ajupe.com.uy\/web\/?post_type=product&#038;p=2611"},"modified":"2011-09-07T14:04:32","modified_gmt":"2011-09-07T17:04:32","slug":"la-guerra-de-hart","status":"publish","type":"product","link":"https:\/\/ajupe.com.uy\/web\/biblioteca\/la-guerra-de-hart\/","title":{"rendered":"La Guerra De Hart"},"content":{"rendered":"<p>En la La Guerra de Hart, John Katzenbach a\u00fana h\u00e1bilmente las directrices de una epopeya b\u00e9lica y las de una novela de corte legal para recrear con gran verismo la vida en un campo de prisioneros en la Alemania nazi. La novela cuenta c\u00f3mo William McNamara, un laureado coronel, es apresado por los alemanes y recluido en un campo de prisioneros durante la Segunda Guerra Mundial. McNamara consigue mantener viva la moral de su tropa, pese a ser permanentemente vigilado, y espera, adem\u00e1s, una oportunidad para atacar al enemigo. Precisamente, un asesinato le dar\u00e1 la ocasi\u00f3n de poner en marcha su arriesgado plan, con la ayuda del joven teniente Tommy Hart.<\/p>\n","protected":false},"excerpt":{"rendered":"<p>En la La Guerra de Hart, John Katzenbach a\u00fana h\u00e1bilmente las directrices de una epopeya b\u00e9lica y las de una novela de corte legal para recrear con gran verismo la vida en un campo de prisioneros en la Alemania nazi. La novela cuenta c\u00f3mo William McNamara,<\/p>\n","protected":false},"featured_media":2612,"template":"","meta":[],"product_brand":[445],"product_cat":[40],"product_tag":[],"class_list":{"0":"post-2611","1":"product","2":"type-product","3":"status-publish","4":"has-post-thumbnail","6":"product_brand-john-katzenbach","7":"product_cat-policial","9":"first","10":"instock","11":"purchasable","12":"product-type-simple"},"featured_image_urls_v2":{"full":["https:\/\/ajupe.com.uy\/web\/wp-content\/uploads\/2016\/04\/p-2611-7917.jpg",283,451,false],"thumbnail":["https:\/\/ajupe.com.uy\/web\/wp-content\/uploads\/2016\/04\/p-2611-7917.jpg",94,150,false],"medium":["https:\/\/ajupe.com.uy\/web\/wp-content\/uploads\/2016\/04\/p-2611-7917.jpg",188,300,false],"medium_large":["https:\/\/ajupe.com.uy\/web\/wp-content\/uploads\/2016\/04\/p-2611-7917.jpg",283,451,false],"large":["https:\/\/ajupe.com.uy\/web\/wp-content\/uploads\/2016\/04\/p-2611-7917.jpg",283,451,false],"1536x1536":["https:\/\/ajupe.com.uy\/web\/wp-content\/uploads\/2016\/04\/p-2611-7917.jpg",283,451,false],"2048x2048":["https:\/\/ajupe.com.uy\/web\/wp-content\/uploads\/2016\/04\/p-2611-7917.jpg",283,451,false],"woocommerce_archive_thumbnail":["https:\/\/ajupe.com.uy\/web\/wp-content\/uploads\/2016\/04\/p-2611-7917.jpg",282,450,false],"woocommerce_thumbnail":["https:\/\/ajupe.com.uy\/web\/wp-content\/uploads\/2016\/04\/p-2611-7917.jpg",188,300,false],"woocommerce_single":["https:\/\/ajupe.com.uy\/web\/wp-content\/uploads\/2016\/04\/p-2611-7917.jpg",283,451,false],"woocommerce_gallery_thumbnail":["https:\/\/ajupe.com.uy\/web\/wp-content\/uploads\/2016\/04\/p-2611-7917-100x100.jpg",100,100,true]},"post_excerpt_stackable_v2":"<p>En la La Guerra de Hart, John Katzenbach a\u00fana h\u00e1bilmente las directrices de una epopeya b\u00e9lica y las de una novela de corte legal para recrear con gran verismo la vida en un campo de prisioneros en la Alemania nazi. La novela cuenta c\u00f3mo William McNamara,<\/p>\n","category_list_v2":"","author_info_v2":{"name":"","url":""},"comments_num_v2":"0 comentarios","_links":{"self":[{"href":"https:\/\/ajupe.com.uy\/web\/wp-json\/wp\/v2\/product\/2611","targetHints":{"allow":["GET"]}}],"collection":[{"href":"https:\/\/ajupe.com.uy\/web\/wp-json\/wp\/v2\/product"}],"about":[{"href":"https:\/\/ajupe.com.uy\/web\/wp-json\/wp\/v2\/types\/product"}],"wp:featuredmedia":[{"embeddable":true,"href":"https:\/\/ajupe.com.uy\/web\/wp-json\/wp\/v2\/media\/2612"}],"wp:attachment":[{"href":"https:\/\/ajupe.com.uy\/web\/wp-json\/wp\/v2\/media?parent=2611"}],"wp:term":[{"taxonomy":"product_brand","embeddable":true,"href":"https:\/\/ajupe.com.uy\/web\/wp-json\/wp\/v2\/product_brand?post=2611"},{"taxonomy":"product_cat","embeddable":true,"href":"https:\/\/ajupe.com.uy\/web\/wp-json\/wp\/v2\/product_cat?post=2611"},{"taxonomy":"product_tag","embeddable":true,"href":"https:\/\/ajupe.com.uy\/web\/wp-json\/wp\/v2\/product_tag?post=2611"}],"curies":[{"name":"wp","href":"https:\/\/api.w.org\/{rel}","templated":true}]}}