{"id":2619,"date":"2010-07-14T00:00:00","date_gmt":"2010-07-14T03:00:00","guid":{"rendered":"http:\/\/ajupe.com.uy\/web\/?post_type=product&#038;p=2619"},"modified":"2011-09-06T18:44:14","modified_gmt":"2011-09-06T21:44:14","slug":"volver-a-amar-2","status":"publish","type":"product","link":"https:\/\/ajupe.com.uy\/web\/biblioteca\/volver-a-amar-2\/","title":{"rendered":"Volver A Amar"},"content":{"rendered":"<p>Isabella lo ten\u00eda todo, un porte principesco, una gran belleza, dinero y elegancia. Pero hab\u00eda algo m\u00e1s\u2026, algo apenas perceptible: dolor, tristeza y soledad. Y Corbett lo descubri\u00f3 en su mirada\u2026<\/p>\n","protected":false},"excerpt":{"rendered":"<p>Isabella lo ten\u00eda todo, un porte principesco, una gran belleza, dinero y elegancia. Pero hab\u00eda algo m\u00e1s\u2026, algo apenas perceptible: dolor, tristeza y soledad. Y Corbett lo descubri\u00f3 en su mirada\u2026<\/p>\n","protected":false},"featured_media":2620,"template":"","meta":[],"product_brand":[193],"product_cat":[38],"product_tag":[],"class_list":{"0":"post-2619","1":"product","2":"type-product","3":"status-publish","4":"has-post-thumbnail","6":"product_brand-danielle-steel","7":"product_cat-amor","9":"first","10":"instock","11":"purchasable","12":"product-type-simple"},"featured_image_urls_v2":{"full":["https:\/\/ajupe.com.uy\/web\/wp-content\/uploads\/2016\/04\/p-2619-7921.jpg",346,555,false],"thumbnail":["https:\/\/ajupe.com.uy\/web\/wp-content\/uploads\/2016\/04\/p-2619-7921.jpg",150,150,true],"medium":["https:\/\/ajupe.com.uy\/web\/wp-content\/uploads\/2016\/04\/p-2619-7921.jpg",300,214,true],"medium_large":["https:\/\/ajupe.com.uy\/web\/wp-content\/uploads\/2016\/04\/p-2619-7921.jpg",346,555,false],"large":["https:\/\/ajupe.com.uy\/web\/wp-content\/uploads\/2016\/04\/p-2619-7921.jpg",346,555,false],"1536x1536":["https:\/\/ajupe.com.uy\/web\/wp-content\/uploads\/2016\/04\/p-2619-7921.jpg",346,555,false],"2048x2048":["https:\/\/ajupe.com.uy\/web\/wp-content\/uploads\/2016\/04\/p-2619-7921.jpg",346,555,false],"woocommerce_archive_thumbnail":["https:\/\/ajupe.com.uy\/web\/wp-content\/uploads\/2016\/04\/p-2619-7921-300x450.jpg",300,450,true],"woocommerce_thumbnail":["https:\/\/ajupe.com.uy\/web\/wp-content\/uploads\/2016\/04\/p-2619-7921-300x300.jpg",300,300,true],"woocommerce_single":["https:\/\/ajupe.com.uy\/web\/wp-content\/uploads\/2016\/04\/p-2619-7921-300x481.jpg",300,481,true],"woocommerce_gallery_thumbnail":["https:\/\/ajupe.com.uy\/web\/wp-content\/uploads\/2016\/04\/p-2619-7921-100x100.jpg",100,100,true]},"post_excerpt_stackable_v2":"<p>Isabella lo ten\u00eda todo, un porte principesco, una gran belleza, dinero y elegancia. Pero hab\u00eda algo m\u00e1s\u2026, algo apenas perceptible: dolor, tristeza y soledad. Y Corbett lo descubri\u00f3 en su mirada\u2026<\/p>\n","category_list_v2":"","author_info_v2":{"name":"","url":""},"comments_num_v2":"0 comentarios","_links":{"self":[{"href":"https:\/\/ajupe.com.uy\/web\/wp-json\/wp\/v2\/product\/2619","targetHints":{"allow":["GET"]}}],"collection":[{"href":"https:\/\/ajupe.com.uy\/web\/wp-json\/wp\/v2\/product"}],"about":[{"href":"https:\/\/ajupe.com.uy\/web\/wp-json\/wp\/v2\/types\/product"}],"wp:featuredmedia":[{"embeddable":true,"href":"https:\/\/ajupe.com.uy\/web\/wp-json\/wp\/v2\/media\/2620"}],"wp:attachment":[{"href":"https:\/\/ajupe.com.uy\/web\/wp-json\/wp\/v2\/media?parent=2619"}],"wp:term":[{"taxonomy":"product_brand","embeddable":true,"href":"https:\/\/ajupe.com.uy\/web\/wp-json\/wp\/v2\/product_brand?post=2619"},{"taxonomy":"product_cat","embeddable":true,"href":"https:\/\/ajupe.com.uy\/web\/wp-json\/wp\/v2\/product_cat?post=2619"},{"taxonomy":"product_tag","embeddable":true,"href":"https:\/\/ajupe.com.uy\/web\/wp-json\/wp\/v2\/product_tag?post=2619"}],"curies":[{"name":"wp","href":"https:\/\/api.w.org\/{rel}","templated":true}]}}