{"id":2621,"date":"2010-07-14T00:00:00","date_gmt":"2010-07-14T03:00:00","guid":{"rendered":"http:\/\/ajupe.com.uy\/web\/?post_type=product&#038;p=2621"},"modified":"2011-09-06T18:19:48","modified_gmt":"2011-09-06T21:19:48","slug":"amor-y-lagrimas","status":"publish","type":"product","link":"https:\/\/ajupe.com.uy\/web\/biblioteca\/amor-y-lagrimas\/","title":{"rendered":"Amor y L\u00e1grimas"},"content":{"rendered":"<p>Hace siete a\u00f1os que Kate Harper vive recluida en el campo con su hijito Tygue y su escritura. El \u00e9xito de su novela y su repentina notoriedad parecen paralizarla. Tiene que participar en la promoci\u00f3n del libro y de la pelicula basada en el mismo pero se niega a afrontar al mundo y se encierra en si misma. Kate tiene un secreto que no se atreve a compartir ni con su hijo ni con su amante. Casada con un c\u00e9lebre astro del deporte profesional, Kate era feliz. Pero la carrera deportiva de su marido, Tom, entra en declive y \u00e9l, convertido en un iracundo alcoholico y pendenciero, intenta suicidarse. No muere, pero queda convertido en un despojo humano y va a parar a una instituci\u00f3n para enfermos mentales. Kate, se refugia en el campo y ayudada por su amiga Felicia inicia una carrera como escritora y cr\u00eda a su hijo con todo el amor del mundo, pero sin decirle la verdad sobre el paradero de su padre. Se enamora, pero&#8230;..Tom vive y ella est\u00e1 casada con \u00e9l.<\/p>\n","protected":false},"excerpt":{"rendered":"<p>Hace siete a\u00f1os que Kate Harper vive recluida en el campo con su hijito Tygue y su escritura. El \u00e9xito de su novela y su repentina notoriedad parecen paralizarla. Tiene que participar en la promoci\u00f3n del libro y de la pelicula basada en el mismo pero se n<\/p>\n","protected":false},"featured_media":2622,"template":"","meta":[],"product_brand":[193],"product_cat":[38],"product_tag":[],"class_list":{"0":"post-2621","1":"product","2":"type-product","3":"status-publish","4":"has-post-thumbnail","6":"product_brand-danielle-steel","7":"product_cat-amor","9":"first","10":"instock","11":"purchasable","12":"product-type-simple"},"featured_image_urls_v2":{"full":["https:\/\/ajupe.com.uy\/web\/wp-content\/uploads\/2016\/04\/p-2621-7923.jpg",263,372,false],"thumbnail":["https:\/\/ajupe.com.uy\/web\/wp-content\/uploads\/2016\/04\/p-2621-7923.jpg",150,150,true],"medium":["https:\/\/ajupe.com.uy\/web\/wp-content\/uploads\/2016\/04\/p-2621-7923.jpg",300,214,true],"medium_large":["https:\/\/ajupe.com.uy\/web\/wp-content\/uploads\/2016\/04\/p-2621-7923.jpg",263,372,false],"large":["https:\/\/ajupe.com.uy\/web\/wp-content\/uploads\/2016\/04\/p-2621-7923.jpg",263,372,false],"1536x1536":["https:\/\/ajupe.com.uy\/web\/wp-content\/uploads\/2016\/04\/p-2621-7923.jpg",263,372,false],"2048x2048":["https:\/\/ajupe.com.uy\/web\/wp-content\/uploads\/2016\/04\/p-2621-7923.jpg",263,372,false],"woocommerce_archive_thumbnail":["https:\/\/ajupe.com.uy\/web\/wp-content\/uploads\/2016\/04\/p-2621-7923-263x300.jpg",263,300,true],"woocommerce_thumbnail":["https:\/\/ajupe.com.uy\/web\/wp-content\/uploads\/2016\/04\/p-2621-7923-263x300.jpg",263,300,true],"woocommerce_single":["https:\/\/ajupe.com.uy\/web\/wp-content\/uploads\/2016\/04\/p-2621-7923.jpg",263,372,false],"woocommerce_gallery_thumbnail":["https:\/\/ajupe.com.uy\/web\/wp-content\/uploads\/2016\/04\/p-2621-7923-100x100.jpg",100,100,true]},"post_excerpt_stackable_v2":"<p>Hace siete a\u00f1os que Kate Harper vive recluida en el campo con su hijito Tygue y su escritura. El \u00e9xito de su novela y su repentina notoriedad parecen paralizarla. Tiene que participar en la promoci\u00f3n del libro y de la pelicula basada en el mismo pero se n<\/p>\n","category_list_v2":"","author_info_v2":{"name":"","url":""},"comments_num_v2":"0 comentarios","_links":{"self":[{"href":"https:\/\/ajupe.com.uy\/web\/wp-json\/wp\/v2\/product\/2621","targetHints":{"allow":["GET"]}}],"collection":[{"href":"https:\/\/ajupe.com.uy\/web\/wp-json\/wp\/v2\/product"}],"about":[{"href":"https:\/\/ajupe.com.uy\/web\/wp-json\/wp\/v2\/types\/product"}],"wp:featuredmedia":[{"embeddable":true,"href":"https:\/\/ajupe.com.uy\/web\/wp-json\/wp\/v2\/media\/2622"}],"wp:attachment":[{"href":"https:\/\/ajupe.com.uy\/web\/wp-json\/wp\/v2\/media?parent=2621"}],"wp:term":[{"taxonomy":"product_brand","embeddable":true,"href":"https:\/\/ajupe.com.uy\/web\/wp-json\/wp\/v2\/product_brand?post=2621"},{"taxonomy":"product_cat","embeddable":true,"href":"https:\/\/ajupe.com.uy\/web\/wp-json\/wp\/v2\/product_cat?post=2621"},{"taxonomy":"product_tag","embeddable":true,"href":"https:\/\/ajupe.com.uy\/web\/wp-json\/wp\/v2\/product_tag?post=2621"}],"curies":[{"name":"wp","href":"https:\/\/api.w.org\/{rel}","templated":true}]}}