{"id":2629,"date":"2010-07-14T00:00:00","date_gmt":"2010-07-14T03:00:00","guid":{"rendered":"http:\/\/ajupe.com.uy\/web\/?post_type=product&#038;p=2629"},"modified":"2011-09-07T14:22:00","modified_gmt":"2011-09-07T17:22:00","slug":"la-senda-de-la-gloria","status":"publish","type":"product","link":"https:\/\/ajupe.com.uy\/web\/biblioteca\/la-senda-de-la-gloria\/","title":{"rendered":"La senda de la gloria"},"content":{"rendered":"<p>El gran escritor brit\u00e1nico Jeffrey Archer logra convertir la historia del m\u00edtico escalador George Mallory en una narraci\u00f3n trepidante con un desenlace digno de las mejores novelas de suspense. En su exhaustiva recreaci\u00f3n ficcionada, Archer se remonta a la infancia del alpinista, obsesionado ya por los desaf\u00edos extremos. Despu\u00e9s vendr\u00e1n sus proezas de juventud, como la ascensi\u00f3n a la bas\u00edlica de San Marcos como prueba de su amor por Ruth Turner, o su intento de escalar la Torre Eiffel. Pero donde el libro cobra mayor intensidad es en el malogrado ascenso del Everest, emocionante y rodeado de suspense, pues todav\u00eda hay numerosos interrogantes sin resolver para los que el autor propone algunas inquietantes respuestas.<\/p>\n","protected":false},"excerpt":{"rendered":"<p>El gran escritor brit\u00e1nico Jeffrey Archer logra convertir la historia del m\u00edtico escalador George Mallory en una narraci\u00f3n trepidante con un desenlace digno de las mejores novelas de suspense. En su exhaustiva recreaci\u00f3n ficcionada, Archer se remonta a la<\/p>\n","protected":false},"featured_media":2630,"template":"","meta":[],"product_brand":[275],"product_cat":[31],"product_tag":[],"class_list":{"0":"post-2629","1":"product","2":"type-product","3":"status-publish","4":"has-post-thumbnail","6":"product_brand-jeffrey-archer","7":"product_cat-historico","9":"first","10":"instock","11":"purchasable","12":"product-type-simple"},"featured_image_urls_v2":{"full":["https:\/\/ajupe.com.uy\/web\/wp-content\/uploads\/2016\/04\/p-2629-7929.jpg",271,416,false],"thumbnail":["https:\/\/ajupe.com.uy\/web\/wp-content\/uploads\/2016\/04\/p-2629-7929.jpg",150,150,true],"medium":["https:\/\/ajupe.com.uy\/web\/wp-content\/uploads\/2016\/04\/p-2629-7929.jpg",300,214,true],"medium_large":["https:\/\/ajupe.com.uy\/web\/wp-content\/uploads\/2016\/04\/p-2629-7929.jpg",271,416,false],"large":["https:\/\/ajupe.com.uy\/web\/wp-content\/uploads\/2016\/04\/p-2629-7929.jpg",271,416,false],"1536x1536":["https:\/\/ajupe.com.uy\/web\/wp-content\/uploads\/2016\/04\/p-2629-7929.jpg",271,416,false],"2048x2048":["https:\/\/ajupe.com.uy\/web\/wp-content\/uploads\/2016\/04\/p-2629-7929.jpg",271,416,false],"woocommerce_archive_thumbnail":["https:\/\/ajupe.com.uy\/web\/wp-content\/uploads\/2016\/04\/p-2629-7929-271x400.jpg",271,400,true],"woocommerce_thumbnail":["https:\/\/ajupe.com.uy\/web\/wp-content\/uploads\/2016\/04\/p-2629-7929-271x300.jpg",271,300,true],"woocommerce_single":["https:\/\/ajupe.com.uy\/web\/wp-content\/uploads\/2016\/04\/p-2629-7929.jpg",271,416,false],"woocommerce_gallery_thumbnail":["https:\/\/ajupe.com.uy\/web\/wp-content\/uploads\/2016\/04\/p-2629-7929-100x100.jpg",100,100,true]},"post_excerpt_stackable_v2":"<p>El gran escritor brit\u00e1nico Jeffrey Archer logra convertir la historia del m\u00edtico escalador George Mallory en una narraci\u00f3n trepidante con un desenlace digno de las mejores novelas de suspense. En su exhaustiva recreaci\u00f3n ficcionada, Archer se remonta a la<\/p>\n","category_list_v2":"","author_info_v2":{"name":"","url":""},"comments_num_v2":"0 comentarios","_links":{"self":[{"href":"https:\/\/ajupe.com.uy\/web\/wp-json\/wp\/v2\/product\/2629","targetHints":{"allow":["GET"]}}],"collection":[{"href":"https:\/\/ajupe.com.uy\/web\/wp-json\/wp\/v2\/product"}],"about":[{"href":"https:\/\/ajupe.com.uy\/web\/wp-json\/wp\/v2\/types\/product"}],"wp:featuredmedia":[{"embeddable":true,"href":"https:\/\/ajupe.com.uy\/web\/wp-json\/wp\/v2\/media\/2630"}],"wp:attachment":[{"href":"https:\/\/ajupe.com.uy\/web\/wp-json\/wp\/v2\/media?parent=2629"}],"wp:term":[{"taxonomy":"product_brand","embeddable":true,"href":"https:\/\/ajupe.com.uy\/web\/wp-json\/wp\/v2\/product_brand?post=2629"},{"taxonomy":"product_cat","embeddable":true,"href":"https:\/\/ajupe.com.uy\/web\/wp-json\/wp\/v2\/product_cat?post=2629"},{"taxonomy":"product_tag","embeddable":true,"href":"https:\/\/ajupe.com.uy\/web\/wp-json\/wp\/v2\/product_tag?post=2629"}],"curies":[{"name":"wp","href":"https:\/\/api.w.org\/{rel}","templated":true}]}}