{"id":2639,"date":"2010-07-14T00:00:00","date_gmt":"2010-07-14T03:00:00","guid":{"rendered":"http:\/\/ajupe.com.uy\/web\/?post_type=product&#038;p=2639"},"modified":"2010-07-14T00:00:00","modified_gmt":"2010-07-14T03:00:00","slug":"yo-no-vengo-a-decir-un-discurso","status":"publish","type":"product","link":"https:\/\/ajupe.com.uy\/web\/biblioteca\/yo-no-vengo-a-decir-un-discurso\/","title":{"rendered":"Yo no vengo a decir un discurso"},"content":{"rendered":"<p>\u00abSiempre he considerado los discursos como el m\u00e1s terror\u00edfico de los compromisos humanos.\u00bb Gabriel Garc\u00eda M\u00e1rquez Los textos que Gabriel Garc\u00eda M\u00e1rquez ha compilado en Yo no vengo a decir un discurso fueron escritos por el autor, justamente, con la intenci\u00f3n de ser le\u00eddos por \u00e9l mismo en p\u00fablico, frente a una audiencia, y recorren pr\u00e1cticamente toda su vida y su carrera literaria. Escribi\u00f3 el primero a los diecisiete a\u00f1os, para despedir a sus compa\u00f1eros del curso superior en Zipaquir\u00e1. El \u00faltimo es el que ley\u00f3 ante las Academias de la Lengua y los reyes de Espa\u00f1a al cumplir ochenta a\u00f1os. Estos discursos del gran escritor colombiano nos ayudan a comprender su vida m\u00e1s en profundidad a la vez que nos desvelan sus obsesiones fundamentales como escritor y ciudadano: su vocaci\u00f3n literaria, su inquietud ante el desastre ecol\u00f3gico que se avecina, la pasi\u00f3n por el periodismo, los problemas de su tierra colombiana, su pol\u00e9mica propuesta de simplificar la gram\u00e1tica, o el recuerdo emocionado de amigos escritores que ya no est\u00e1n.<\/p>\n","protected":false},"excerpt":{"rendered":"<p>\u00abSiempre he considerado los discursos como el m\u00e1s terror\u00edfico de los compromisos humanos.\u00bb Gabriel Garc\u00eda M\u00e1rquez Los textos que Gabriel Garc\u00eda M\u00e1rquez ha compilado en Yo no vengo a decir un discurso fueron escritos por el autor, justamente, con la intenc<\/p>\n","protected":false},"featured_media":2640,"template":"","meta":[],"product_brand":[168],"product_cat":[44],"product_tag":[],"class_list":{"0":"post-2639","1":"product","2":"type-product","3":"status-publish","4":"has-post-thumbnail","6":"product_brand-gabriel-garcia-marquez","7":"product_cat-biografico","9":"first","10":"instock","11":"purchasable","12":"product-type-simple"},"featured_image_urls_v2":{"full":["https:\/\/ajupe.com.uy\/web\/wp-content\/uploads\/2016\/04\/p-2639-7934.jpg",207,320,false],"thumbnail":["https:\/\/ajupe.com.uy\/web\/wp-content\/uploads\/2016\/04\/p-2639-7934.jpg",150,150,true],"medium":["https:\/\/ajupe.com.uy\/web\/wp-content\/uploads\/2016\/04\/p-2639-7934.jpg",300,214,true],"medium_large":["https:\/\/ajupe.com.uy\/web\/wp-content\/uploads\/2016\/04\/p-2639-7934.jpg",207,320,false],"large":["https:\/\/ajupe.com.uy\/web\/wp-content\/uploads\/2016\/04\/p-2639-7934.jpg",207,320,false],"1536x1536":["https:\/\/ajupe.com.uy\/web\/wp-content\/uploads\/2016\/04\/p-2639-7934.jpg",207,320,false],"2048x2048":["https:\/\/ajupe.com.uy\/web\/wp-content\/uploads\/2016\/04\/p-2639-7934.jpg",207,320,false],"woocommerce_archive_thumbnail":["https:\/\/ajupe.com.uy\/web\/wp-content\/uploads\/2016\/04\/p-2639-7934-207x300.jpg",207,300,true],"woocommerce_thumbnail":["https:\/\/ajupe.com.uy\/web\/wp-content\/uploads\/2016\/04\/p-2639-7934-207x300.jpg",207,300,true],"woocommerce_single":["https:\/\/ajupe.com.uy\/web\/wp-content\/uploads\/2016\/04\/p-2639-7934.jpg",207,320,false],"woocommerce_gallery_thumbnail":["https:\/\/ajupe.com.uy\/web\/wp-content\/uploads\/2016\/04\/p-2639-7934-100x100.jpg",100,100,true]},"post_excerpt_stackable_v2":"<p>\u00abSiempre he considerado los discursos como el m\u00e1s terror\u00edfico de los compromisos humanos.\u00bb Gabriel Garc\u00eda M\u00e1rquez Los textos que Gabriel Garc\u00eda M\u00e1rquez ha compilado en Yo no vengo a decir un discurso fueron escritos por el autor, justamente, con la intenc<\/p>\n","category_list_v2":"","author_info_v2":{"name":"","url":""},"comments_num_v2":"0 comentarios","_links":{"self":[{"href":"https:\/\/ajupe.com.uy\/web\/wp-json\/wp\/v2\/product\/2639","targetHints":{"allow":["GET"]}}],"collection":[{"href":"https:\/\/ajupe.com.uy\/web\/wp-json\/wp\/v2\/product"}],"about":[{"href":"https:\/\/ajupe.com.uy\/web\/wp-json\/wp\/v2\/types\/product"}],"wp:featuredmedia":[{"embeddable":true,"href":"https:\/\/ajupe.com.uy\/web\/wp-json\/wp\/v2\/media\/2640"}],"wp:attachment":[{"href":"https:\/\/ajupe.com.uy\/web\/wp-json\/wp\/v2\/media?parent=2639"}],"wp:term":[{"taxonomy":"product_brand","embeddable":true,"href":"https:\/\/ajupe.com.uy\/web\/wp-json\/wp\/v2\/product_brand?post=2639"},{"taxonomy":"product_cat","embeddable":true,"href":"https:\/\/ajupe.com.uy\/web\/wp-json\/wp\/v2\/product_cat?post=2639"},{"taxonomy":"product_tag","embeddable":true,"href":"https:\/\/ajupe.com.uy\/web\/wp-json\/wp\/v2\/product_tag?post=2639"}],"curies":[{"name":"wp","href":"https:\/\/api.w.org\/{rel}","templated":true}]}}